{"id":994,"date":"2024-07-12T13:02:36","date_gmt":"2024-07-12T11:02:36","guid":{"rendered":"http:\/\/www.shaa.io\/?page_id=994"},"modified":"2025-01-30T09:55:11","modified_gmt":"2025-01-30T08:55:11","slug":"observatoire-du-ciel","status":"publish","type":"page","link":"https:\/\/www.shaa.io\/index.php\/observatoire-du-ciel\/","title":{"rendered":"Observatoire du ciel"},"content":{"rendered":"\n<h2 class=\"wp-block-heading alignwide has-large-font-size\">Frayssinhes (Lot)<\/h2>\n\n\n\n<div class=\"wp-block-columns alignwide is-layout-flex wp-container-core-columns-is-layout-9d6595d7 wp-block-columns-is-layout-flex\">\n<div class=\"wp-block-column is-layout-flow wp-block-column-is-layout-flow\">\n<p class=\"has-extra-small-font-size\">Dans son article \u00ab&nbsp;Reb\u00e2tir les colonnes du monde&nbsp;\u00bb, Fr\u00e9d\u00e9rique A\u00eft-Touati (<em>Globes. Architecture&nbsp;et sciences explorent le monde<\/em>, dir. Yann Rocher, Ed. Cit\u00e9 de l&rsquo;Architecture&nbsp;&amp; du Patrimoine, Norma, 2017) retrace&nbsp;l\u2019histoire longue des relations entre astronomie et architecture.<\/p>\n\n\n\n<p class=\"has-extra-small-font-size\">D\u2019une part, l\u2019architecture donne cr\u00e9dit physique et mat\u00e9riel (et donc g\u00e9om\u00e9trie et ing\u00e9nierie) \u00e0 une science, l\u2019astronomie, qui appartenait encore jusqu\u2019au XVII\u00b0 si\u00e8cle plut\u00f4t \u00e0 la th\u00e9ologie. A cette p\u00e9riode, sont construit des observatoires dot\u00e9s d\u2019instruments astronomiques pr\u00e9cis, voire de dispositif architectural qui permette de mesurer le ciel. L\u2019Architecture cosmique cr\u00e9dite des hypoth\u00e8ses scientifiques. En retour, les plans sont con\u00e7us comme des microcosmes de la vo\u00fbte c\u00e9leste, et l\u2019expression architecturale devient organisation cosmique et politique du monde. <\/p>\n\n\n\n<p class=\"has-extra-small-font-size\">Ce projet, dans un environnement naturel et peu habit\u00e9, enclenche une r\u00e9flexion sur les observatoires d\u2019aujourd\u2019hui&nbsp;: les scientifiques se sont dot\u00e9s de double lunette, l\u2019une qui explore les myst\u00e8res du ciel, et une autre qui s\u2019est redirig\u00e9e vers le sol. Comment suivre ce mouvement avec des dispositifs architecturaux qui mettent au centre du cosmos non pas que les \u00e9toiles lointaines mais aussi la profondeur des sols terrestres, l\u2019\u00e9paisseur du vivant&nbsp;?&nbsp;<\/p>\n<\/div>\n<\/div>\n\n\n\n<figure class=\"wp-block-gallery alignwide has-nested-images columns-default is-cropped wp-block-gallery-1 is-layout-flex wp-block-gallery-is-layout-flex\">\n<figure data-wp-context=\"{&quot;imageId&quot;:&quot;69e45b76d2726&quot;}\" data-wp-interactive=\"core\/image\" data-wp-key=\"69e45b76d2726\" class=\"wp-block-image size-full wp-lightbox-container\"><img loading=\"lazy\" decoding=\"async\" width=\"2064\" height=\"2560\" data-wp-class--hide=\"state.isContentHidden\" data-wp-class--show=\"state.isContentVisible\" data-wp-init=\"callbacks.setButtonStyles\" data-wp-on--click=\"actions.showLightbox\" data-wp-on--load=\"callbacks.setButtonStyles\" data-wp-on-window--resize=\"callbacks.setButtonStyles\" data-id=\"1121\" src=\"https:\/\/www.shaa.io\/wp-content\/uploads\/2025\/01\/Pers_exterieur_nuit-copie-scaled.jpg\" alt=\"\" class=\"wp-image-1121\" srcset=\"https:\/\/www.shaa.io\/wp-content\/uploads\/2025\/01\/Pers_exterieur_nuit-copie-scaled.jpg 2064w, https:\/\/www.shaa.io\/wp-content\/uploads\/2025\/01\/Pers_exterieur_nuit-copie-242x300.jpg 242w, https:\/\/www.shaa.io\/wp-content\/uploads\/2025\/01\/Pers_exterieur_nuit-copie-826x1024.jpg 826w, https:\/\/www.shaa.io\/wp-content\/uploads\/2025\/01\/Pers_exterieur_nuit-copie-768x952.jpg 768w, https:\/\/www.shaa.io\/wp-content\/uploads\/2025\/01\/Pers_exterieur_nuit-copie-1239x1536.jpg 1239w, https:\/\/www.shaa.io\/wp-content\/uploads\/2025\/01\/Pers_exterieur_nuit-copie-1652x2048.jpg 1652w, https:\/\/www.shaa.io\/wp-content\/uploads\/2025\/01\/Pers_exterieur_nuit-copie-1568x1944.jpg 1568w\" sizes=\"auto, (max-width: 2064px) 100vw, 2064px\" \/><button\n\t\t\tclass=\"lightbox-trigger\"\n\t\t\ttype=\"button\"\n\t\t\taria-haspopup=\"dialog\"\n\t\t\taria-label=\"Agrandir\"\n\t\t\tdata-wp-init=\"callbacks.initTriggerButton\"\n\t\t\tdata-wp-on--click=\"actions.showLightbox\"\n\t\t\tdata-wp-style--right=\"state.imageButtonRight\"\n\t\t\tdata-wp-style--top=\"state.imageButtonTop\"\n\t\t>\n\t\t\t<svg xmlns=\"http:\/\/www.w3.org\/2000\/svg\" width=\"12\" height=\"12\" fill=\"none\" viewBox=\"0 0 12 12\">\n\t\t\t\t<path fill=\"#fff\" d=\"M2 0a2 2 0 0 0-2 2v2h1.5V2a.5.5 0 0 1 .5-.5h2V0H2Zm2 10.5H2a.5.5 0 0 1-.5-.5V8H0v2a2 2 0 0 0 2 2h2v-1.5ZM8 12v-1.5h2a.5.5 0 0 0 .5-.5V8H12v2a2 2 0 0 1-2 2H8Zm2-12a2 2 0 0 1 2 2v2h-1.5V2a.5.5 0 0 0-.5-.5H8V0h2Z\" \/>\n\t\t\t<\/svg>\n\t\t<\/button><\/figure>\n\n\n\n<figure class=\"wp-block-image size-full\"><img loading=\"lazy\" decoding=\"async\" width=\"2064\" height=\"2560\" data-id=\"1120\" src=\"https:\/\/www.shaa.io\/wp-content\/uploads\/2025\/01\/Pers_exterieur-nobody_effet-copie-scaled.jpg\" alt=\"\" class=\"wp-image-1120\" srcset=\"https:\/\/www.shaa.io\/wp-content\/uploads\/2025\/01\/Pers_exterieur-nobody_effet-copie-scaled.jpg 2064w, https:\/\/www.shaa.io\/wp-content\/uploads\/2025\/01\/Pers_exterieur-nobody_effet-copie-242x300.jpg 242w, https:\/\/www.shaa.io\/wp-content\/uploads\/2025\/01\/Pers_exterieur-nobody_effet-copie-826x1024.jpg 826w, https:\/\/www.shaa.io\/wp-content\/uploads\/2025\/01\/Pers_exterieur-nobody_effet-copie-768x952.jpg 768w, https:\/\/www.shaa.io\/wp-content\/uploads\/2025\/01\/Pers_exterieur-nobody_effet-copie-1239x1536.jpg 1239w, https:\/\/www.shaa.io\/wp-content\/uploads\/2025\/01\/Pers_exterieur-nobody_effet-copie-1652x2048.jpg 1652w, https:\/\/www.shaa.io\/wp-content\/uploads\/2025\/01\/Pers_exterieur-nobody_effet-copie-1568x1944.jpg 1568w\" sizes=\"auto, (max-width: 2064px) 100vw, 2064px\" \/><\/figure>\n<\/figure>\n\n\n\n<div class=\"wp-block-columns alignwide is-layout-flex wp-container-core-columns-is-layout-9d6595d7 wp-block-columns-is-layout-flex\">\n<div class=\"wp-block-column is-layout-flow wp-block-column-is-layout-flow\" style=\"flex-basis:100%\">\n<div class=\"wp-block-group\"><div class=\"wp-block-group__inner-container is-layout-constrained wp-block-group-is-layout-constrained\">\n<div class=\"wp-block-columns alignwide is-layout-flex wp-container-core-columns-is-layout-9d6595d7 wp-block-columns-is-layout-flex\">\n<div class=\"wp-block-column is-layout-flow wp-block-column-is-layout-flow\" style=\"flex-basis:100%\">\n<figure class=\"wp-block-gallery alignfull has-nested-images columns-default is-cropped wp-block-gallery-2 is-layout-flex wp-block-gallery-is-layout-flex\">\n<figure class=\"wp-block-image size-large\"><img loading=\"lazy\" decoding=\"async\" width=\"1024\" height=\"994\" data-id=\"1125\" src=\"https:\/\/www.shaa.io\/wp-content\/uploads\/2025\/01\/tumblr_ozuv9eCcEc1tn7avwo1_1280-1024x994.jpg\" alt=\"\" class=\"wp-image-1125\" srcset=\"https:\/\/www.shaa.io\/wp-content\/uploads\/2025\/01\/tumblr_ozuv9eCcEc1tn7avwo1_1280-1024x994.jpg 1024w, https:\/\/www.shaa.io\/wp-content\/uploads\/2025\/01\/tumblr_ozuv9eCcEc1tn7avwo1_1280-300x291.jpg 300w, https:\/\/www.shaa.io\/wp-content\/uploads\/2025\/01\/tumblr_ozuv9eCcEc1tn7avwo1_1280-768x746.jpg 768w, https:\/\/www.shaa.io\/wp-content\/uploads\/2025\/01\/tumblr_ozuv9eCcEc1tn7avwo1_1280.jpg 1100w\" sizes=\"auto, (max-width: 1024px) 100vw, 1024px\" \/><\/figure>\n\n\n\n<figure data-wp-context=\"{&quot;imageId&quot;:&quot;69e45b76d2d74&quot;}\" data-wp-interactive=\"core\/image\" data-wp-key=\"69e45b76d2d74\" class=\"wp-block-image size-large wp-lightbox-container\"><img loading=\"lazy\" decoding=\"async\" width=\"1024\" height=\"1024\" data-wp-class--hide=\"state.isContentHidden\" data-wp-class--show=\"state.isContentVisible\" data-wp-init=\"callbacks.setButtonStyles\" data-wp-on--click=\"actions.showLightbox\" data-wp-on--load=\"callbacks.setButtonStyles\" data-wp-on-window--resize=\"callbacks.setButtonStyles\" data-id=\"1122\" src=\"https:\/\/www.shaa.io\/wp-content\/uploads\/2025\/01\/250-copie-1-1024x1024.jpg\" alt=\"\" class=\"wp-image-1122\" srcset=\"https:\/\/www.shaa.io\/wp-content\/uploads\/2025\/01\/250-copie-1-1024x1024.jpg 1024w, https:\/\/www.shaa.io\/wp-content\/uploads\/2025\/01\/250-copie-1-300x300.jpg 300w, https:\/\/www.shaa.io\/wp-content\/uploads\/2025\/01\/250-copie-1-150x150.jpg 150w, https:\/\/www.shaa.io\/wp-content\/uploads\/2025\/01\/250-copie-1-768x768.jpg 768w\" sizes=\"auto, (max-width: 1024px) 100vw, 1024px\" \/><button\n\t\t\tclass=\"lightbox-trigger\"\n\t\t\ttype=\"button\"\n\t\t\taria-haspopup=\"dialog\"\n\t\t\taria-label=\"Agrandir\"\n\t\t\tdata-wp-init=\"callbacks.initTriggerButton\"\n\t\t\tdata-wp-on--click=\"actions.showLightbox\"\n\t\t\tdata-wp-style--right=\"state.imageButtonRight\"\n\t\t\tdata-wp-style--top=\"state.imageButtonTop\"\n\t\t>\n\t\t\t<svg xmlns=\"http:\/\/www.w3.org\/2000\/svg\" width=\"12\" height=\"12\" fill=\"none\" viewBox=\"0 0 12 12\">\n\t\t\t\t<path fill=\"#fff\" d=\"M2 0a2 2 0 0 0-2 2v2h1.5V2a.5.5 0 0 1 .5-.5h2V0H2Zm2 10.5H2a.5.5 0 0 1-.5-.5V8H0v2a2 2 0 0 0 2 2h2v-1.5ZM8 12v-1.5h2a.5.5 0 0 0 .5-.5V8H12v2a2 2 0 0 1-2 2H8Zm2-12a2 2 0 0 1 2 2v2h-1.5V2a.5.5 0 0 0-.5-.5H8V0h2Z\" \/>\n\t\t\t<\/svg>\n\t\t<\/button><\/figure>\n\n\n\n<figure data-wp-context=\"{&quot;imageId&quot;:&quot;69e45b76d32ee&quot;}\" data-wp-interactive=\"core\/image\" data-wp-key=\"69e45b76d32ee\" class=\"wp-block-image size-large wp-lightbox-container\"><img loading=\"lazy\" decoding=\"async\" width=\"768\" height=\"1024\" data-wp-class--hide=\"state.isContentHidden\" data-wp-class--show=\"state.isContentVisible\" data-wp-init=\"callbacks.setButtonStyles\" data-wp-on--click=\"actions.showLightbox\" data-wp-on--load=\"callbacks.setButtonStyles\" data-wp-on-window--resize=\"callbacks.setButtonStyles\" data-id=\"1119\" src=\"https:\/\/www.shaa.io\/wp-content\/uploads\/2025\/01\/IMG_2704-768x1024.jpeg\" alt=\"\" class=\"wp-image-1119\" srcset=\"https:\/\/www.shaa.io\/wp-content\/uploads\/2025\/01\/IMG_2704-768x1024.jpeg 768w, https:\/\/www.shaa.io\/wp-content\/uploads\/2025\/01\/IMG_2704-225x300.jpeg 225w, https:\/\/www.shaa.io\/wp-content\/uploads\/2025\/01\/IMG_2704-1152x1536.jpeg 1152w, https:\/\/www.shaa.io\/wp-content\/uploads\/2025\/01\/IMG_2704-1536x2048.jpeg 1536w, https:\/\/www.shaa.io\/wp-content\/uploads\/2025\/01\/IMG_2704-1568x2091.jpeg 1568w, https:\/\/www.shaa.io\/wp-content\/uploads\/2025\/01\/IMG_2704-scaled.jpeg 1920w\" sizes=\"auto, (max-width: 768px) 100vw, 768px\" \/><button\n\t\t\tclass=\"lightbox-trigger\"\n\t\t\ttype=\"button\"\n\t\t\taria-haspopup=\"dialog\"\n\t\t\taria-label=\"Agrandir\"\n\t\t\tdata-wp-init=\"callbacks.initTriggerButton\"\n\t\t\tdata-wp-on--click=\"actions.showLightbox\"\n\t\t\tdata-wp-style--right=\"state.imageButtonRight\"\n\t\t\tdata-wp-style--top=\"state.imageButtonTop\"\n\t\t>\n\t\t\t<svg xmlns=\"http:\/\/www.w3.org\/2000\/svg\" width=\"12\" height=\"12\" fill=\"none\" viewBox=\"0 0 12 12\">\n\t\t\t\t<path fill=\"#fff\" d=\"M2 0a2 2 0 0 0-2 2v2h1.5V2a.5.5 0 0 1 .5-.5h2V0H2Zm2 10.5H2a.5.5 0 0 1-.5-.5V8H0v2a2 2 0 0 0 2 2h2v-1.5ZM8 12v-1.5h2a.5.5 0 0 0 .5-.5V8H12v2a2 2 0 0 1-2 2H8Zm2-12a2 2 0 0 1 2 2v2h-1.5V2a.5.5 0 0 0-.5-.5H8V0h2Z\" \/>\n\t\t\t<\/svg>\n\t\t<\/button><\/figure>\n\n\n\n<figure data-wp-context=\"{&quot;imageId&quot;:&quot;69e45b76d370c&quot;}\" data-wp-interactive=\"core\/image\" data-wp-key=\"69e45b76d370c\" class=\"wp-block-image size-large wp-lightbox-container\"><img decoding=\"async\" data-wp-class--hide=\"state.isContentHidden\" data-wp-class--show=\"state.isContentVisible\" data-wp-init=\"callbacks.setButtonStyles\" data-wp-on--click=\"actions.showLightbox\" data-wp-on--load=\"callbacks.setButtonStyles\" data-wp-on-window--resize=\"callbacks.setButtonStyles\" data-id=\"1118\" src=\"https:\/\/www.shaa.io\/wp-content\/uploads\/2025\/01\/COUPE-AA-copie.jpg\" alt=\"\" class=\"wp-image-1118\"\/><button\n\t\t\tclass=\"lightbox-trigger\"\n\t\t\ttype=\"button\"\n\t\t\taria-haspopup=\"dialog\"\n\t\t\taria-label=\"Agrandir\"\n\t\t\tdata-wp-init=\"callbacks.initTriggerButton\"\n\t\t\tdata-wp-on--click=\"actions.showLightbox\"\n\t\t\tdata-wp-style--right=\"state.imageButtonRight\"\n\t\t\tdata-wp-style--top=\"state.imageButtonTop\"\n\t\t>\n\t\t\t<svg xmlns=\"http:\/\/www.w3.org\/2000\/svg\" width=\"12\" height=\"12\" fill=\"none\" viewBox=\"0 0 12 12\">\n\t\t\t\t<path fill=\"#fff\" d=\"M2 0a2 2 0 0 0-2 2v2h1.5V2a.5.5 0 0 1 .5-.5h2V0H2Zm2 10.5H2a.5.5 0 0 1-.5-.5V8H0v2a2 2 0 0 0 2 2h2v-1.5ZM8 12v-1.5h2a.5.5 0 0 0 .5-.5V8H12v2a2 2 0 0 1-2 2H8Zm2-12a2 2 0 0 1 2 2v2h-1.5V2a.5.5 0 0 0-.5-.5H8V0h2Z\" \/>\n\t\t\t<\/svg>\n\t\t<\/button><\/figure>\n\n\n\n<figure data-wp-context=\"{&quot;imageId&quot;:&quot;69e45b76d3b07&quot;}\" data-wp-interactive=\"core\/image\" data-wp-key=\"69e45b76d3b07\" class=\"wp-block-image size-large wp-lightbox-container\"><img loading=\"lazy\" decoding=\"async\" width=\"1024\" height=\"640\" data-wp-class--hide=\"state.isContentHidden\" data-wp-class--show=\"state.isContentVisible\" data-wp-init=\"callbacks.setButtonStyles\" data-wp-on--click=\"actions.showLightbox\" data-wp-on--load=\"callbacks.setButtonStyles\" data-wp-on-window--resize=\"callbacks.setButtonStyles\" data-id=\"1116\" src=\"https:\/\/www.shaa.io\/wp-content\/uploads\/2025\/01\/01-07-Axonometrie-general-copie-1024x640.jpg\" alt=\"\" class=\"wp-image-1116\" srcset=\"https:\/\/www.shaa.io\/wp-content\/uploads\/2025\/01\/01-07-Axonometrie-general-copie-1024x640.jpg 1024w, https:\/\/www.shaa.io\/wp-content\/uploads\/2025\/01\/01-07-Axonometrie-general-copie-300x188.jpg 300w, https:\/\/www.shaa.io\/wp-content\/uploads\/2025\/01\/01-07-Axonometrie-general-copie-768x480.jpg 768w, https:\/\/www.shaa.io\/wp-content\/uploads\/2025\/01\/01-07-Axonometrie-general-copie-1536x961.jpg 1536w, https:\/\/www.shaa.io\/wp-content\/uploads\/2025\/01\/01-07-Axonometrie-general-copie-2048x1281.jpg 2048w, https:\/\/www.shaa.io\/wp-content\/uploads\/2025\/01\/01-07-Axonometrie-general-copie-1568x981.jpg 1568w\" sizes=\"auto, (max-width: 1024px) 100vw, 1024px\" \/><button\n\t\t\tclass=\"lightbox-trigger\"\n\t\t\ttype=\"button\"\n\t\t\taria-haspopup=\"dialog\"\n\t\t\taria-label=\"Agrandir\"\n\t\t\tdata-wp-init=\"callbacks.initTriggerButton\"\n\t\t\tdata-wp-on--click=\"actions.showLightbox\"\n\t\t\tdata-wp-style--right=\"state.imageButtonRight\"\n\t\t\tdata-wp-style--top=\"state.imageButtonTop\"\n\t\t>\n\t\t\t<svg xmlns=\"http:\/\/www.w3.org\/2000\/svg\" width=\"12\" height=\"12\" fill=\"none\" viewBox=\"0 0 12 12\">\n\t\t\t\t<path fill=\"#fff\" d=\"M2 0a2 2 0 0 0-2 2v2h1.5V2a.5.5 0 0 1 .5-.5h2V0H2Zm2 10.5H2a.5.5 0 0 1-.5-.5V8H0v2a2 2 0 0 0 2 2h2v-1.5ZM8 12v-1.5h2a.5.5 0 0 0 .5-.5V8H12v2a2 2 0 0 1-2 2H8Zm2-12a2 2 0 0 1 2 2v2h-1.5V2a.5.5 0 0 0-.5-.5H8V0h2Z\" \/>\n\t\t\t<\/svg>\n\t\t<\/button><\/figure>\n<\/figure>\n<\/div>\n<\/div>\n<\/div><\/div>\n<\/div>\n<\/div>\n\n\n<div class=\"wp-block-image\">\n<figure class=\"aligncenter size-full\"><img loading=\"lazy\" decoding=\"async\" width=\"2560\" height=\"2528\" src=\"https:\/\/www.shaa.io\/wp-content\/uploads\/2024\/07\/carte-etoiles-scaled.jpg\" alt=\"\" class=\"wp-image-1000\" srcset=\"https:\/\/www.shaa.io\/wp-content\/uploads\/2024\/07\/carte-etoiles-scaled.jpg 2560w, https:\/\/www.shaa.io\/wp-content\/uploads\/2024\/07\/carte-etoiles-300x296.jpg 300w, https:\/\/www.shaa.io\/wp-content\/uploads\/2024\/07\/carte-etoiles-1024x1011.jpg 1024w, https:\/\/www.shaa.io\/wp-content\/uploads\/2024\/07\/carte-etoiles-768x758.jpg 768w, https:\/\/www.shaa.io\/wp-content\/uploads\/2024\/07\/carte-etoiles-1536x1517.jpg 1536w, https:\/\/www.shaa.io\/wp-content\/uploads\/2024\/07\/carte-etoiles-2048x2022.jpg 2048w, https:\/\/www.shaa.io\/wp-content\/uploads\/2024\/07\/carte-etoiles-1568x1548.jpg 1568w\" sizes=\"auto, (max-width: 2560px) 100vw, 2560px\" \/><\/figure>\n<\/div>\n\n\n<figure class=\"wp-block-gallery alignwide has-nested-images columns-default is-cropped wp-block-gallery-3 is-layout-flex wp-block-gallery-is-layout-flex\">\n<figure data-wp-context=\"{&quot;imageId&quot;:&quot;69e45b76d41d7&quot;}\" data-wp-interactive=\"core\/image\" data-wp-key=\"69e45b76d41d7\" class=\"wp-block-image size-full wp-lightbox-container\"><img loading=\"lazy\" decoding=\"async\" width=\"2560\" height=\"1881\" data-wp-class--hide=\"state.isContentHidden\" data-wp-class--show=\"state.isContentVisible\" data-wp-init=\"callbacks.setButtonStyles\" data-wp-on--click=\"actions.showLightbox\" data-wp-on--load=\"callbacks.setButtonStyles\" data-wp-on-window--resize=\"callbacks.setButtonStyles\" data-id=\"1002\" src=\"https:\/\/www.shaa.io\/wp-content\/uploads\/2024\/07\/IMG_20240513_170118_edit_279605947820354-scaled.jpg\" alt=\"\" class=\"wp-image-1002\" srcset=\"https:\/\/www.shaa.io\/wp-content\/uploads\/2024\/07\/IMG_20240513_170118_edit_279605947820354-scaled.jpg 2560w, https:\/\/www.shaa.io\/wp-content\/uploads\/2024\/07\/IMG_20240513_170118_edit_279605947820354-300x220.jpg 300w, https:\/\/www.shaa.io\/wp-content\/uploads\/2024\/07\/IMG_20240513_170118_edit_279605947820354-1024x752.jpg 1024w, https:\/\/www.shaa.io\/wp-content\/uploads\/2024\/07\/IMG_20240513_170118_edit_279605947820354-768x564.jpg 768w, https:\/\/www.shaa.io\/wp-content\/uploads\/2024\/07\/IMG_20240513_170118_edit_279605947820354-1536x1128.jpg 1536w, https:\/\/www.shaa.io\/wp-content\/uploads\/2024\/07\/IMG_20240513_170118_edit_279605947820354-2048x1505.jpg 2048w, https:\/\/www.shaa.io\/wp-content\/uploads\/2024\/07\/IMG_20240513_170118_edit_279605947820354-1568x1152.jpg 1568w\" sizes=\"auto, (max-width: 2560px) 100vw, 2560px\" \/><button\n\t\t\tclass=\"lightbox-trigger\"\n\t\t\ttype=\"button\"\n\t\t\taria-haspopup=\"dialog\"\n\t\t\taria-label=\"Agrandir\"\n\t\t\tdata-wp-init=\"callbacks.initTriggerButton\"\n\t\t\tdata-wp-on--click=\"actions.showLightbox\"\n\t\t\tdata-wp-style--right=\"state.imageButtonRight\"\n\t\t\tdata-wp-style--top=\"state.imageButtonTop\"\n\t\t>\n\t\t\t<svg xmlns=\"http:\/\/www.w3.org\/2000\/svg\" width=\"12\" height=\"12\" fill=\"none\" viewBox=\"0 0 12 12\">\n\t\t\t\t<path fill=\"#fff\" d=\"M2 0a2 2 0 0 0-2 2v2h1.5V2a.5.5 0 0 1 .5-.5h2V0H2Zm2 10.5H2a.5.5 0 0 1-.5-.5V8H0v2a2 2 0 0 0 2 2h2v-1.5ZM8 12v-1.5h2a.5.5 0 0 0 .5-.5V8H12v2a2 2 0 0 1-2 2H8Zm2-12a2 2 0 0 1 2 2v2h-1.5V2a.5.5 0 0 0-.5-.5H8V0h2Z\" \/>\n\t\t\t<\/svg>\n\t\t<\/button><\/figure>\n\n\n\n<figure data-wp-context=\"{&quot;imageId&quot;:&quot;69e45b76d459f&quot;}\" data-wp-interactive=\"core\/image\" data-wp-key=\"69e45b76d459f\" class=\"wp-block-image size-large wp-lightbox-container\"><img loading=\"lazy\" decoding=\"async\" width=\"1024\" height=\"752\" data-wp-class--hide=\"state.isContentHidden\" data-wp-class--show=\"state.isContentVisible\" data-wp-init=\"callbacks.setButtonStyles\" data-wp-on--click=\"actions.showLightbox\" data-wp-on--load=\"callbacks.setButtonStyles\" data-wp-on-window--resize=\"callbacks.setButtonStyles\" data-id=\"1001\" src=\"https:\/\/www.shaa.io\/wp-content\/uploads\/2024\/07\/IMG_20240513_170054_edit_279648592956285-1024x752.jpg\" alt=\"\" class=\"wp-image-1001\" srcset=\"https:\/\/www.shaa.io\/wp-content\/uploads\/2024\/07\/IMG_20240513_170054_edit_279648592956285-1024x752.jpg 1024w, https:\/\/www.shaa.io\/wp-content\/uploads\/2024\/07\/IMG_20240513_170054_edit_279648592956285-300x220.jpg 300w, https:\/\/www.shaa.io\/wp-content\/uploads\/2024\/07\/IMG_20240513_170054_edit_279648592956285-768x564.jpg 768w, https:\/\/www.shaa.io\/wp-content\/uploads\/2024\/07\/IMG_20240513_170054_edit_279648592956285-1536x1128.jpg 1536w, https:\/\/www.shaa.io\/wp-content\/uploads\/2024\/07\/IMG_20240513_170054_edit_279648592956285-2048x1504.jpg 2048w, https:\/\/www.shaa.io\/wp-content\/uploads\/2024\/07\/IMG_20240513_170054_edit_279648592956285-1568x1151.jpg 1568w\" sizes=\"auto, (max-width: 1024px) 100vw, 1024px\" \/><button\n\t\t\tclass=\"lightbox-trigger\"\n\t\t\ttype=\"button\"\n\t\t\taria-haspopup=\"dialog\"\n\t\t\taria-label=\"Agrandir\"\n\t\t\tdata-wp-init=\"callbacks.initTriggerButton\"\n\t\t\tdata-wp-on--click=\"actions.showLightbox\"\n\t\t\tdata-wp-style--right=\"state.imageButtonRight\"\n\t\t\tdata-wp-style--top=\"state.imageButtonTop\"\n\t\t>\n\t\t\t<svg xmlns=\"http:\/\/www.w3.org\/2000\/svg\" width=\"12\" height=\"12\" fill=\"none\" viewBox=\"0 0 12 12\">\n\t\t\t\t<path fill=\"#fff\" d=\"M2 0a2 2 0 0 0-2 2v2h1.5V2a.5.5 0 0 1 .5-.5h2V0H2Zm2 10.5H2a.5.5 0 0 1-.5-.5V8H0v2a2 2 0 0 0 2 2h2v-1.5ZM8 12v-1.5h2a.5.5 0 0 0 .5-.5V8H12v2a2 2 0 0 1-2 2H8Zm2-12a2 2 0 0 1 2 2v2h-1.5V2a.5.5 0 0 0-.5-.5H8V0h2Z\" \/>\n\t\t\t<\/svg>\n\t\t<\/button><\/figure>\n\n\n\n<figure data-wp-context=\"{&quot;imageId&quot;:&quot;69e45b76d49b3&quot;}\" data-wp-interactive=\"core\/image\" data-wp-key=\"69e45b76d49b3\" class=\"wp-block-image size-large wp-lightbox-container\"><img loading=\"lazy\" decoding=\"async\" width=\"1024\" height=\"580\" data-wp-class--hide=\"state.isContentHidden\" data-wp-class--show=\"state.isContentVisible\" data-wp-init=\"callbacks.setButtonStyles\" data-wp-on--click=\"actions.showLightbox\" data-wp-on--load=\"callbacks.setButtonStyles\" data-wp-on-window--resize=\"callbacks.setButtonStyles\" data-id=\"999\" src=\"https:\/\/www.shaa.io\/wp-content\/uploads\/2024\/07\/Capture-decran-2024-06-17-a-22.59.24-1024x580.png\" alt=\"\" class=\"wp-image-999\" srcset=\"https:\/\/www.shaa.io\/wp-content\/uploads\/2024\/07\/Capture-decran-2024-06-17-a-22.59.24-1024x580.png 1024w, https:\/\/www.shaa.io\/wp-content\/uploads\/2024\/07\/Capture-decran-2024-06-17-a-22.59.24-300x170.png 300w, https:\/\/www.shaa.io\/wp-content\/uploads\/2024\/07\/Capture-decran-2024-06-17-a-22.59.24-768x435.png 768w, https:\/\/www.shaa.io\/wp-content\/uploads\/2024\/07\/Capture-decran-2024-06-17-a-22.59.24-1536x870.png 1536w, https:\/\/www.shaa.io\/wp-content\/uploads\/2024\/07\/Capture-decran-2024-06-17-a-22.59.24-2048x1160.png 2048w, https:\/\/www.shaa.io\/wp-content\/uploads\/2024\/07\/Capture-decran-2024-06-17-a-22.59.24-1568x888.png 1568w\" sizes=\"auto, (max-width: 1024px) 100vw, 1024px\" \/><button\n\t\t\tclass=\"lightbox-trigger\"\n\t\t\ttype=\"button\"\n\t\t\taria-haspopup=\"dialog\"\n\t\t\taria-label=\"Agrandir\"\n\t\t\tdata-wp-init=\"callbacks.initTriggerButton\"\n\t\t\tdata-wp-on--click=\"actions.showLightbox\"\n\t\t\tdata-wp-style--right=\"state.imageButtonRight\"\n\t\t\tdata-wp-style--top=\"state.imageButtonTop\"\n\t\t>\n\t\t\t<svg xmlns=\"http:\/\/www.w3.org\/2000\/svg\" width=\"12\" height=\"12\" fill=\"none\" viewBox=\"0 0 12 12\">\n\t\t\t\t<path fill=\"#fff\" d=\"M2 0a2 2 0 0 0-2 2v2h1.5V2a.5.5 0 0 1 .5-.5h2V0H2Zm2 10.5H2a.5.5 0 0 1-.5-.5V8H0v2a2 2 0 0 0 2 2h2v-1.5ZM8 12v-1.5h2a.5.5 0 0 0 .5-.5V8H12v2a2 2 0 0 1-2 2H8Zm2-12a2 2 0 0 1 2 2v2h-1.5V2a.5.5 0 0 0-.5-.5H8V0h2Z\" \/>\n\t\t\t<\/svg>\n\t\t<\/button><\/figure>\n<\/figure>\n","protected":false},"excerpt":{"rendered":"<p>Frayssinhes (Lot) Dans son article \u00ab&nbsp;Reb\u00e2tir les colonnes du monde&nbsp;\u00bb, Fr\u00e9d\u00e9rique A\u00eft-Touati (Globes. Architecture&nbsp;et sciences explorent le monde, dir. Yann Rocher, Ed. Cit\u00e9 de l&rsquo;Architecture&nbsp;&amp; du Patrimoine, Norma, 2017) retrace&nbsp;l\u2019histoire longue des relations entre astronomie et architecture. D\u2019une part, l\u2019architecture donne cr\u00e9dit physique et mat\u00e9riel (et donc g\u00e9om\u00e9trie et ing\u00e9nierie) \u00e0 une science, l\u2019astronomie, qui&hellip; <a class=\"more-link\" href=\"https:\/\/www.shaa.io\/index.php\/observatoire-du-ciel\/\">Poursuivre la lecture <span class=\"screen-reader-text\">Observatoire du ciel<\/span><\/a><\/p>\n","protected":false},"author":1,"featured_media":0,"parent":0,"menu_order":0,"comment_status":"closed","ping_status":"closed","template":"","meta":{"footnotes":""},"class_list":["post-994","page","type-page","status-publish","hentry","entry"],"_links":{"self":[{"href":"https:\/\/www.shaa.io\/index.php\/wp-json\/wp\/v2\/pages\/994","targetHints":{"allow":["GET"]}}],"collection":[{"href":"https:\/\/www.shaa.io\/index.php\/wp-json\/wp\/v2\/pages"}],"about":[{"href":"https:\/\/www.shaa.io\/index.php\/wp-json\/wp\/v2\/types\/page"}],"author":[{"embeddable":true,"href":"https:\/\/www.shaa.io\/index.php\/wp-json\/wp\/v2\/users\/1"}],"replies":[{"embeddable":true,"href":"https:\/\/www.shaa.io\/index.php\/wp-json\/wp\/v2\/comments?post=994"}],"version-history":[{"count":10,"href":"https:\/\/www.shaa.io\/index.php\/wp-json\/wp\/v2\/pages\/994\/revisions"}],"predecessor-version":[{"id":1411,"href":"https:\/\/www.shaa.io\/index.php\/wp-json\/wp\/v2\/pages\/994\/revisions\/1411"}],"wp:attachment":[{"href":"https:\/\/www.shaa.io\/index.php\/wp-json\/wp\/v2\/media?parent=994"}],"curies":[{"name":"wp","href":"https:\/\/api.w.org\/{rel}","templated":true}]}}