{"id":978,"date":"2024-07-12T12:48:11","date_gmt":"2024-07-12T10:48:11","guid":{"rendered":"http:\/\/www.shaa.io\/?page_id=978"},"modified":"2025-01-30T09:56:47","modified_gmt":"2025-01-30T08:56:47","slug":"zones-non-aedificandi","status":"publish","type":"page","link":"https:\/\/www.shaa.io\/index.php\/zones-non-aedificandi\/","title":{"rendered":"Zones non-aedificandi"},"content":{"rendered":"\n<h2 class=\"wp-block-heading alignwide has-large-font-size\">Nantes, B\u00eale champs de tir<\/h2>\n\n\n\n<div class=\"wp-block-columns alignwide is-layout-flex wp-container-core-columns-is-layout-9d6595d7 wp-block-columns-is-layout-flex\">\n<div class=\"wp-block-column is-layout-flow wp-block-column-is-layout-flow\">\n<p class=\"has-extra-small-font-size\">Ce projet d\u2019am\u00e9nagement urbain de la ZAC Erdre Porterie compose un triptyque avec Centre-bourg et Conardi\u00e8re. Ici, l\u2019enjeu est de maintenir l\u2019\u00e9cologie en place.<\/p>\n\n\n\n<p class=\"has-extra-small-font-size\">En effet, le site est actuellement une grande friche en instance de devenir une for\u00eat urbaine, avec des arbres dont certains en bonne sant\u00e9 et de grande envergure constituent d\u00e9j\u00e0 un patrimoine v\u00e9g\u00e9tal int\u00e9ressant \u00e0 conserver. Nous proposons ainsi un d\u00e9veloppement b\u00e2ti qui laisse la place aux arbres existants du site, en prenant en compte un p\u00e9rim\u00e8tre de croissance de l\u2019arbre, qui constitue une zone non-aedificati autour de ceux-ci, le p\u00e9rim\u00e8tre de vie de chacun des arbres. Le positionnement des futurs b\u00e2timents s\u2019effectue en n\u00e9gatif, et suivant le corridor vert est-ouest dans lequel la for\u00eat urbaine pourra bien se d\u00e9velopper. Dans ce parc lin\u00e9aire est-ouest pourront \u00eatre int\u00e9gr\u00e9s des aires de jeux, des jardins communs, des boisements et les jardins potagers programm\u00e9s par le SEVE qui seront g\u00e9n\u00e9rateurs d\u2019usages et de paysages.<\/p>\n\n\n\n<p class=\"has-extra-small-font-size\">Le projet r\u00e9pond \u00e0 la n\u00e9cessit\u00e9 d\u2019offrir un r\u00e9cit renouvel\u00e9 sur cet espace aujourd\u2019hui rel\u00e9gu\u00e9, \u00e0 la fois parce qu\u2019il a \u00e9t\u00e9 longtemps tenu \u00e0 l\u2019\u00e9cart de la logique de projet (proc\u00e9dure fonci\u00e8re qui \u00e9tait en cours), mais aussi parce qu\u2019il se trouve dans une situation urbaine de \u00ab fin de syst\u00e8me \u00bb. Le contexte g\u00e9ographique du secteur de B\u00eale champs de tir est marqu\u00e9 par la pr\u00e9sence d\u2019une s\u00e9rie de jardins collectifs et de squares publics. L\u2019am\u00e9nagement du secteur nord de B\u00eale champs tir est l\u2019occasion de recr\u00e9er un vecteur de continuit\u00e9 pi\u00e9tonne et paysag\u00e8re, une ligne de vie est-ouest dans l\u2019esprit du plan guide de la ZAC. Nous souhaitons ainsi cr\u00e9er une mise en r\u00e9seau, un cha\u00eenage de ces diff\u00e9rents espaces paysagers. <\/p>\n<\/div>\n<\/div>\n\n\n\n<details class=\"wp-block-details alignwide is-layout-flow wp-block-details-is-layout-flow\"><summary>INFO<\/summary>\n<p class=\"has-extra-small-font-size\"><strong>MAITRISE D\u2019OUVRAGE&nbsp;:&nbsp;<\/strong>MARCH\u00c9 PUBLIC, NANTES M\u00c9TROPOLE AM\u00c9NAGEMENT.<strong><\/strong><\/p>\n\n\n\n<p class=\"has-extra-small-font-size\"><strong>\u00c9QUIPE&nbsp;:&nbsp;<\/strong>SHAA &#8211; RIO C, BASE, SUEZ CONSULTING<\/p>\n\n\n\n<p class=\"has-extra-small-font-size\"><strong>MISSION&nbsp;:&nbsp;<\/strong>CONCEPTION URBAINE ET ENVIRONNEMENTALE, PLAN GUIDE, FICHES DE LOT, \u00c9TUDES CAPACITAIRES, RECHERCHE DE FILI\u00c8RES BIO-SOURC\u00c9ES<\/p>\n\n\n\n<p class=\"has-extra-small-font-size\"><strong>LOCALISATION&nbsp;:&nbsp;<\/strong>NANTES NORD, ZAC ERDRE PORTERIE)<\/p>\n\n\n\n<p class=\"has-extra-small-font-size\"><strong>PROGRAMME&nbsp;:&nbsp;<\/strong>PARC, JARDINS PARTAG\u00c9S, TIER-LIEU ET LOGEMENTS<\/p>\n\n\n\n<p class=\"has-extra-small-font-size\"><strong>SURFACE&nbsp;:&nbsp;<\/strong>3HA &#8211; 16000M<sup>2&nbsp;&nbsp;<\/sup>SP LOGEMENTS<strong><\/strong><\/p>\n\n\n\n<p class=\"has-extra-small-font-size\"><strong>BUDGET&nbsp;:&nbsp;<\/strong>BUDGET ESPACE PUBLIC \/ 2,7M\u20ac<strong>&nbsp;;&nbsp;<\/strong>HONORAIRE ARCHITECTE URBANISTE : 130 000\u20ac<\/p>\n\n\n\n<p class=\"has-extra-small-font-size\"><strong>DATE&nbsp;:&nbsp;<\/strong>2020-2022<\/p>\n\n\n\n<p class=\"has-extra-small-font-size\"><strong>ROLE DE SHAA&nbsp;:&nbsp;<\/strong>DIRECTEUR DE PROJET, SOUS-TRAITANT DE RIO-C (MANDATAIRE BASELAND PAYSAGE)<strong><\/strong><\/p>\n<\/details>\n\n\n\n<figure class=\"wp-block-image alignwide size-full\"><img loading=\"lazy\" decoding=\"async\" width=\"1552\" height=\"1157\" src=\"https:\/\/www.shaa.io\/wp-content\/uploads\/2024\/07\/NEP_BCT-schema-protocole-zone-non-aedificandi.jpg\" alt=\"\" class=\"wp-image-975\" srcset=\"https:\/\/www.shaa.io\/wp-content\/uploads\/2024\/07\/NEP_BCT-schema-protocole-zone-non-aedificandi.jpg 1552w, https:\/\/www.shaa.io\/wp-content\/uploads\/2024\/07\/NEP_BCT-schema-protocole-zone-non-aedificandi-300x224.jpg 300w, https:\/\/www.shaa.io\/wp-content\/uploads\/2024\/07\/NEP_BCT-schema-protocole-zone-non-aedificandi-1024x763.jpg 1024w, https:\/\/www.shaa.io\/wp-content\/uploads\/2024\/07\/NEP_BCT-schema-protocole-zone-non-aedificandi-768x573.jpg 768w, https:\/\/www.shaa.io\/wp-content\/uploads\/2024\/07\/NEP_BCT-schema-protocole-zone-non-aedificandi-1536x1145.jpg 1536w\" sizes=\"auto, (max-width: 1552px) 100vw, 1552px\" \/><\/figure>\n\n\n\n<figure class=\"wp-block-gallery alignwide has-nested-images columns-4 is-cropped wp-block-gallery-1 is-layout-flex wp-block-gallery-is-layout-flex\">\n<figure data-wp-context=\"{&quot;imageId&quot;:&quot;69d8246128e9b&quot;}\" data-wp-interactive=\"core\/image\" data-wp-key=\"69d8246128e9b\" class=\"wp-block-image size-full wp-lightbox-container\"><img loading=\"lazy\" decoding=\"async\" width=\"2176\" height=\"2045\" data-wp-class--hide=\"state.isContentHidden\" data-wp-class--show=\"state.isContentVisible\" data-wp-init=\"callbacks.setButtonStyles\" data-wp-on--click=\"actions.showLightbox\" data-wp-on--load=\"callbacks.setButtonStyles\" data-wp-on-window--resize=\"callbacks.setButtonStyles\" data-id=\"977\" src=\"https:\/\/www.shaa.io\/wp-content\/uploads\/2024\/07\/NEP_PM_lgt.jpg\" alt=\"\" class=\"wp-image-977\" srcset=\"https:\/\/www.shaa.io\/wp-content\/uploads\/2024\/07\/NEP_PM_lgt.jpg 2176w, https:\/\/www.shaa.io\/wp-content\/uploads\/2024\/07\/NEP_PM_lgt-300x282.jpg 300w, https:\/\/www.shaa.io\/wp-content\/uploads\/2024\/07\/NEP_PM_lgt-1024x962.jpg 1024w, https:\/\/www.shaa.io\/wp-content\/uploads\/2024\/07\/NEP_PM_lgt-768x722.jpg 768w, https:\/\/www.shaa.io\/wp-content\/uploads\/2024\/07\/NEP_PM_lgt-1536x1444.jpg 1536w, https:\/\/www.shaa.io\/wp-content\/uploads\/2024\/07\/NEP_PM_lgt-2048x1925.jpg 2048w, https:\/\/www.shaa.io\/wp-content\/uploads\/2024\/07\/NEP_PM_lgt-1568x1474.jpg 1568w\" sizes=\"auto, (max-width: 2176px) 100vw, 2176px\" \/><button\n\t\t\tclass=\"lightbox-trigger\"\n\t\t\ttype=\"button\"\n\t\t\taria-haspopup=\"dialog\"\n\t\t\taria-label=\"Agrandir\"\n\t\t\tdata-wp-init=\"callbacks.initTriggerButton\"\n\t\t\tdata-wp-on--click=\"actions.showLightbox\"\n\t\t\tdata-wp-style--right=\"state.imageButtonRight\"\n\t\t\tdata-wp-style--top=\"state.imageButtonTop\"\n\t\t>\n\t\t\t<svg xmlns=\"http:\/\/www.w3.org\/2000\/svg\" width=\"12\" height=\"12\" fill=\"none\" viewBox=\"0 0 12 12\">\n\t\t\t\t<path fill=\"#fff\" d=\"M2 0a2 2 0 0 0-2 2v2h1.5V2a.5.5 0 0 1 .5-.5h2V0H2Zm2 10.5H2a.5.5 0 0 1-.5-.5V8H0v2a2 2 0 0 0 2 2h2v-1.5ZM8 12v-1.5h2a.5.5 0 0 0 .5-.5V8H12v2a2 2 0 0 1-2 2H8Zm2-12a2 2 0 0 1 2 2v2h-1.5V2a.5.5 0 0 0-.5-.5H8V0h2Z\" \/>\n\t\t\t<\/svg>\n\t\t<\/button><\/figure>\n\n\n\n<figure data-wp-context=\"{&quot;imageId&quot;:&quot;69d82461292e6&quot;}\" data-wp-interactive=\"core\/image\" data-wp-key=\"69d82461292e6\" class=\"wp-block-image size-full wp-lightbox-container\"><img loading=\"lazy\" decoding=\"async\" width=\"2177\" height=\"2115\" data-wp-class--hide=\"state.isContentHidden\" data-wp-class--show=\"state.isContentVisible\" data-wp-init=\"callbacks.setButtonStyles\" data-wp-on--click=\"actions.showLightbox\" data-wp-on--load=\"callbacks.setButtonStyles\" data-wp-on-window--resize=\"callbacks.setButtonStyles\" data-id=\"976\" src=\"https:\/\/www.shaa.io\/wp-content\/uploads\/2024\/07\/NEP_PM_champs-de-tir.jpg\" alt=\"\" class=\"wp-image-976\" srcset=\"https:\/\/www.shaa.io\/wp-content\/uploads\/2024\/07\/NEP_PM_champs-de-tir.jpg 2177w, https:\/\/www.shaa.io\/wp-content\/uploads\/2024\/07\/NEP_PM_champs-de-tir-300x291.jpg 300w, https:\/\/www.shaa.io\/wp-content\/uploads\/2024\/07\/NEP_PM_champs-de-tir-1024x995.jpg 1024w, https:\/\/www.shaa.io\/wp-content\/uploads\/2024\/07\/NEP_PM_champs-de-tir-768x746.jpg 768w, https:\/\/www.shaa.io\/wp-content\/uploads\/2024\/07\/NEP_PM_champs-de-tir-1536x1492.jpg 1536w, https:\/\/www.shaa.io\/wp-content\/uploads\/2024\/07\/NEP_PM_champs-de-tir-2048x1990.jpg 2048w, https:\/\/www.shaa.io\/wp-content\/uploads\/2024\/07\/NEP_PM_champs-de-tir-1568x1523.jpg 1568w\" sizes=\"auto, (max-width: 2177px) 100vw, 2177px\" \/><button\n\t\t\tclass=\"lightbox-trigger\"\n\t\t\ttype=\"button\"\n\t\t\taria-haspopup=\"dialog\"\n\t\t\taria-label=\"Agrandir\"\n\t\t\tdata-wp-init=\"callbacks.initTriggerButton\"\n\t\t\tdata-wp-on--click=\"actions.showLightbox\"\n\t\t\tdata-wp-style--right=\"state.imageButtonRight\"\n\t\t\tdata-wp-style--top=\"state.imageButtonTop\"\n\t\t>\n\t\t\t<svg xmlns=\"http:\/\/www.w3.org\/2000\/svg\" width=\"12\" height=\"12\" fill=\"none\" viewBox=\"0 0 12 12\">\n\t\t\t\t<path fill=\"#fff\" d=\"M2 0a2 2 0 0 0-2 2v2h1.5V2a.5.5 0 0 1 .5-.5h2V0H2Zm2 10.5H2a.5.5 0 0 1-.5-.5V8H0v2a2 2 0 0 0 2 2h2v-1.5ZM8 12v-1.5h2a.5.5 0 0 0 .5-.5V8H12v2a2 2 0 0 1-2 2H8Zm2-12a2 2 0 0 1 2 2v2h-1.5V2a.5.5 0 0 0-.5-.5H8V0h2Z\" \/>\n\t\t\t<\/svg>\n\t\t<\/button><\/figure>\n\n\n\n<figure data-wp-context=\"{&quot;imageId&quot;:&quot;69d82461296c7&quot;}\" data-wp-interactive=\"core\/image\" data-wp-key=\"69d82461296c7\" class=\"wp-block-image size-full wp-lightbox-container\"><img loading=\"lazy\" decoding=\"async\" width=\"2176\" height=\"2135\" data-wp-class--hide=\"state.isContentHidden\" data-wp-class--show=\"state.isContentVisible\" data-wp-init=\"callbacks.setButtonStyles\" data-wp-on--click=\"actions.showLightbox\" data-wp-on--load=\"callbacks.setButtonStyles\" data-wp-on-window--resize=\"callbacks.setButtonStyles\" data-id=\"974\" src=\"https:\/\/www.shaa.io\/wp-content\/uploads\/2024\/07\/NEP_axo_champs-de-tir.jpg\" alt=\"\" class=\"wp-image-974\" srcset=\"https:\/\/www.shaa.io\/wp-content\/uploads\/2024\/07\/NEP_axo_champs-de-tir.jpg 2176w, https:\/\/www.shaa.io\/wp-content\/uploads\/2024\/07\/NEP_axo_champs-de-tir-300x294.jpg 300w, https:\/\/www.shaa.io\/wp-content\/uploads\/2024\/07\/NEP_axo_champs-de-tir-1024x1005.jpg 1024w, https:\/\/www.shaa.io\/wp-content\/uploads\/2024\/07\/NEP_axo_champs-de-tir-768x754.jpg 768w, https:\/\/www.shaa.io\/wp-content\/uploads\/2024\/07\/NEP_axo_champs-de-tir-1536x1507.jpg 1536w, https:\/\/www.shaa.io\/wp-content\/uploads\/2024\/07\/NEP_axo_champs-de-tir-2048x2009.jpg 2048w, https:\/\/www.shaa.io\/wp-content\/uploads\/2024\/07\/NEP_axo_champs-de-tir-1568x1538.jpg 1568w\" sizes=\"auto, (max-width: 2176px) 100vw, 2176px\" \/><button\n\t\t\tclass=\"lightbox-trigger\"\n\t\t\ttype=\"button\"\n\t\t\taria-haspopup=\"dialog\"\n\t\t\taria-label=\"Agrandir\"\n\t\t\tdata-wp-init=\"callbacks.initTriggerButton\"\n\t\t\tdata-wp-on--click=\"actions.showLightbox\"\n\t\t\tdata-wp-style--right=\"state.imageButtonRight\"\n\t\t\tdata-wp-style--top=\"state.imageButtonTop\"\n\t\t>\n\t\t\t<svg xmlns=\"http:\/\/www.w3.org\/2000\/svg\" width=\"12\" height=\"12\" fill=\"none\" viewBox=\"0 0 12 12\">\n\t\t\t\t<path fill=\"#fff\" d=\"M2 0a2 2 0 0 0-2 2v2h1.5V2a.5.5 0 0 1 .5-.5h2V0H2Zm2 10.5H2a.5.5 0 0 1-.5-.5V8H0v2a2 2 0 0 0 2 2h2v-1.5ZM8 12v-1.5h2a.5.5 0 0 0 .5-.5V8H12v2a2 2 0 0 1-2 2H8Zm2-12a2 2 0 0 1 2 2v2h-1.5V2a.5.5 0 0 0-.5-.5H8V0h2Z\" \/>\n\t\t\t<\/svg>\n\t\t<\/button><\/figure>\n<\/figure>\n","protected":false},"excerpt":{"rendered":"<p>Nantes, B\u00eale champs de tir Ce projet d\u2019am\u00e9nagement urbain de la ZAC Erdre Porterie compose un triptyque avec Centre-bourg et Conardi\u00e8re. Ici, l\u2019enjeu est de maintenir l\u2019\u00e9cologie en place. En effet, le site est actuellement une grande friche en instance de devenir une for\u00eat urbaine, avec des arbres dont certains en bonne sant\u00e9 et de&hellip; <a class=\"more-link\" href=\"https:\/\/www.shaa.io\/index.php\/zones-non-aedificandi\/\">Poursuivre la lecture <span class=\"screen-reader-text\">Zones non-aedificandi<\/span><\/a><\/p>\n","protected":false},"author":1,"featured_media":0,"parent":0,"menu_order":0,"comment_status":"closed","ping_status":"closed","template":"","meta":{"footnotes":""},"class_list":["post-978","page","type-page","status-publish","hentry","entry"],"_links":{"self":[{"href":"https:\/\/www.shaa.io\/index.php\/wp-json\/wp\/v2\/pages\/978","targetHints":{"allow":["GET"]}}],"collection":[{"href":"https:\/\/www.shaa.io\/index.php\/wp-json\/wp\/v2\/pages"}],"about":[{"href":"https:\/\/www.shaa.io\/index.php\/wp-json\/wp\/v2\/types\/page"}],"author":[{"embeddable":true,"href":"https:\/\/www.shaa.io\/index.php\/wp-json\/wp\/v2\/users\/1"}],"replies":[{"embeddable":true,"href":"https:\/\/www.shaa.io\/index.php\/wp-json\/wp\/v2\/comments?post=978"}],"version-history":[{"count":5,"href":"https:\/\/www.shaa.io\/index.php\/wp-json\/wp\/v2\/pages\/978\/revisions"}],"predecessor-version":[{"id":1414,"href":"https:\/\/www.shaa.io\/index.php\/wp-json\/wp\/v2\/pages\/978\/revisions\/1414"}],"wp:attachment":[{"href":"https:\/\/www.shaa.io\/index.php\/wp-json\/wp\/v2\/media?parent=978"}],"curies":[{"name":"wp","href":"https:\/\/api.w.org\/{rel}","templated":true}]}}