{"id":970,"date":"2024-07-12T11:59:12","date_gmt":"2024-07-12T09:59:12","guid":{"rendered":"http:\/\/www.shaa.io\/?page_id=970"},"modified":"2025-07-25T15:15:37","modified_gmt":"2025-07-25T13:15:37","slug":"gaiagraphie-carnet-dexploration-de-la-zone-critique","status":"publish","type":"page","link":"https:\/\/www.shaa.io\/index.php\/gaiagraphie-carnet-dexploration-de-la-zone-critique\/","title":{"rendered":"Ga\u00efagraphie"},"content":{"rendered":"\n<h2 class=\"wp-block-heading alignwide has-large-font-size\">Carnet d&rsquo;exploration de la zone critique<\/h2>\n\n\n\n<div class=\"wp-block-columns alignwide is-layout-flex wp-container-core-columns-is-layout-9d6595d7 wp-block-columns-is-layout-flex\">\n<div class=\"wp-block-column is-layout-flow wp-block-column-is-layout-flow\">\n<p class=\"has-extra-small-font-size\">Ga\u00efagraphie est une immersion dans les sciences de la Terre ayant pour vocation de nous faire red\u00e9couvrir des paysages que nous pensons familiers, mais dont nous avons en r\u00e9alit\u00e9 tr\u00e8s peu de connaissances. Cet ouvrage m\u00eale carnets d&rsquo;exploration, r\u00e9cits de d\u00e9couverte, interludes th\u00e9oriques et m\u00e9thodologiques et repr\u00e9sentations cartographiques afin de constituer un nouvel outil de visualisation de la zone critique (pellicule habitable de la Terre particuli\u00e8rement surveill\u00e9e par les sciences de l&rsquo;environnement), de ses dynamiques et des cycles biog\u00e9ochimiques qui rendent la Terre habitable.<br><br>Ce livre nous invite \u00e0 changer d&rsquo;\u00e9chelle, \u00e0 questionner les contours de la Terre et \u00e0 pluraliser nos environnements. En d\u00e9pla\u00e7ant notre regard, nos pratiques et les outils cartographiques que nous utilisons pour nous \u00e9quiper face aux changements rapides de nos environnements, Ga\u00efagraphie prolonge l&rsquo;exploration initi\u00e9e avec Terra Forma en 2019.&nbsp;Cette&nbsp;fois-ci, c&rsquo;est dans les observatoires instrument\u00e9s par les scientifiques de la zone critique et au travers d&rsquo;une enqu\u00eate minutieuse sur les donn\u00e9es qui y sont recueillies que la m\u00e9thode de repr\u00e9sentation initi\u00e9e par ce premier livre est mise \u00e0 contribution.&nbsp;<br><br>Le livre peut \u00eatre lu comme un manuel de d\u00e9tection de nouveaux \u00ab existants \u00bb \u00e0 prendre en compte dans les pratiques de conception telles que l&rsquo;architecture et le paysage. Particules terrestres, mol\u00e9cules d&rsquo;eau, \u00e9l\u00e9ments chimiques, poussi\u00e8res atmosph\u00e9riques, autant d&rsquo;\u00e9l\u00e9ments dont les traces sont suivies par les scientifiques et traduites ici par les cartes de cycles propos\u00e9es \u00e0 la fin de chaque chapitres, intitul\u00e9s Terre, Eau, Air, comme une incitation \u00e0 renouveler nos cosmogrammes. Cet ouvrage nous invite \u00e0 changer d&rsquo;\u00e9chelle, \u00e0 red\u00e9finir les contours de la Terre et \u00e0 pluraliser nos environnements.<\/p>\n<\/div>\n<\/div>\n\n\n\n<details class=\"wp-block-details alignwide is-layout-flow wp-block-details-is-layout-flow\"><summary>INFO<\/summary>\n<p class=\"has-extra-small-font-size\"><strong>AUTRICES&nbsp;:&nbsp;<\/strong>ALEXANDRA ARENES<strong><\/strong><\/p>\n\n\n\n<p class=\"has-extra-small-font-size\"><strong>EDITEUR&nbsp;:&nbsp;<\/strong>B42<\/p>\n\n\n\n<p class=\"has-extra-small-font-size\"><strong>PR\u00c9FACE&nbsp;:&nbsp;<\/strong>J\u00c9R\u00d4ME GAILLARDET<\/p>\n\n\n\n<p class=\"has-extra-small-font-size\"><strong>DATE&nbsp;:&nbsp;<\/strong>2025<\/p>\n<\/details>\n\n\n\n<figure class=\"wp-block-image size-large\"><img loading=\"lazy\" decoding=\"async\" width=\"766\" height=\"1024\" src=\"https:\/\/www.shaa.io\/wp-content\/uploads\/2025\/01\/220-GAIAGRAPHIES-COVER-OK-766x1024.jpg\" alt=\"\" class=\"wp-image-1111\" srcset=\"https:\/\/www.shaa.io\/wp-content\/uploads\/2025\/01\/220-GAIAGRAPHIES-COVER-OK-766x1024.jpg 766w, https:\/\/www.shaa.io\/wp-content\/uploads\/2025\/01\/220-GAIAGRAPHIES-COVER-OK-224x300.jpg 224w, https:\/\/www.shaa.io\/wp-content\/uploads\/2025\/01\/220-GAIAGRAPHIES-COVER-OK-768x1027.jpg 768w, https:\/\/www.shaa.io\/wp-content\/uploads\/2025\/01\/220-GAIAGRAPHIES-COVER-OK-1148x1536.jpg 1148w, https:\/\/www.shaa.io\/wp-content\/uploads\/2025\/01\/220-GAIAGRAPHIES-COVER-OK-1531x2048.jpg 1531w, https:\/\/www.shaa.io\/wp-content\/uploads\/2025\/01\/220-GAIAGRAPHIES-COVER-OK-1568x2097.jpg 1568w, https:\/\/www.shaa.io\/wp-content\/uploads\/2025\/01\/220-GAIAGRAPHIES-COVER-OK-scaled.jpg 1914w\" sizes=\"auto, (max-width: 766px) 100vw, 766px\" \/><\/figure>\n\n\n\n<figure class=\"wp-block-gallery alignwide has-nested-images columns-2 is-cropped wp-block-gallery-1 is-layout-flex wp-block-gallery-is-layout-flex\">\n<figure class=\"wp-block-image size-full\"><img loading=\"lazy\" decoding=\"async\" width=\"2560\" height=\"1702\" data-id=\"1679\" src=\"https:\/\/www.shaa.io\/wp-content\/uploads\/2025\/07\/220-GAIAGRAPHIES-Exports-AA-158-159-scaled.jpg\" alt=\"\" class=\"wp-image-1679\" srcset=\"https:\/\/www.shaa.io\/wp-content\/uploads\/2025\/07\/220-GAIAGRAPHIES-Exports-AA-158-159-scaled.jpg 2560w, https:\/\/www.shaa.io\/wp-content\/uploads\/2025\/07\/220-GAIAGRAPHIES-Exports-AA-158-159-300x199.jpg 300w, https:\/\/www.shaa.io\/wp-content\/uploads\/2025\/07\/220-GAIAGRAPHIES-Exports-AA-158-159-1024x681.jpg 1024w, https:\/\/www.shaa.io\/wp-content\/uploads\/2025\/07\/220-GAIAGRAPHIES-Exports-AA-158-159-768x511.jpg 768w, https:\/\/www.shaa.io\/wp-content\/uploads\/2025\/07\/220-GAIAGRAPHIES-Exports-AA-158-159-1536x1021.jpg 1536w, https:\/\/www.shaa.io\/wp-content\/uploads\/2025\/07\/220-GAIAGRAPHIES-Exports-AA-158-159-2048x1362.jpg 2048w, https:\/\/www.shaa.io\/wp-content\/uploads\/2025\/07\/220-GAIAGRAPHIES-Exports-AA-158-159-1568x1043.jpg 1568w\" sizes=\"auto, (max-width: 2560px) 100vw, 2560px\" \/><\/figure>\n\n\n\n<figure class=\"wp-block-image size-full\"><img loading=\"lazy\" decoding=\"async\" width=\"2560\" height=\"1702\" data-id=\"1678\" src=\"https:\/\/www.shaa.io\/wp-content\/uploads\/2025\/07\/220-GAIAGRAPHIES-Exports-AA-134-135-scaled.jpg\" alt=\"\" class=\"wp-image-1678\" srcset=\"https:\/\/www.shaa.io\/wp-content\/uploads\/2025\/07\/220-GAIAGRAPHIES-Exports-AA-134-135-scaled.jpg 2560w, https:\/\/www.shaa.io\/wp-content\/uploads\/2025\/07\/220-GAIAGRAPHIES-Exports-AA-134-135-300x199.jpg 300w, https:\/\/www.shaa.io\/wp-content\/uploads\/2025\/07\/220-GAIAGRAPHIES-Exports-AA-134-135-1024x681.jpg 1024w, https:\/\/www.shaa.io\/wp-content\/uploads\/2025\/07\/220-GAIAGRAPHIES-Exports-AA-134-135-768x511.jpg 768w, https:\/\/www.shaa.io\/wp-content\/uploads\/2025\/07\/220-GAIAGRAPHIES-Exports-AA-134-135-1536x1021.jpg 1536w, https:\/\/www.shaa.io\/wp-content\/uploads\/2025\/07\/220-GAIAGRAPHIES-Exports-AA-134-135-2048x1362.jpg 2048w, https:\/\/www.shaa.io\/wp-content\/uploads\/2025\/07\/220-GAIAGRAPHIES-Exports-AA-134-135-1568x1043.jpg 1568w\" sizes=\"auto, (max-width: 2560px) 100vw, 2560px\" \/><\/figure>\n\n\n\n<figure class=\"wp-block-image size-full\"><img loading=\"lazy\" decoding=\"async\" width=\"2560\" height=\"1702\" data-id=\"1677\" src=\"https:\/\/www.shaa.io\/wp-content\/uploads\/2025\/07\/220-GAIAGRAPHIES-Exports-AA-100-101-scaled.jpg\" alt=\"\" class=\"wp-image-1677\" srcset=\"https:\/\/www.shaa.io\/wp-content\/uploads\/2025\/07\/220-GAIAGRAPHIES-Exports-AA-100-101-scaled.jpg 2560w, https:\/\/www.shaa.io\/wp-content\/uploads\/2025\/07\/220-GAIAGRAPHIES-Exports-AA-100-101-300x199.jpg 300w, https:\/\/www.shaa.io\/wp-content\/uploads\/2025\/07\/220-GAIAGRAPHIES-Exports-AA-100-101-1024x681.jpg 1024w, https:\/\/www.shaa.io\/wp-content\/uploads\/2025\/07\/220-GAIAGRAPHIES-Exports-AA-100-101-768x511.jpg 768w, https:\/\/www.shaa.io\/wp-content\/uploads\/2025\/07\/220-GAIAGRAPHIES-Exports-AA-100-101-1536x1021.jpg 1536w, https:\/\/www.shaa.io\/wp-content\/uploads\/2025\/07\/220-GAIAGRAPHIES-Exports-AA-100-101-2048x1362.jpg 2048w, https:\/\/www.shaa.io\/wp-content\/uploads\/2025\/07\/220-GAIAGRAPHIES-Exports-AA-100-101-1568x1043.jpg 1568w\" sizes=\"auto, (max-width: 2560px) 100vw, 2560px\" \/><\/figure>\n\n\n\n<figure class=\"wp-block-image size-full\"><img loading=\"lazy\" decoding=\"async\" width=\"2560\" height=\"1702\" data-id=\"1676\" src=\"https:\/\/www.shaa.io\/wp-content\/uploads\/2025\/07\/220-GAIAGRAPHIES-Exports-AA-80-81-scaled.jpg\" alt=\"\" class=\"wp-image-1676\" srcset=\"https:\/\/www.shaa.io\/wp-content\/uploads\/2025\/07\/220-GAIAGRAPHIES-Exports-AA-80-81-scaled.jpg 2560w, https:\/\/www.shaa.io\/wp-content\/uploads\/2025\/07\/220-GAIAGRAPHIES-Exports-AA-80-81-300x199.jpg 300w, https:\/\/www.shaa.io\/wp-content\/uploads\/2025\/07\/220-GAIAGRAPHIES-Exports-AA-80-81-1024x681.jpg 1024w, https:\/\/www.shaa.io\/wp-content\/uploads\/2025\/07\/220-GAIAGRAPHIES-Exports-AA-80-81-768x511.jpg 768w, https:\/\/www.shaa.io\/wp-content\/uploads\/2025\/07\/220-GAIAGRAPHIES-Exports-AA-80-81-1536x1021.jpg 1536w, https:\/\/www.shaa.io\/wp-content\/uploads\/2025\/07\/220-GAIAGRAPHIES-Exports-AA-80-81-2048x1362.jpg 2048w, https:\/\/www.shaa.io\/wp-content\/uploads\/2025\/07\/220-GAIAGRAPHIES-Exports-AA-80-81-1568x1043.jpg 1568w\" sizes=\"auto, (max-width: 2560px) 100vw, 2560px\" \/><\/figure>\n\n\n\n<figure class=\"wp-block-image size-full\"><img loading=\"lazy\" decoding=\"async\" width=\"2560\" height=\"1702\" data-id=\"1675\" src=\"https:\/\/www.shaa.io\/wp-content\/uploads\/2025\/07\/220-GAIAGRAPHIES-Exports-AA-52-53-scaled.jpg\" alt=\"\" class=\"wp-image-1675\" srcset=\"https:\/\/www.shaa.io\/wp-content\/uploads\/2025\/07\/220-GAIAGRAPHIES-Exports-AA-52-53-scaled.jpg 2560w, https:\/\/www.shaa.io\/wp-content\/uploads\/2025\/07\/220-GAIAGRAPHIES-Exports-AA-52-53-300x199.jpg 300w, https:\/\/www.shaa.io\/wp-content\/uploads\/2025\/07\/220-GAIAGRAPHIES-Exports-AA-52-53-1024x681.jpg 1024w, https:\/\/www.shaa.io\/wp-content\/uploads\/2025\/07\/220-GAIAGRAPHIES-Exports-AA-52-53-768x511.jpg 768w, https:\/\/www.shaa.io\/wp-content\/uploads\/2025\/07\/220-GAIAGRAPHIES-Exports-AA-52-53-1536x1021.jpg 1536w, https:\/\/www.shaa.io\/wp-content\/uploads\/2025\/07\/220-GAIAGRAPHIES-Exports-AA-52-53-2048x1362.jpg 2048w, https:\/\/www.shaa.io\/wp-content\/uploads\/2025\/07\/220-GAIAGRAPHIES-Exports-AA-52-53-1568x1043.jpg 1568w\" sizes=\"auto, (max-width: 2560px) 100vw, 2560px\" \/><\/figure>\n<\/figure>\n","protected":false},"excerpt":{"rendered":"<p>Carnet d&rsquo;exploration de la zone critique Ga\u00efagraphie est une immersion dans les sciences de la Terre ayant pour vocation de nous faire red\u00e9couvrir des paysages que nous pensons familiers, mais dont nous avons en r\u00e9alit\u00e9 tr\u00e8s peu de connaissances. Cet ouvrage m\u00eale carnets d&rsquo;exploration, r\u00e9cits de d\u00e9couverte, interludes th\u00e9oriques et m\u00e9thodologiques et repr\u00e9sentations cartographiques afin&hellip; <a class=\"more-link\" href=\"https:\/\/www.shaa.io\/index.php\/gaiagraphie-carnet-dexploration-de-la-zone-critique\/\">Poursuivre la lecture <span class=\"screen-reader-text\">Ga\u00efagraphie<\/span><\/a><\/p>\n","protected":false},"author":1,"featured_media":0,"parent":0,"menu_order":0,"comment_status":"closed","ping_status":"closed","template":"","meta":{"footnotes":""},"class_list":["post-970","page","type-page","status-publish","hentry","entry"],"_links":{"self":[{"href":"https:\/\/www.shaa.io\/index.php\/wp-json\/wp\/v2\/pages\/970","targetHints":{"allow":["GET"]}}],"collection":[{"href":"https:\/\/www.shaa.io\/index.php\/wp-json\/wp\/v2\/pages"}],"about":[{"href":"https:\/\/www.shaa.io\/index.php\/wp-json\/wp\/v2\/types\/page"}],"author":[{"embeddable":true,"href":"https:\/\/www.shaa.io\/index.php\/wp-json\/wp\/v2\/users\/1"}],"replies":[{"embeddable":true,"href":"https:\/\/www.shaa.io\/index.php\/wp-json\/wp\/v2\/comments?post=970"}],"version-history":[{"count":6,"href":"https:\/\/www.shaa.io\/index.php\/wp-json\/wp\/v2\/pages\/970\/revisions"}],"predecessor-version":[{"id":1682,"href":"https:\/\/www.shaa.io\/index.php\/wp-json\/wp\/v2\/pages\/970\/revisions\/1682"}],"wp:attachment":[{"href":"https:\/\/www.shaa.io\/index.php\/wp-json\/wp\/v2\/media?parent=970"}],"curies":[{"name":"wp","href":"https:\/\/api.w.org\/{rel}","templated":true}]}}