{"id":921,"date":"2024-07-12T11:19:28","date_gmt":"2024-07-12T09:19:28","guid":{"rendered":"http:\/\/www.shaa.io\/?page_id=921"},"modified":"2025-01-30T09:58:07","modified_gmt":"2025-01-30T08:58:07","slug":"gaiagraphies-2","status":"publish","type":"page","link":"https:\/\/www.shaa.io\/index.php\/gaiagraphies-2\/","title":{"rendered":"Ga\u00efagraphies"},"content":{"rendered":"\n<h2 class=\"wp-block-heading alignwide has-large-font-size\">Cartes des observatoires de la zone critique et de leurs capteurs. Projet TERRA FORMA Equipex + CNRS<\/h2>\n\n\n\n<div class=\"wp-block-columns alignwide is-layout-flex wp-container-core-columns-is-layout-9d6595d7 wp-block-columns-is-layout-flex\">\n<div class=\"wp-block-column is-layout-flow wp-block-column-is-layout-flow\">\n<p class=\"has-extra-small-font-size\">Objet : Cartographies des observatoires de la zone critique avec de nouveaux syst\u00e8mes r\u00e9f\u00e9rentiels afin de mieux se positionner dans les diff\u00e9rentes dimensions du milieu (milieu souterrain, neige, agriculture) et r\u00e9v\u00e9ler les points de vue des capteurs (nouvelles perspectives sur le territoire).&nbsp;<\/p>\n\n\n\n<p class=\"has-extra-small-font-size\">M\u00e9thode: observations ethnographiques de la science en action, sur le terrain ; compr\u00e9hension et suivi des capteurs et des syst\u00e8mes d\u2019observations ; interviews des scientifiques ; synth\u00e8se graphique et co-construction de la carte.<\/p>\n\n\n\n<div class=\"wp-block-buttons is-layout-flex wp-block-buttons-is-layout-flex\">\n<div class=\"wp-block-button\"><a class=\"wp-block-button__link wp-element-button\" href=\"https:\/\/gaiagraphie.com\">Voir le projet&nbsp;<\/a><\/div>\n<\/div>\n<\/div>\n<\/div>\n\n\n\n<details class=\"wp-block-details alignwide is-layout-flow wp-block-details-is-layout-flow\"><summary>Contexte institutionnel&nbsp;<\/summary>\n<p class=\"has-extra-small-font-size\">Le projet de recherche TERRA FORMA Equipex vise \u00e0 mettre en place des capteurs innovants dans trois grands territoires o\u00f9 des observatoires existent d\u00e9j\u00e0. TERRA FORMA vise \u00e0 concevoir et tester des observatoires in situ offrant une nouvelle vision multi-messagers, couplant les points de vue des capteurs sur les dynamiques humaines, biotiques et abiotiques. Ce projet s&rsquo;appuie sur les derni\u00e8res avanc\u00e9es technologiques pour concevoir et tester un r\u00e9seau \u00e9volutif de capteurs intelligents, connect\u00e9s, peu co\u00fbteux, socialement int\u00e9gr\u00e9s et adapt\u00e9s au terrain sur des sites parfois difficiles (exemples de capteurs : capteurs de flux de mati\u00e8re, cartographie des flux chimiques \u00e0 haute r\u00e9solution, traceurs de carbone, colliers GPS, capteurs de suivi de l&rsquo;activit\u00e9 microbienne). Trois sites pilotes ont \u00e9t\u00e9 s\u00e9lectionn\u00e9s pour une premi\u00e8re phase de mise en \u0153uvre, montrant la diversit\u00e9 des paysages : un \u00e9cosyst\u00e8me de montagne avec le Lautaret-Oisans (Is\u00e8re), un \u00e9cosyst\u00e8me c\u00f4tier avec Pl\u0153meur Guidel (Bretagne) et un \u00e9cosyst\u00e8me agricole avec Aurad\u00e9 (Occitanie). Les responsables du projet sont Longuevergne (G\u00e9osciences Rennes) et Girard (CNRS). TERRA FORMA est un projet d&rsquo;\u00e9quipements structurants pour la recherche (Equipex +) issu du PIA 3 (Plan national d&rsquo;investissement d&rsquo;avenir) et dot\u00e9 de 9,6 millions d&rsquo;euros sur sept ans. Cet Equipex+, coordonn\u00e9 par l&rsquo;INSU, implique 150 chercheurs issus de 42 laboratoires du CNRS, de l&rsquo;INRAE, de l&rsquo;IRD et de nombreuses universit\u00e9s, ainsi que de 8 des 10 instituts du CNRS. Les scientifiques qui dirigent le projet TERRA FORMA ont emprunt\u00e9 le titre du livre Terra Forma, manuel de cartographies potentielles (B42, 2019 ; version anglaise MIT Press, 2022). Ce livre visait \u00e0 remettre en question les syst\u00e8mes de visualisation traditionnels qui omettent une grande partie du vivant ou de l&rsquo;anim\u00e9 (y compris les roches, l&rsquo;eau, le sol). Pour r\u00e9pondre \u00e0 cette pr\u00e9occupation, nous avons propos\u00e9 des sch\u00e9mas cartographiques (spatialement et temporellement situ\u00e9s) bas\u00e9s sur de nouveaux crit\u00e8res qui \u00e9mergent \u00e0 la fois des sciences humaines et des sciences de la vie et de la terre. Les capteurs qui seront d\u00e9velopp\u00e9s dans le cadre du nouveau projet scientifique TERRA FORMA fourniront un ensemble de donn\u00e9es scientifiques utilis\u00e9es pour dessiner de nouvelles cartes alternatives.&nbsp;<\/p>\n<\/details>\n\n\n\n<details class=\"wp-block-details alignwide is-layout-flow wp-block-details-is-layout-flow\"><summary>INFO<\/summary>\n<p class=\"has-extra-small-font-size\"><strong>MAITRISE D\u2019OUVRAGE&nbsp;:&nbsp;<\/strong>CNRS, EQUIPEX TERRA FORMA<\/p>\n\n\n\n<p class=\"has-extra-small-font-size\"><strong>\u00c9QUIPE&nbsp;:&nbsp;<\/strong>SOC, SHAA<\/p>\n\n\n\n<p class=\"has-extra-small-font-size\"><strong>MISSION<\/strong>&nbsp;: ENQU\u00caTE CARTOGRAPHIQUE DANS TROIS OBSERVATOIRES DE LA ZONE CRITIQUE ET LE RESEAU DE CAPTEURS<\/p>\n\n\n\n<p class=\"has-extra-small-font-size\"><strong>PROGRAMME<\/strong>&nbsp;: CARTES, VIDEO, FILMS, SONS, TEXTES<\/p>\n\n\n\n<p class=\"has-extra-small-font-size\"><strong>LOCALISATION<\/strong>&nbsp;: PLOEMEUR-GUIDEL (BRETAGNE), AURADE (OCCITANIE), LAUTARET (ALPES)<\/p>\n\n\n\n<p class=\"has-extra-small-font-size\"><strong>BUDGET<\/strong>&nbsp;: 40 000\u20acHT<\/p>\n\n\n\n<p class=\"has-extra-small-font-size\"><strong>DATE<\/strong>&nbsp;: 2023-2024<\/p>\n<\/details>\n\n\n\n<figure class=\"wp-block-image alignwide size-full\"><img loading=\"lazy\" decoding=\"async\" width=\"2560\" height=\"2554\" src=\"https:\/\/www.shaa.io\/wp-content\/uploads\/2024\/07\/TF_map_LT-scaled.jpg\" alt=\"\" class=\"wp-image-917\" srcset=\"https:\/\/www.shaa.io\/wp-content\/uploads\/2024\/07\/TF_map_LT-scaled.jpg 2560w, https:\/\/www.shaa.io\/wp-content\/uploads\/2024\/07\/TF_map_LT-300x300.jpg 300w, https:\/\/www.shaa.io\/wp-content\/uploads\/2024\/07\/TF_map_LT-1024x1022.jpg 1024w, https:\/\/www.shaa.io\/wp-content\/uploads\/2024\/07\/TF_map_LT-150x150.jpg 150w, https:\/\/www.shaa.io\/wp-content\/uploads\/2024\/07\/TF_map_LT-768x766.jpg 768w, https:\/\/www.shaa.io\/wp-content\/uploads\/2024\/07\/TF_map_LT-1536x1533.jpg 1536w, https:\/\/www.shaa.io\/wp-content\/uploads\/2024\/07\/TF_map_LT-2048x2043.jpg 2048w, https:\/\/www.shaa.io\/wp-content\/uploads\/2024\/07\/TF_map_LT-1568x1565.jpg 1568w\" sizes=\"auto, (max-width: 2560px) 100vw, 2560px\" \/><\/figure>\n\n\n\n<figure class=\"wp-block-gallery alignwide has-nested-images columns-default is-cropped wp-block-gallery-1 is-layout-flex wp-block-gallery-is-layout-flex\">\n<figure data-wp-context=\"{&quot;imageId&quot;:&quot;69ef73f4a24b6&quot;}\" data-wp-interactive=\"core\/image\" data-wp-key=\"69ef73f4a24b6\" class=\"wp-block-image size-full wp-lightbox-container\"><img loading=\"lazy\" decoding=\"async\" width=\"2560\" height=\"2560\" data-wp-class--hide=\"state.isContentHidden\" data-wp-class--show=\"state.isContentVisible\" data-wp-init=\"callbacks.setButtonStyles\" data-wp-on--click=\"actions.showLightbox\" data-wp-on--load=\"callbacks.setButtonStyles\" data-wp-on-window--resize=\"callbacks.setButtonStyles\" data-id=\"919\" src=\"https:\/\/www.shaa.io\/wp-content\/uploads\/2024\/07\/TF_map_Aurade-scaled.jpg\" alt=\"\" class=\"wp-image-919\" srcset=\"https:\/\/www.shaa.io\/wp-content\/uploads\/2024\/07\/TF_map_Aurade-scaled.jpg 2560w, https:\/\/www.shaa.io\/wp-content\/uploads\/2024\/07\/TF_map_Aurade-300x300.jpg 300w, https:\/\/www.shaa.io\/wp-content\/uploads\/2024\/07\/TF_map_Aurade-1024x1024.jpg 1024w, https:\/\/www.shaa.io\/wp-content\/uploads\/2024\/07\/TF_map_Aurade-150x150.jpg 150w, https:\/\/www.shaa.io\/wp-content\/uploads\/2024\/07\/TF_map_Aurade-768x768.jpg 768w, https:\/\/www.shaa.io\/wp-content\/uploads\/2024\/07\/TF_map_Aurade-1536x1536.jpg 1536w, https:\/\/www.shaa.io\/wp-content\/uploads\/2024\/07\/TF_map_Aurade-2048x2048.jpg 2048w, https:\/\/www.shaa.io\/wp-content\/uploads\/2024\/07\/TF_map_Aurade-1568x1568.jpg 1568w\" sizes=\"auto, (max-width: 2560px) 100vw, 2560px\" \/><button\n\t\t\tclass=\"lightbox-trigger\"\n\t\t\ttype=\"button\"\n\t\t\taria-haspopup=\"dialog\"\n\t\t\taria-label=\"Agrandir\"\n\t\t\tdata-wp-init=\"callbacks.initTriggerButton\"\n\t\t\tdata-wp-on--click=\"actions.showLightbox\"\n\t\t\tdata-wp-style--right=\"state.imageButtonRight\"\n\t\t\tdata-wp-style--top=\"state.imageButtonTop\"\n\t\t>\n\t\t\t<svg xmlns=\"http:\/\/www.w3.org\/2000\/svg\" width=\"12\" height=\"12\" fill=\"none\" viewBox=\"0 0 12 12\">\n\t\t\t\t<path fill=\"#fff\" d=\"M2 0a2 2 0 0 0-2 2v2h1.5V2a.5.5 0 0 1 .5-.5h2V0H2Zm2 10.5H2a.5.5 0 0 1-.5-.5V8H0v2a2 2 0 0 0 2 2h2v-1.5ZM8 12v-1.5h2a.5.5 0 0 0 .5-.5V8H12v2a2 2 0 0 1-2 2H8Zm2-12a2 2 0 0 1 2 2v2h-1.5V2a.5.5 0 0 0-.5-.5H8V0h2Z\" \/>\n\t\t\t<\/svg>\n\t\t<\/button><\/figure>\n\n\n\n<figure data-wp-context=\"{&quot;imageId&quot;:&quot;69ef73f4a29b6&quot;}\" data-wp-interactive=\"core\/image\" data-wp-key=\"69ef73f4a29b6\" class=\"wp-block-image size-full wp-lightbox-container\"><img loading=\"lazy\" decoding=\"async\" width=\"2560\" height=\"2560\" data-wp-class--hide=\"state.isContentHidden\" data-wp-class--show=\"state.isContentVisible\" data-wp-init=\"callbacks.setButtonStyles\" data-wp-on--click=\"actions.showLightbox\" data-wp-on--load=\"callbacks.setButtonStyles\" data-wp-on-window--resize=\"callbacks.setButtonStyles\" data-id=\"920\" src=\"https:\/\/www.shaa.io\/wp-content\/uploads\/2024\/07\/TF_carte-capteurs-copie-scaled.jpg\" alt=\"\" class=\"wp-image-920\" srcset=\"https:\/\/www.shaa.io\/wp-content\/uploads\/2024\/07\/TF_carte-capteurs-copie-scaled.jpg 2560w, https:\/\/www.shaa.io\/wp-content\/uploads\/2024\/07\/TF_carte-capteurs-copie-300x300.jpg 300w, https:\/\/www.shaa.io\/wp-content\/uploads\/2024\/07\/TF_carte-capteurs-copie-1024x1024.jpg 1024w, https:\/\/www.shaa.io\/wp-content\/uploads\/2024\/07\/TF_carte-capteurs-copie-150x150.jpg 150w, https:\/\/www.shaa.io\/wp-content\/uploads\/2024\/07\/TF_carte-capteurs-copie-768x768.jpg 768w, https:\/\/www.shaa.io\/wp-content\/uploads\/2024\/07\/TF_carte-capteurs-copie-1536x1536.jpg 1536w, https:\/\/www.shaa.io\/wp-content\/uploads\/2024\/07\/TF_carte-capteurs-copie-2048x2048.jpg 2048w, https:\/\/www.shaa.io\/wp-content\/uploads\/2024\/07\/TF_carte-capteurs-copie-1568x1568.jpg 1568w\" sizes=\"auto, (max-width: 2560px) 100vw, 2560px\" \/><button\n\t\t\tclass=\"lightbox-trigger\"\n\t\t\ttype=\"button\"\n\t\t\taria-haspopup=\"dialog\"\n\t\t\taria-label=\"Agrandir\"\n\t\t\tdata-wp-init=\"callbacks.initTriggerButton\"\n\t\t\tdata-wp-on--click=\"actions.showLightbox\"\n\t\t\tdata-wp-style--right=\"state.imageButtonRight\"\n\t\t\tdata-wp-style--top=\"state.imageButtonTop\"\n\t\t>\n\t\t\t<svg xmlns=\"http:\/\/www.w3.org\/2000\/svg\" width=\"12\" height=\"12\" fill=\"none\" viewBox=\"0 0 12 12\">\n\t\t\t\t<path fill=\"#fff\" d=\"M2 0a2 2 0 0 0-2 2v2h1.5V2a.5.5 0 0 1 .5-.5h2V0H2Zm2 10.5H2a.5.5 0 0 1-.5-.5V8H0v2a2 2 0 0 0 2 2h2v-1.5ZM8 12v-1.5h2a.5.5 0 0 0 .5-.5V8H12v2a2 2 0 0 1-2 2H8Zm2-12a2 2 0 0 1 2 2v2h-1.5V2a.5.5 0 0 0-.5-.5H8V0h2Z\" \/>\n\t\t\t<\/svg>\n\t\t<\/button><\/figure>\n\n\n\n<figure data-wp-context=\"{&quot;imageId&quot;:&quot;69ef73f4a2e1c&quot;}\" data-wp-interactive=\"core\/image\" data-wp-key=\"69ef73f4a2e1c\" class=\"wp-block-image size-full wp-lightbox-container\"><img loading=\"lazy\" decoding=\"async\" width=\"2560\" height=\"2560\" data-wp-class--hide=\"state.isContentHidden\" data-wp-class--show=\"state.isContentVisible\" data-wp-init=\"callbacks.setButtonStyles\" data-wp-on--click=\"actions.showLightbox\" data-wp-on--load=\"callbacks.setButtonStyles\" data-wp-on-window--resize=\"callbacks.setButtonStyles\" data-id=\"918\" src=\"https:\/\/www.shaa.io\/wp-content\/uploads\/2024\/07\/TF_map_GP-scaled.jpg\" alt=\"\" class=\"wp-image-918\" srcset=\"https:\/\/www.shaa.io\/wp-content\/uploads\/2024\/07\/TF_map_GP-scaled.jpg 2560w, https:\/\/www.shaa.io\/wp-content\/uploads\/2024\/07\/TF_map_GP-300x300.jpg 300w, https:\/\/www.shaa.io\/wp-content\/uploads\/2024\/07\/TF_map_GP-1024x1024.jpg 1024w, https:\/\/www.shaa.io\/wp-content\/uploads\/2024\/07\/TF_map_GP-150x150.jpg 150w, https:\/\/www.shaa.io\/wp-content\/uploads\/2024\/07\/TF_map_GP-768x768.jpg 768w, https:\/\/www.shaa.io\/wp-content\/uploads\/2024\/07\/TF_map_GP-1536x1536.jpg 1536w, https:\/\/www.shaa.io\/wp-content\/uploads\/2024\/07\/TF_map_GP-2048x2048.jpg 2048w, https:\/\/www.shaa.io\/wp-content\/uploads\/2024\/07\/TF_map_GP-1568x1568.jpg 1568w\" sizes=\"auto, (max-width: 2560px) 100vw, 2560px\" \/><button\n\t\t\tclass=\"lightbox-trigger\"\n\t\t\ttype=\"button\"\n\t\t\taria-haspopup=\"dialog\"\n\t\t\taria-label=\"Agrandir\"\n\t\t\tdata-wp-init=\"callbacks.initTriggerButton\"\n\t\t\tdata-wp-on--click=\"actions.showLightbox\"\n\t\t\tdata-wp-style--right=\"state.imageButtonRight\"\n\t\t\tdata-wp-style--top=\"state.imageButtonTop\"\n\t\t>\n\t\t\t<svg xmlns=\"http:\/\/www.w3.org\/2000\/svg\" width=\"12\" height=\"12\" fill=\"none\" viewBox=\"0 0 12 12\">\n\t\t\t\t<path fill=\"#fff\" d=\"M2 0a2 2 0 0 0-2 2v2h1.5V2a.5.5 0 0 1 .5-.5h2V0H2Zm2 10.5H2a.5.5 0 0 1-.5-.5V8H0v2a2 2 0 0 0 2 2h2v-1.5ZM8 12v-1.5h2a.5.5 0 0 0 .5-.5V8H12v2a2 2 0 0 1-2 2H8Zm2-12a2 2 0 0 1 2 2v2h-1.5V2a.5.5 0 0 0-.5-.5H8V0h2Z\" \/>\n\t\t\t<\/svg>\n\t\t<\/button><\/figure>\n<\/figure>\n","protected":false},"excerpt":{"rendered":"<p>Cartes des observatoires de la zone critique et de leurs capteurs. Projet TERRA FORMA Equipex + CNRS Objet : Cartographies des observatoires de la zone critique avec de nouveaux syst\u00e8mes r\u00e9f\u00e9rentiels afin de mieux se positionner dans les diff\u00e9rentes dimensions du milieu (milieu souterrain, neige, agriculture) et r\u00e9v\u00e9ler les points de vue des capteurs (nouvelles&hellip; <a class=\"more-link\" href=\"https:\/\/www.shaa.io\/index.php\/gaiagraphies-2\/\">Poursuivre la lecture <span class=\"screen-reader-text\">Ga\u00efagraphies<\/span><\/a><\/p>\n","protected":false},"author":1,"featured_media":0,"parent":0,"menu_order":0,"comment_status":"closed","ping_status":"closed","template":"","meta":{"footnotes":""},"class_list":["post-921","page","type-page","status-publish","hentry","entry"],"_links":{"self":[{"href":"https:\/\/www.shaa.io\/index.php\/wp-json\/wp\/v2\/pages\/921","targetHints":{"allow":["GET"]}}],"collection":[{"href":"https:\/\/www.shaa.io\/index.php\/wp-json\/wp\/v2\/pages"}],"about":[{"href":"https:\/\/www.shaa.io\/index.php\/wp-json\/wp\/v2\/types\/page"}],"author":[{"embeddable":true,"href":"https:\/\/www.shaa.io\/index.php\/wp-json\/wp\/v2\/users\/1"}],"replies":[{"embeddable":true,"href":"https:\/\/www.shaa.io\/index.php\/wp-json\/wp\/v2\/comments?post=921"}],"version-history":[{"count":9,"href":"https:\/\/www.shaa.io\/index.php\/wp-json\/wp\/v2\/pages\/921\/revisions"}],"predecessor-version":[{"id":1417,"href":"https:\/\/www.shaa.io\/index.php\/wp-json\/wp\/v2\/pages\/921\/revisions\/1417"}],"wp:attachment":[{"href":"https:\/\/www.shaa.io\/index.php\/wp-json\/wp\/v2\/media?parent=921"}],"curies":[{"name":"wp","href":"https:\/\/api.w.org\/{rel}","templated":true}]}}