{"id":902,"date":"2024-07-12T11:02:46","date_gmt":"2024-07-12T09:02:46","guid":{"rendered":"http:\/\/www.shaa.io\/?page_id=902"},"modified":"2025-01-30T09:54:48","modified_gmt":"2025-01-30T08:54:48","slug":"critical-zone-observatory-space","status":"publish","type":"page","link":"https:\/\/www.shaa.io\/index.php\/critical-zone-observatory-space\/","title":{"rendered":"Critical zone observatory space"},"content":{"rendered":"\n<h2 class=\"wp-block-heading alignwide has-large-font-size\">Installation ZKM museum (Karlsruhe Allemagne). Collective exhibition \u00ab\u00a0Critical Zones. Observatories for Earthly Politics\u00a0\u00bb by Bruno Latour &amp; Peter Weibel.<\/h2>\n\n\n\n<div class=\"wp-block-columns alignwide is-layout-flex wp-container-core-columns-is-layout-9d6595d7 wp-block-columns-is-layout-flex\">\n<div class=\"wp-block-column is-layout-flow wp-block-column-is-layout-flow\">\n<p class=\"has-extra-small-font-size\">L\u2019installation \u2018CZO space\u2019 reconstitue un \u00ab morceau de paysage\u00bb, un observatoire de l\u2019environnement, dans l\u2019atrium du mus\u00e9e ZKM, donnant aux visiteurs l\u2019acc\u00e8s aux instruments des scientifiques qui d\u00e9composent la for\u00eat vosgienne en de nombreux composants, \u00e9v\u00e9nements et ph\u00e9nom\u00e8nes. Mise \u00e0 l\u2019\u00e9chelle dans le volume spatial du ZKM, nous nous d\u00e9pla\u00e7ons \u00e0 l\u2019int\u00e9rieur du bassin versant du Strengbach, d\u2019une station instrument\u00e9e \u00e0 une autre, de l\u2019atmosph\u00e8re en surface aux roches en profondeur. Ici, dans cette partie de la for\u00eat vosgienne, les scientifiques retracent la pollution par le soufre et les pluies acides caus\u00e9es par les gaz industriels. Nous suivons les grains de sol et les gouttes d\u2019eau du site au laboratoire. Le site instrument\u00e9, d\u2019une superficie de 80 hectares et d\u2019une profondeur de 150 m\u00e8tres, est un paysage multifocal de la zone critique que seuls des capteurs peuvent saisir : ici l\u2019orchestre des \u00e9l\u00e9ments chimiques de la rivi\u00e8re, ici les vagues de la mer du Nord qui se font sentir dans les profondeurs du sol, ici les chroniques du soufre qui retracent l\u2019histoire de la for\u00eat, ici l\u2019eau fossilis\u00e9e, le murmure du sol, les min\u00e9raux dans les roches, la fragilit\u00e9 des arbres face au changement climatique, &#8230;<\/p>\n\n\n\n<p class=\"has-extra-small-font-size\">Une collaboration proche avec les scientifiques de la Zone Critique a permis la r\u00e9alisation de cartes d\u00e9crivant les effets des \u00e9missions de soufre sur la for\u00eat des Vosges, de l\u2019atmosph\u00e8re jusqu\u2019au roches en passant par les diff\u00e9rentes esp\u00e8ces d\u2019arbres peuplant ce bassin-versant. La r\u00e9alisation des cartes est compl\u00e9mentaire \u00e0 l\u2019installation \u2018CZO space\u2019. Ces cartes reprennent les mod\u00e8les de Terra Forma, testent et valident leur efficacit\u00e9 dans la compr\u00e9hension des enjeux environnementaux et \u00e9tablissent une m\u00e9diation entre savoirs scientifiques et sensibilisation d\u2019un public non scientifique.&nbsp;<\/p>\n\n\n\n<p><strong><a href=\"HTTPS:\/\/CRITICAL-ZONES.ZKM.DE\/#!\/DETAIL:CRITICAL-ZONE-OBSERVATORY-SPACE\">VISITE DE L\u2019EXPOSITION VIRTUELLE<\/a><\/strong><\/p>\n<\/div>\n<\/div>\n\n\n\n<details class=\"wp-block-details alignwide is-layout-flow wp-block-details-is-layout-flow\"><summary>INFO<\/summary>\n<p class=\"has-extra-small-font-size\"><strong>MAITRISE D\u2019OUVRAGE&nbsp;:&nbsp;<\/strong>ZKM MUSEUM ART &amp; MEDIA, BRUNO LATOUR ET PETER WIEBEL CURATEURS, EXPOSITION COLLECTIVE \u201cCRITICAL ZONES. OBSERVATORIES FOR EARTHLY POLITICS\u201d&nbsp;<strong><\/strong><\/p>\n\n\n\n<p class=\"has-extra-small-font-size\"><strong>\u00c9QUIPE :&nbsp;<\/strong>SOC, SHAA + LABORATOIRES DES SCIENCES DE LA TERRE IPGP ET OHGE, R\u00c9SEAU OZCAR<\/p>\n\n\n\n<p class=\"has-extra-small-font-size\">FILM : SONIA LEVY ; SONS : PATRICK FRANKE ; CARTES : ALEXANDRA AR\u00c8NES AND AXELLE GR\u00c9GOIRE ; ASSISTANTE FILM : FR\u00c9D\u00c9RIQUE VIVET ; ANIMATION CYCLES : JULIETTE HAMON DAMOURETTE ET SONIA LEVY ; COMPOSITEUR : GR\u00c9GOIRE LORIEUX ; DESIGNER CONSULTANT SOC : MAJID HAJMIRBABA, RENAUD HAURAY.<\/p>\n\n\n\n<p class=\"has-extra-small-font-size\"><strong>MISSION<\/strong>&nbsp;: CONCEPTION, CONTENU, PLANS D\u2019EXECUTION D\u2019UNE INSTALLATION ET R\u00c9ALISATION PARTIELLE +&nbsp;ENQU\u00caTE CARTOGRAPHIQUE DANS UN OBSERVATOIRE DE LA ZONE CRITIQUE<\/p>\n\n\n\n<p class=\"has-extra-small-font-size\"><strong>PROGRAMME<\/strong>&nbsp;: REPRODUCTION D\u2019UN OBSERVATOIRE DE LA ZONE CRITIQUE DU STRENGBACH DANS LES VOSGES (ALSACE) + CARTE, VIDEO, FILMS, SONS, TEXTES<\/p>\n\n\n\n<p class=\"has-extra-small-font-size\"><strong>LOCALISATION&nbsp;<\/strong>: KARLSRUHE, ALLEMAGNE +&nbsp;WEB<\/p>\n\n\n\n<p class=\"has-extra-small-font-size\"><\/p>\n\n\n\n<p class=\"has-extra-small-font-size\"><strong>PERIODE D\u2019EXPOSITION :<\/strong>&nbsp;2020 \u2013 2022<\/p>\n<\/details>\n\n\n\n<figure class=\"wp-block-image alignwide size-full\"><img loading=\"lazy\" decoding=\"async\" width=\"2362\" height=\"1772\" src=\"https:\/\/www.shaa.io\/wp-content\/uploads\/2024\/07\/Fig.2_entrance.jpg\" alt=\"\" class=\"wp-image-896\" srcset=\"https:\/\/www.shaa.io\/wp-content\/uploads\/2024\/07\/Fig.2_entrance.jpg 2362w, https:\/\/www.shaa.io\/wp-content\/uploads\/2024\/07\/Fig.2_entrance-300x225.jpg 300w, https:\/\/www.shaa.io\/wp-content\/uploads\/2024\/07\/Fig.2_entrance-1024x768.jpg 1024w, https:\/\/www.shaa.io\/wp-content\/uploads\/2024\/07\/Fig.2_entrance-768x576.jpg 768w, https:\/\/www.shaa.io\/wp-content\/uploads\/2024\/07\/Fig.2_entrance-1536x1152.jpg 1536w, https:\/\/www.shaa.io\/wp-content\/uploads\/2024\/07\/Fig.2_entrance-2048x1536.jpg 2048w, https:\/\/www.shaa.io\/wp-content\/uploads\/2024\/07\/Fig.2_entrance-1568x1176.jpg 1568w\" sizes=\"auto, (max-width: 2362px) 100vw, 2362px\" \/><figcaption class=\"wp-element-caption\">Photos@tobiaswootton.com<\/figcaption><\/figure>\n\n\n\n<figure class=\"wp-block-gallery alignwide has-nested-images columns-4 is-cropped wp-block-gallery-1 is-layout-flex wp-block-gallery-is-layout-flex\">\n<figure data-wp-context=\"{&quot;imageId&quot;:&quot;69e444ac0621b&quot;}\" data-wp-interactive=\"core\/image\" data-wp-key=\"69e444ac0621b\" class=\"wp-block-image size-full wp-lightbox-container\"><img loading=\"lazy\" decoding=\"async\" width=\"2362\" height=\"1772\" data-wp-class--hide=\"state.isContentHidden\" data-wp-class--show=\"state.isContentVisible\" data-wp-init=\"callbacks.setButtonStyles\" data-wp-on--click=\"actions.showLightbox\" data-wp-on--load=\"callbacks.setButtonStyles\" data-wp-on-window--resize=\"callbacks.setButtonStyles\" data-id=\"901\" src=\"https:\/\/www.shaa.io\/wp-content\/uploads\/2024\/07\/Fig.9_general.jpg\" alt=\"\" class=\"wp-image-901\" srcset=\"https:\/\/www.shaa.io\/wp-content\/uploads\/2024\/07\/Fig.9_general.jpg 2362w, https:\/\/www.shaa.io\/wp-content\/uploads\/2024\/07\/Fig.9_general-300x225.jpg 300w, https:\/\/www.shaa.io\/wp-content\/uploads\/2024\/07\/Fig.9_general-1024x768.jpg 1024w, https:\/\/www.shaa.io\/wp-content\/uploads\/2024\/07\/Fig.9_general-768x576.jpg 768w, https:\/\/www.shaa.io\/wp-content\/uploads\/2024\/07\/Fig.9_general-1536x1152.jpg 1536w, https:\/\/www.shaa.io\/wp-content\/uploads\/2024\/07\/Fig.9_general-2048x1536.jpg 2048w, https:\/\/www.shaa.io\/wp-content\/uploads\/2024\/07\/Fig.9_general-1568x1176.jpg 1568w\" sizes=\"auto, (max-width: 2362px) 100vw, 2362px\" \/><button\n\t\t\tclass=\"lightbox-trigger\"\n\t\t\ttype=\"button\"\n\t\t\taria-haspopup=\"dialog\"\n\t\t\taria-label=\"Agrandir\"\n\t\t\tdata-wp-init=\"callbacks.initTriggerButton\"\n\t\t\tdata-wp-on--click=\"actions.showLightbox\"\n\t\t\tdata-wp-style--right=\"state.imageButtonRight\"\n\t\t\tdata-wp-style--top=\"state.imageButtonTop\"\n\t\t>\n\t\t\t<svg xmlns=\"http:\/\/www.w3.org\/2000\/svg\" width=\"12\" height=\"12\" fill=\"none\" viewBox=\"0 0 12 12\">\n\t\t\t\t<path fill=\"#fff\" d=\"M2 0a2 2 0 0 0-2 2v2h1.5V2a.5.5 0 0 1 .5-.5h2V0H2Zm2 10.5H2a.5.5 0 0 1-.5-.5V8H0v2a2 2 0 0 0 2 2h2v-1.5ZM8 12v-1.5h2a.5.5 0 0 0 .5-.5V8H12v2a2 2 0 0 1-2 2H8Zm2-12a2 2 0 0 1 2 2v2h-1.5V2a.5.5 0 0 0-.5-.5H8V0h2Z\" \/>\n\t\t\t<\/svg>\n\t\t<\/button><\/figure>\n\n\n\n<figure data-wp-context=\"{&quot;imageId&quot;:&quot;69e444ac066b2&quot;}\" data-wp-interactive=\"core\/image\" data-wp-key=\"69e444ac066b2\" class=\"wp-block-image size-full wp-lightbox-container\"><img loading=\"lazy\" decoding=\"async\" width=\"2362\" height=\"1660\" data-wp-class--hide=\"state.isContentHidden\" data-wp-class--show=\"state.isContentVisible\" data-wp-init=\"callbacks.setButtonStyles\" data-wp-on--click=\"actions.showLightbox\" data-wp-on--load=\"callbacks.setButtonStyles\" data-wp-on-window--resize=\"callbacks.setButtonStyles\" data-id=\"900\" src=\"https:\/\/www.shaa.io\/wp-content\/uploads\/2024\/07\/Fig.8_spruce.jpg\" alt=\"\" class=\"wp-image-900\" srcset=\"https:\/\/www.shaa.io\/wp-content\/uploads\/2024\/07\/Fig.8_spruce.jpg 2362w, https:\/\/www.shaa.io\/wp-content\/uploads\/2024\/07\/Fig.8_spruce-300x211.jpg 300w, https:\/\/www.shaa.io\/wp-content\/uploads\/2024\/07\/Fig.8_spruce-1024x720.jpg 1024w, https:\/\/www.shaa.io\/wp-content\/uploads\/2024\/07\/Fig.8_spruce-768x540.jpg 768w, https:\/\/www.shaa.io\/wp-content\/uploads\/2024\/07\/Fig.8_spruce-1536x1079.jpg 1536w, https:\/\/www.shaa.io\/wp-content\/uploads\/2024\/07\/Fig.8_spruce-2048x1439.jpg 2048w, https:\/\/www.shaa.io\/wp-content\/uploads\/2024\/07\/Fig.8_spruce-1568x1102.jpg 1568w\" sizes=\"auto, (max-width: 2362px) 100vw, 2362px\" \/><button\n\t\t\tclass=\"lightbox-trigger\"\n\t\t\ttype=\"button\"\n\t\t\taria-haspopup=\"dialog\"\n\t\t\taria-label=\"Agrandir\"\n\t\t\tdata-wp-init=\"callbacks.initTriggerButton\"\n\t\t\tdata-wp-on--click=\"actions.showLightbox\"\n\t\t\tdata-wp-style--right=\"state.imageButtonRight\"\n\t\t\tdata-wp-style--top=\"state.imageButtonTop\"\n\t\t>\n\t\t\t<svg xmlns=\"http:\/\/www.w3.org\/2000\/svg\" width=\"12\" height=\"12\" fill=\"none\" viewBox=\"0 0 12 12\">\n\t\t\t\t<path fill=\"#fff\" d=\"M2 0a2 2 0 0 0-2 2v2h1.5V2a.5.5 0 0 1 .5-.5h2V0H2Zm2 10.5H2a.5.5 0 0 1-.5-.5V8H0v2a2 2 0 0 0 2 2h2v-1.5ZM8 12v-1.5h2a.5.5 0 0 0 .5-.5V8H12v2a2 2 0 0 1-2 2H8Zm2-12a2 2 0 0 1 2 2v2h-1.5V2a.5.5 0 0 0-.5-.5H8V0h2Z\" \/>\n\t\t\t<\/svg>\n\t\t<\/button><\/figure>\n\n\n\n<figure data-wp-context=\"{&quot;imageId&quot;:&quot;69e444ac06a6b&quot;}\" data-wp-interactive=\"core\/image\" data-wp-key=\"69e444ac06a6b\" class=\"wp-block-image size-full wp-lightbox-container\"><img loading=\"lazy\" decoding=\"async\" width=\"2362\" height=\"1772\" data-wp-class--hide=\"state.isContentHidden\" data-wp-class--show=\"state.isContentVisible\" data-wp-init=\"callbacks.setButtonStyles\" data-wp-on--click=\"actions.showLightbox\" data-wp-on--load=\"callbacks.setButtonStyles\" data-wp-on-window--resize=\"callbacks.setButtonStyles\" data-id=\"899\" src=\"https:\/\/www.shaa.io\/wp-content\/uploads\/2024\/07\/Fig.7_weather.jpg\" alt=\"\" class=\"wp-image-899\" srcset=\"https:\/\/www.shaa.io\/wp-content\/uploads\/2024\/07\/Fig.7_weather.jpg 2362w, https:\/\/www.shaa.io\/wp-content\/uploads\/2024\/07\/Fig.7_weather-300x225.jpg 300w, https:\/\/www.shaa.io\/wp-content\/uploads\/2024\/07\/Fig.7_weather-1024x768.jpg 1024w, https:\/\/www.shaa.io\/wp-content\/uploads\/2024\/07\/Fig.7_weather-768x576.jpg 768w, https:\/\/www.shaa.io\/wp-content\/uploads\/2024\/07\/Fig.7_weather-1536x1152.jpg 1536w, https:\/\/www.shaa.io\/wp-content\/uploads\/2024\/07\/Fig.7_weather-2048x1536.jpg 2048w, https:\/\/www.shaa.io\/wp-content\/uploads\/2024\/07\/Fig.7_weather-1568x1176.jpg 1568w\" sizes=\"auto, (max-width: 2362px) 100vw, 2362px\" \/><button\n\t\t\tclass=\"lightbox-trigger\"\n\t\t\ttype=\"button\"\n\t\t\taria-haspopup=\"dialog\"\n\t\t\taria-label=\"Agrandir\"\n\t\t\tdata-wp-init=\"callbacks.initTriggerButton\"\n\t\t\tdata-wp-on--click=\"actions.showLightbox\"\n\t\t\tdata-wp-style--right=\"state.imageButtonRight\"\n\t\t\tdata-wp-style--top=\"state.imageButtonTop\"\n\t\t>\n\t\t\t<svg xmlns=\"http:\/\/www.w3.org\/2000\/svg\" width=\"12\" height=\"12\" fill=\"none\" viewBox=\"0 0 12 12\">\n\t\t\t\t<path fill=\"#fff\" d=\"M2 0a2 2 0 0 0-2 2v2h1.5V2a.5.5 0 0 1 .5-.5h2V0H2Zm2 10.5H2a.5.5 0 0 1-.5-.5V8H0v2a2 2 0 0 0 2 2h2v-1.5ZM8 12v-1.5h2a.5.5 0 0 0 .5-.5V8H12v2a2 2 0 0 1-2 2H8Zm2-12a2 2 0 0 1 2 2v2h-1.5V2a.5.5 0 0 0-.5-.5H8V0h2Z\" \/>\n\t\t\t<\/svg>\n\t\t<\/button><\/figure>\n\n\n\n<figure data-wp-context=\"{&quot;imageId&quot;:&quot;69e444ac06df7&quot;}\" data-wp-interactive=\"core\/image\" data-wp-key=\"69e444ac06df7\" class=\"wp-block-image size-full wp-lightbox-container\"><img loading=\"lazy\" decoding=\"async\" width=\"1772\" height=\"2362\" data-wp-class--hide=\"state.isContentHidden\" data-wp-class--show=\"state.isContentVisible\" data-wp-init=\"callbacks.setButtonStyles\" data-wp-on--click=\"actions.showLightbox\" data-wp-on--load=\"callbacks.setButtonStyles\" data-wp-on-window--resize=\"callbacks.setButtonStyles\" data-id=\"898\" src=\"https:\/\/www.shaa.io\/wp-content\/uploads\/2024\/07\/Fig.6_beech.jpg\" alt=\"\" class=\"wp-image-898\" srcset=\"https:\/\/www.shaa.io\/wp-content\/uploads\/2024\/07\/Fig.6_beech.jpg 1772w, https:\/\/www.shaa.io\/wp-content\/uploads\/2024\/07\/Fig.6_beech-225x300.jpg 225w, https:\/\/www.shaa.io\/wp-content\/uploads\/2024\/07\/Fig.6_beech-768x1024.jpg 768w, https:\/\/www.shaa.io\/wp-content\/uploads\/2024\/07\/Fig.6_beech-1152x1536.jpg 1152w, https:\/\/www.shaa.io\/wp-content\/uploads\/2024\/07\/Fig.6_beech-1536x2048.jpg 1536w, https:\/\/www.shaa.io\/wp-content\/uploads\/2024\/07\/Fig.6_beech-1568x2090.jpg 1568w\" sizes=\"auto, (max-width: 1772px) 100vw, 1772px\" \/><button\n\t\t\tclass=\"lightbox-trigger\"\n\t\t\ttype=\"button\"\n\t\t\taria-haspopup=\"dialog\"\n\t\t\taria-label=\"Agrandir\"\n\t\t\tdata-wp-init=\"callbacks.initTriggerButton\"\n\t\t\tdata-wp-on--click=\"actions.showLightbox\"\n\t\t\tdata-wp-style--right=\"state.imageButtonRight\"\n\t\t\tdata-wp-style--top=\"state.imageButtonTop\"\n\t\t>\n\t\t\t<svg xmlns=\"http:\/\/www.w3.org\/2000\/svg\" width=\"12\" height=\"12\" fill=\"none\" viewBox=\"0 0 12 12\">\n\t\t\t\t<path fill=\"#fff\" d=\"M2 0a2 2 0 0 0-2 2v2h1.5V2a.5.5 0 0 1 .5-.5h2V0H2Zm2 10.5H2a.5.5 0 0 1-.5-.5V8H0v2a2 2 0 0 0 2 2h2v-1.5ZM8 12v-1.5h2a.5.5 0 0 0 .5-.5V8H12v2a2 2 0 0 1-2 2H8Zm2-12a2 2 0 0 1 2 2v2h-1.5V2a.5.5 0 0 0-.5-.5H8V0h2Z\" \/>\n\t\t\t<\/svg>\n\t\t<\/button><\/figure>\n\n\n\n<figure data-wp-context=\"{&quot;imageId&quot;:&quot;69e444ac071a7&quot;}\" data-wp-interactive=\"core\/image\" data-wp-key=\"69e444ac071a7\" class=\"wp-block-image size-full wp-lightbox-container\"><img loading=\"lazy\" decoding=\"async\" width=\"2362\" height=\"1772\" data-wp-class--hide=\"state.isContentHidden\" data-wp-class--show=\"state.isContentVisible\" data-wp-init=\"callbacks.setButtonStyles\" data-wp-on--click=\"actions.showLightbox\" data-wp-on--load=\"callbacks.setButtonStyles\" data-wp-on-window--resize=\"callbacks.setButtonStyles\" data-id=\"897\" src=\"https:\/\/www.shaa.io\/wp-content\/uploads\/2024\/07\/Fig.5_riverlab.jpg\" alt=\"\" class=\"wp-image-897\" srcset=\"https:\/\/www.shaa.io\/wp-content\/uploads\/2024\/07\/Fig.5_riverlab.jpg 2362w, https:\/\/www.shaa.io\/wp-content\/uploads\/2024\/07\/Fig.5_riverlab-300x225.jpg 300w, https:\/\/www.shaa.io\/wp-content\/uploads\/2024\/07\/Fig.5_riverlab-1024x768.jpg 1024w, https:\/\/www.shaa.io\/wp-content\/uploads\/2024\/07\/Fig.5_riverlab-768x576.jpg 768w, https:\/\/www.shaa.io\/wp-content\/uploads\/2024\/07\/Fig.5_riverlab-1536x1152.jpg 1536w, https:\/\/www.shaa.io\/wp-content\/uploads\/2024\/07\/Fig.5_riverlab-2048x1536.jpg 2048w, https:\/\/www.shaa.io\/wp-content\/uploads\/2024\/07\/Fig.5_riverlab-1568x1176.jpg 1568w\" sizes=\"auto, (max-width: 2362px) 100vw, 2362px\" \/><button\n\t\t\tclass=\"lightbox-trigger\"\n\t\t\ttype=\"button\"\n\t\t\taria-haspopup=\"dialog\"\n\t\t\taria-label=\"Agrandir\"\n\t\t\tdata-wp-init=\"callbacks.initTriggerButton\"\n\t\t\tdata-wp-on--click=\"actions.showLightbox\"\n\t\t\tdata-wp-style--right=\"state.imageButtonRight\"\n\t\t\tdata-wp-style--top=\"state.imageButtonTop\"\n\t\t>\n\t\t\t<svg xmlns=\"http:\/\/www.w3.org\/2000\/svg\" width=\"12\" height=\"12\" fill=\"none\" viewBox=\"0 0 12 12\">\n\t\t\t\t<path fill=\"#fff\" d=\"M2 0a2 2 0 0 0-2 2v2h1.5V2a.5.5 0 0 1 .5-.5h2V0H2Zm2 10.5H2a.5.5 0 0 1-.5-.5V8H0v2a2 2 0 0 0 2 2h2v-1.5ZM8 12v-1.5h2a.5.5 0 0 0 .5-.5V8H12v2a2 2 0 0 1-2 2H8Zm2-12a2 2 0 0 1 2 2v2h-1.5V2a.5.5 0 0 0-.5-.5H8V0h2Z\" \/>\n\t\t\t<\/svg>\n\t\t<\/button><\/figure>\n\n\n\n<figure data-wp-context=\"{&quot;imageId&quot;:&quot;69e444ac0753e&quot;}\" data-wp-interactive=\"core\/image\" data-wp-key=\"69e444ac0753e\" class=\"wp-block-image size-full wp-lightbox-container\"><img loading=\"lazy\" decoding=\"async\" width=\"2560\" height=\"1920\" data-wp-class--hide=\"state.isContentHidden\" data-wp-class--show=\"state.isContentVisible\" data-wp-init=\"callbacks.setButtonStyles\" data-wp-on--click=\"actions.showLightbox\" data-wp-on--load=\"callbacks.setButtonStyles\" data-wp-on-window--resize=\"callbacks.setButtonStyles\" data-id=\"889\" src=\"https:\/\/www.shaa.io\/wp-content\/uploads\/2024\/07\/Fig.3_geophysics-scaled.jpg\" alt=\"\" class=\"wp-image-889\" srcset=\"https:\/\/www.shaa.io\/wp-content\/uploads\/2024\/07\/Fig.3_geophysics-scaled.jpg 2560w, https:\/\/www.shaa.io\/wp-content\/uploads\/2024\/07\/Fig.3_geophysics-300x225.jpg 300w, https:\/\/www.shaa.io\/wp-content\/uploads\/2024\/07\/Fig.3_geophysics-1024x768.jpg 1024w, https:\/\/www.shaa.io\/wp-content\/uploads\/2024\/07\/Fig.3_geophysics-768x576.jpg 768w, https:\/\/www.shaa.io\/wp-content\/uploads\/2024\/07\/Fig.3_geophysics-1536x1152.jpg 1536w, https:\/\/www.shaa.io\/wp-content\/uploads\/2024\/07\/Fig.3_geophysics-2048x1536.jpg 2048w, https:\/\/www.shaa.io\/wp-content\/uploads\/2024\/07\/Fig.3_geophysics-1568x1176.jpg 1568w\" sizes=\"auto, (max-width: 2560px) 100vw, 2560px\" \/><button\n\t\t\tclass=\"lightbox-trigger\"\n\t\t\ttype=\"button\"\n\t\t\taria-haspopup=\"dialog\"\n\t\t\taria-label=\"Agrandir\"\n\t\t\tdata-wp-init=\"callbacks.initTriggerButton\"\n\t\t\tdata-wp-on--click=\"actions.showLightbox\"\n\t\t\tdata-wp-style--right=\"state.imageButtonRight\"\n\t\t\tdata-wp-style--top=\"state.imageButtonTop\"\n\t\t>\n\t\t\t<svg xmlns=\"http:\/\/www.w3.org\/2000\/svg\" width=\"12\" height=\"12\" fill=\"none\" viewBox=\"0 0 12 12\">\n\t\t\t\t<path fill=\"#fff\" d=\"M2 0a2 2 0 0 0-2 2v2h1.5V2a.5.5 0 0 1 .5-.5h2V0H2Zm2 10.5H2a.5.5 0 0 1-.5-.5V8H0v2a2 2 0 0 0 2 2h2v-1.5ZM8 12v-1.5h2a.5.5 0 0 0 .5-.5V8H12v2a2 2 0 0 1-2 2H8Zm2-12a2 2 0 0 1 2 2v2h-1.5V2a.5.5 0 0 0-.5-.5H8V0h2Z\" \/>\n\t\t\t<\/svg>\n\t\t<\/button><\/figure>\n\n\n\n<figure data-wp-context=\"{&quot;imageId&quot;:&quot;69e444ac078ab&quot;}\" data-wp-interactive=\"core\/image\" data-wp-key=\"69e444ac078ab\" class=\"wp-block-image size-full wp-lightbox-container\"><img loading=\"lazy\" decoding=\"async\" width=\"2362\" height=\"1822\" data-wp-class--hide=\"state.isContentHidden\" data-wp-class--show=\"state.isContentVisible\" data-wp-init=\"callbacks.setButtonStyles\" data-wp-on--click=\"actions.showLightbox\" data-wp-on--load=\"callbacks.setButtonStyles\" data-wp-on-window--resize=\"callbacks.setButtonStyles\" data-id=\"895\" src=\"https:\/\/www.shaa.io\/wp-content\/uploads\/2024\/07\/CZO-space_axo.jpg\" alt=\"\" class=\"wp-image-895\" srcset=\"https:\/\/www.shaa.io\/wp-content\/uploads\/2024\/07\/CZO-space_axo.jpg 2362w, https:\/\/www.shaa.io\/wp-content\/uploads\/2024\/07\/CZO-space_axo-300x231.jpg 300w, https:\/\/www.shaa.io\/wp-content\/uploads\/2024\/07\/CZO-space_axo-1024x790.jpg 1024w, https:\/\/www.shaa.io\/wp-content\/uploads\/2024\/07\/CZO-space_axo-768x592.jpg 768w, https:\/\/www.shaa.io\/wp-content\/uploads\/2024\/07\/CZO-space_axo-1536x1185.jpg 1536w, https:\/\/www.shaa.io\/wp-content\/uploads\/2024\/07\/CZO-space_axo-2048x1580.jpg 2048w, https:\/\/www.shaa.io\/wp-content\/uploads\/2024\/07\/CZO-space_axo-1568x1210.jpg 1568w\" sizes=\"auto, (max-width: 2362px) 100vw, 2362px\" \/><button\n\t\t\tclass=\"lightbox-trigger\"\n\t\t\ttype=\"button\"\n\t\t\taria-haspopup=\"dialog\"\n\t\t\taria-label=\"Agrandir\"\n\t\t\tdata-wp-init=\"callbacks.initTriggerButton\"\n\t\t\tdata-wp-on--click=\"actions.showLightbox\"\n\t\t\tdata-wp-style--right=\"state.imageButtonRight\"\n\t\t\tdata-wp-style--top=\"state.imageButtonTop\"\n\t\t>\n\t\t\t<svg xmlns=\"http:\/\/www.w3.org\/2000\/svg\" width=\"12\" height=\"12\" fill=\"none\" viewBox=\"0 0 12 12\">\n\t\t\t\t<path fill=\"#fff\" d=\"M2 0a2 2 0 0 0-2 2v2h1.5V2a.5.5 0 0 1 .5-.5h2V0H2Zm2 10.5H2a.5.5 0 0 1-.5-.5V8H0v2a2 2 0 0 0 2 2h2v-1.5ZM8 12v-1.5h2a.5.5 0 0 0 .5-.5V8H12v2a2 2 0 0 1-2 2H8Zm2-12a2 2 0 0 1 2 2v2h-1.5V2a.5.5 0 0 0-.5-.5H8V0h2Z\" \/>\n\t\t\t<\/svg>\n\t\t<\/button><\/figure>\n<\/figure>\n","protected":false},"excerpt":{"rendered":"<p>Installation ZKM museum (Karlsruhe Allemagne). Collective exhibition \u00ab\u00a0Critical Zones. Observatories for Earthly Politics\u00a0\u00bb by Bruno Latour &amp; Peter Weibel. L\u2019installation \u2018CZO space\u2019 reconstitue un \u00ab morceau de paysage\u00bb, un observatoire de l\u2019environnement, dans l\u2019atrium du mus\u00e9e ZKM, donnant aux visiteurs l\u2019acc\u00e8s aux instruments des scientifiques qui d\u00e9composent la for\u00eat vosgienne en de nombreux composants, \u00e9v\u00e9nements&hellip; <a class=\"more-link\" href=\"https:\/\/www.shaa.io\/index.php\/critical-zone-observatory-space\/\">Poursuivre la lecture <span class=\"screen-reader-text\">Critical zone observatory space<\/span><\/a><\/p>\n","protected":false},"author":1,"featured_media":0,"parent":0,"menu_order":0,"comment_status":"closed","ping_status":"closed","template":"","meta":{"footnotes":""},"class_list":["post-902","page","type-page","status-publish","hentry","entry"],"_links":{"self":[{"href":"https:\/\/www.shaa.io\/index.php\/wp-json\/wp\/v2\/pages\/902","targetHints":{"allow":["GET"]}}],"collection":[{"href":"https:\/\/www.shaa.io\/index.php\/wp-json\/wp\/v2\/pages"}],"about":[{"href":"https:\/\/www.shaa.io\/index.php\/wp-json\/wp\/v2\/types\/page"}],"author":[{"embeddable":true,"href":"https:\/\/www.shaa.io\/index.php\/wp-json\/wp\/v2\/users\/1"}],"replies":[{"embeddable":true,"href":"https:\/\/www.shaa.io\/index.php\/wp-json\/wp\/v2\/comments?post=902"}],"version-history":[{"count":6,"href":"https:\/\/www.shaa.io\/index.php\/wp-json\/wp\/v2\/pages\/902\/revisions"}],"predecessor-version":[{"id":1410,"href":"https:\/\/www.shaa.io\/index.php\/wp-json\/wp\/v2\/pages\/902\/revisions\/1410"}],"wp:attachment":[{"href":"https:\/\/www.shaa.io\/index.php\/wp-json\/wp\/v2\/media?parent=902"}],"curies":[{"name":"wp","href":"https:\/\/api.w.org\/{rel}","templated":true}]}}