{"id":878,"date":"2024-07-10T19:16:24","date_gmt":"2024-07-10T17:16:24","guid":{"rendered":"http:\/\/www.shaa.io\/?page_id=878"},"modified":"2024-07-12T10:01:59","modified_gmt":"2024-07-12T08:01:59","slug":"bureau-rue-danton","status":"publish","type":"page","link":"https:\/\/www.shaa.io\/index.php\/bureau-rue-danton\/","title":{"rendered":"Bureau rue Danton"},"content":{"rendered":"\n<div class=\"wp-block-columns alignwide is-layout-flex wp-container-core-columns-is-layout-9d6595d7 wp-block-columns-is-layout-flex\">\n<div class=\"wp-block-column is-layout-flow wp-block-column-is-layout-flow\">\n<p class=\"has-extra-small-font-size\">R\u00e9novation d\u2019une chambre de bonne en bureau. Les parois du bureau en bois int\u00e9grant une biblioth\u00e8que ont \u00e9t\u00e9 fabriqu\u00e9es en atelier et con\u00e7ues pour \u00eatre pos\u00e9es facilement sur place. Un principe de d\u00e9coupage\/pliage a \u00e9t\u00e9 invent\u00e9 \u00e0 cette fin. Ensuite, le reste des murs a \u00e9t\u00e9 enduit en terre, un m\u00e9lange d\u2019argile qui assainit la pi\u00e8ce et conf\u00e8re une ambiance chaleureuse \u00e0 l\u2019espace gr\u00e2ce \u00e0 l\u2019association bois-terre.<\/p>\n<\/div>\n<\/div>\n\n\n\n<details class=\"wp-block-details alignwide is-layout-flow wp-block-details-is-layout-flow\"><summary>INFO<\/summary>\n<p class=\"has-extra-small-font-size\"><strong>MAITRISE D\u2019OUVRAGE&nbsp;:&nbsp;<\/strong>PRIV\u00c9 \u2013 BRUNO LATOUR<\/p>\n\n\n\n<p class=\"has-extra-small-font-size\"><strong>\u00c9QUIPE&nbsp;:&nbsp;<\/strong>SHAA + SCOLE<\/p>\n\n\n\n<p class=\"has-extra-small-font-size\"><strong>MISSION&nbsp;:&nbsp;<\/strong>MISSION COMPLETE&nbsp;<\/p>\n\n\n\n<p class=\"has-extra-small-font-size\"><strong>LOCALISATION&nbsp;:&nbsp;<\/strong>PARIS<\/p>\n\n\n\n<p class=\"has-extra-small-font-size\"><strong>PROGRAMME&nbsp;:&nbsp;<\/strong>R\u00c9NOVATION D\u2019UN BUREAU<\/p>\n\n\n\n<p class=\"has-extra-small-font-size\"><strong>SURFACE :&nbsp;<\/strong>9 M<sup>2<\/sup><\/p>\n\n\n\n<p class=\"has-extra-small-font-size\"><strong>DATE&nbsp;:&nbsp;<\/strong>2021<\/p>\n<\/details>\n\n\n\n<figure class=\"wp-block-gallery alignwide has-nested-images columns-default is-cropped wp-block-gallery-1 is-layout-flex wp-block-gallery-is-layout-flex\">\n<figure class=\"wp-block-image size-large\"><img decoding=\"async\" data-id=\"877\" src=\"https:\/\/www.shaa.io\/wp-content\/uploads\/2024\/07\/IMG_8517.heic\" alt=\"\" class=\"wp-image-877\"\/><\/figure>\n\n\n\n<figure class=\"wp-block-image size-large\"><img decoding=\"async\" data-id=\"876\" src=\"https:\/\/www.shaa.io\/wp-content\/uploads\/2024\/07\/IMG_8516.heic\" alt=\"\" class=\"wp-image-876\"\/><\/figure>\n\n\n\n<figure class=\"wp-block-image size-large\"><img decoding=\"async\" data-id=\"875\" src=\"https:\/\/www.shaa.io\/wp-content\/uploads\/2024\/07\/IMG_8509.heic\" alt=\"\" class=\"wp-image-875\"\/><\/figure>\n\n\n\n<figure class=\"wp-block-image size-large\"><img decoding=\"async\" data-id=\"874\" src=\"https:\/\/www.shaa.io\/wp-content\/uploads\/2024\/07\/IMG_6812.heic\" alt=\"\" class=\"wp-image-874\"\/><\/figure>\n\n\n\n<figure class=\"wp-block-image size-large\"><img loading=\"lazy\" decoding=\"async\" width=\"1024\" height=\"819\" data-id=\"873\" src=\"https:\/\/www.shaa.io\/wp-content\/uploads\/2024\/07\/20210316-cagibi_rue-danton-V2-1024x819.jpg\" alt=\"\" class=\"wp-image-873\" srcset=\"https:\/\/www.shaa.io\/wp-content\/uploads\/2024\/07\/20210316-cagibi_rue-danton-V2-1024x819.jpg 1024w, https:\/\/www.shaa.io\/wp-content\/uploads\/2024\/07\/20210316-cagibi_rue-danton-V2-300x240.jpg 300w, https:\/\/www.shaa.io\/wp-content\/uploads\/2024\/07\/20210316-cagibi_rue-danton-V2-768x614.jpg 768w, https:\/\/www.shaa.io\/wp-content\/uploads\/2024\/07\/20210316-cagibi_rue-danton-V2-1536x1228.jpg 1536w, https:\/\/www.shaa.io\/wp-content\/uploads\/2024\/07\/20210316-cagibi_rue-danton-V2-1568x1254.jpg 1568w, https:\/\/www.shaa.io\/wp-content\/uploads\/2024\/07\/20210316-cagibi_rue-danton-V2.jpg 1911w\" sizes=\"auto, (max-width: 1024px) 100vw, 1024px\" \/><\/figure>\n\n\n\n<figure class=\"wp-block-image size-large\"><img loading=\"lazy\" decoding=\"async\" width=\"774\" height=\"1024\" data-id=\"872\" src=\"https:\/\/www.shaa.io\/wp-content\/uploads\/2024\/07\/20210317_rue-Danton-axo-774x1024.jpg\" alt=\"\" class=\"wp-image-872\" srcset=\"https:\/\/www.shaa.io\/wp-content\/uploads\/2024\/07\/20210317_rue-Danton-axo-774x1024.jpg 774w, https:\/\/www.shaa.io\/wp-content\/uploads\/2024\/07\/20210317_rue-Danton-axo-227x300.jpg 227w, https:\/\/www.shaa.io\/wp-content\/uploads\/2024\/07\/20210317_rue-Danton-axo-768x1016.jpg 768w, https:\/\/www.shaa.io\/wp-content\/uploads\/2024\/07\/20210317_rue-Danton-axo-1161x1536.jpg 1161w, https:\/\/www.shaa.io\/wp-content\/uploads\/2024\/07\/20210317_rue-Danton-axo-1548x2048.jpg 1548w, https:\/\/www.shaa.io\/wp-content\/uploads\/2024\/07\/20210317_rue-Danton-axo-1568x2074.jpg 1568w, https:\/\/www.shaa.io\/wp-content\/uploads\/2024\/07\/20210317_rue-Danton-axo-scaled.jpg 1935w\" sizes=\"auto, (max-width: 774px) 100vw, 774px\" \/><\/figure>\n<\/figure>\n","protected":false},"excerpt":{"rendered":"<p>R\u00e9novation d\u2019une chambre de bonne en bureau. Les parois du bureau en bois int\u00e9grant une biblioth\u00e8que ont \u00e9t\u00e9 fabriqu\u00e9es en atelier et con\u00e7ues pour \u00eatre pos\u00e9es facilement sur place. Un principe de d\u00e9coupage\/pliage a \u00e9t\u00e9 invent\u00e9 \u00e0 cette fin. Ensuite, le reste des murs a \u00e9t\u00e9 enduit en terre, un m\u00e9lange d\u2019argile qui assainit la&hellip; <a class=\"more-link\" href=\"https:\/\/www.shaa.io\/index.php\/bureau-rue-danton\/\">Poursuivre la lecture <span class=\"screen-reader-text\">Bureau rue Danton<\/span><\/a><\/p>\n","protected":false},"author":1,"featured_media":0,"parent":0,"menu_order":0,"comment_status":"closed","ping_status":"closed","template":"","meta":{"footnotes":""},"class_list":["post-878","page","type-page","status-publish","hentry","entry"],"_links":{"self":[{"href":"https:\/\/www.shaa.io\/index.php\/wp-json\/wp\/v2\/pages\/878","targetHints":{"allow":["GET"]}}],"collection":[{"href":"https:\/\/www.shaa.io\/index.php\/wp-json\/wp\/v2\/pages"}],"about":[{"href":"https:\/\/www.shaa.io\/index.php\/wp-json\/wp\/v2\/types\/page"}],"author":[{"embeddable":true,"href":"https:\/\/www.shaa.io\/index.php\/wp-json\/wp\/v2\/users\/1"}],"replies":[{"embeddable":true,"href":"https:\/\/www.shaa.io\/index.php\/wp-json\/wp\/v2\/comments?post=878"}],"version-history":[{"count":4,"href":"https:\/\/www.shaa.io\/index.php\/wp-json\/wp\/v2\/pages\/878\/revisions"}],"predecessor-version":[{"id":882,"href":"https:\/\/www.shaa.io\/index.php\/wp-json\/wp\/v2\/pages\/878\/revisions\/882"}],"wp:attachment":[{"href":"https:\/\/www.shaa.io\/index.php\/wp-json\/wp\/v2\/media?parent=878"}],"curies":[{"name":"wp","href":"https:\/\/api.w.org\/{rel}","templated":true}]}}