{"id":850,"date":"2024-07-10T19:00:04","date_gmt":"2024-07-10T17:00:04","guid":{"rendered":"http:\/\/www.shaa.io\/?page_id=850"},"modified":"2025-01-30T09:53:40","modified_gmt":"2025-01-30T08:53:40","slug":"ville-foret-erdre-porterie","status":"publish","type":"page","link":"https:\/\/www.shaa.io\/index.php\/ville-foret-erdre-porterie\/","title":{"rendered":"Ville-for\u00eat, Erdre Porterie"},"content":{"rendered":"\n<h2 class=\"wp-block-heading alignwide has-large-font-size\">Nantes, Conardi\u00e8re, biogeosourcing <\/h2>\n\n\n\n<div class=\"wp-block-columns alignwide is-layout-flex wp-container-core-columns-is-layout-9d6595d7 wp-block-columns-is-layout-flex\">\n<div class=\"wp-block-column is-layout-flow wp-block-column-is-layout-flow\">\n<p class=\"has-extra-small-font-size\">Ce projet d\u2019am\u00e9nagement urbain de la ZAC Erdre Porterie compose un triptyque avec Centre-bourg et B\u00eale Champ de tir. Ici, l\u2019enjeu est la construction d\u2019un quartier dans un site naturel o\u00f9 la prise en compte de la biodiversit\u00e9 est primordiale.<\/p>\n\n\n\n<p class=\"has-extra-small-font-size\">Le parti urbain propos\u00e9 pour la Conardi\u00e8re est fond\u00e9 sur la proposition d\u2019une offre d\u2019habitat en relation directe au sol naturel et \u00e0 un espace ext\u00e9rieur, quel que soit la typologie envisag\u00e9e. Ainsi nous proposons de maintenir une relation constante entre l\u2019int\u00e9rieur et l\u2019ext\u00e9rieur, et pr\u00e9cis\u00e9ment l\u2019acc\u00e8s \u00e0 un sol qui soit \u201cnaturel\u201d, \u00e0 savoir de pleine terre, appropriable et v\u00e9g\u00e9talisable. Cette r\u00e8gle a pour effet d\u2019associer \u00e0 chaque logement un espace ext\u00e9rieur privatisable qui prolonge l\u2019espace de vie et tient une fonction de seuil et d\u2019acc\u00e8s, sur une ou sur les deux faces d\u2019un logement.&nbsp;<\/p>\n\n\n\n<p class=\"has-extra-small-font-size\">En p\u00e9riph\u00e9rie du quartier de la Conardi\u00e8re, une lisi\u00e8re \u00e9paisse d\u2019arbres de hautes tiges constitue la premi\u00e8re structure paysag\u00e8re du bocage forestier. Au sud, une lisi\u00e8re foresti\u00e8re fortement plant\u00e9e constitue un \u00e9cran v\u00e9g\u00e9tal entre la rue Port la Blanche et les futures constructions. Cette lisi\u00e8re sud \u00e9tabli \u00e9galement une continuit\u00e9 \u00e9cologique avec la bande plant\u00e9e existante. Au Nord, la lisi\u00e8re plant\u00e9e s\u2019inscrit dans le prolongement des bois existants et cr\u00e9e une transition paysag\u00e8re avec le lotissement pavillonnaire au nord du site.&nbsp;<\/p>\n\n\n\n<p class=\"has-extra-small-font-size\">D\u2019autre part, la mat\u00e9rialit\u00e9 des espaces publics et des b\u00e2timents ont fait l\u2019objet d\u2019une enqu\u00eate visant \u00e0 identifier et mettre en synergie des acteurs de la construction, des savoir-faire et des mat\u00e9riaux engag\u00e9s vers la transition \u00e9cologique, avec la recherche de mat\u00e9riaux biog\u00e9osourc\u00e9s du territoire nantais et des artisans locaux.<\/p>\n<\/div>\n<\/div>\n\n\n\n<details class=\"wp-block-details alignwide is-layout-flow wp-block-details-is-layout-flow\"><summary>INFO<\/summary>\n<p class=\"has-extra-small-font-size\"><strong>MAITRISE D\u2019OUVRAGE&nbsp;:&nbsp;<\/strong>MARCH\u00c9 PUBLIC NANTES M\u00c9TROPOLE AM\u00c9NAGEMENT<\/p>\n\n\n\n<p class=\"has-extra-small-font-size\"><strong>\u00c9QUIPE&nbsp;:&nbsp;<\/strong>SHAA &#8211; RIO-C, BASE, SUEZ CONSULTING<\/p>\n\n\n\n<p class=\"has-extra-small-font-size\"><strong>MISSION&nbsp;:&nbsp;<\/strong>PROJET URBAIN. COORDINATION URBAINE DE LA ZAC ERDRE PORTERIE , PLAN GUIDE, FICHES DE LOT, \u00c9TUDES CAPACITAIRES, SUIVI DE CHANTIER POUR LA CONFORMIT\u00c9 ARCHITECTURAL DES PROJETS, CONCERTATION&nbsp;<\/p>\n\n\n\n<p class=\"has-extra-small-font-size\"><strong>LOCALISATION&nbsp;:&nbsp;<\/strong>NANTES NORD, ZAC ERDRE PORTERIE)<\/p>\n\n\n\n<p class=\"has-extra-small-font-size\"><strong>PROGRAMME&nbsp;:&nbsp;<\/strong>LOGEMENTS ET ESPACES PUBLICS, PARKING SILO&nbsp;<\/p>\n\n\n\n<p class=\"has-extra-small-font-size\"><strong>SURFACE&nbsp;:&nbsp;<\/strong>8700M<sup>2&nbsp;<\/sup>SP LOGEMENTS (TOTAL ZAC 45HA)<\/p>\n\n\n\n<p class=\"has-extra-small-font-size\"><strong>BUDGET&nbsp;:&nbsp;<\/strong>BUDGET ESPACE PUBLIC \/3M\u20ac<strong>&nbsp;;&nbsp;<\/strong>HONORAIRE ARCHITECTE URBANISTE : 130 000\u20ac<\/p>\n\n\n\n<p class=\"has-extra-small-font-size\"><strong>DATE&nbsp;:&nbsp;<\/strong>2017- 2026<\/p>\n\n\n\n<p class=\"has-extra-small-font-size\"><strong>ROLE DE SHAA&nbsp;:&nbsp;<\/strong>DIRECTEUR DE PROJET, SOUS-TRAITANT DE RIO-C (MANDATAIRE BASELAND PAYSAGE)<\/p>\n<\/details>\n\n\n\n<figure class=\"wp-block-image alignwide size-full\"><img loading=\"lazy\" decoding=\"async\" width=\"2560\" height=\"1329\" src=\"https:\/\/www.shaa.io\/wp-content\/uploads\/2024\/07\/AXO-TYPOLOGIE-appartement-reversibilite-scaled.jpg\" alt=\"\" class=\"wp-image-848\" srcset=\"https:\/\/www.shaa.io\/wp-content\/uploads\/2024\/07\/AXO-TYPOLOGIE-appartement-reversibilite-scaled.jpg 2560w, https:\/\/www.shaa.io\/wp-content\/uploads\/2024\/07\/AXO-TYPOLOGIE-appartement-reversibilite-300x156.jpg 300w, https:\/\/www.shaa.io\/wp-content\/uploads\/2024\/07\/AXO-TYPOLOGIE-appartement-reversibilite-1024x532.jpg 1024w, https:\/\/www.shaa.io\/wp-content\/uploads\/2024\/07\/AXO-TYPOLOGIE-appartement-reversibilite-768x399.jpg 768w, https:\/\/www.shaa.io\/wp-content\/uploads\/2024\/07\/AXO-TYPOLOGIE-appartement-reversibilite-1536x798.jpg 1536w, https:\/\/www.shaa.io\/wp-content\/uploads\/2024\/07\/AXO-TYPOLOGIE-appartement-reversibilite-2048x1063.jpg 2048w, https:\/\/www.shaa.io\/wp-content\/uploads\/2024\/07\/AXO-TYPOLOGIE-appartement-reversibilite-1568x814.jpg 1568w\" sizes=\"auto, (max-width: 2560px) 100vw, 2560px\" \/><\/figure>\n\n\n\n<figure class=\"wp-block-image alignwide size-full\"><img loading=\"lazy\" decoding=\"async\" width=\"2560\" height=\"1736\" src=\"https:\/\/www.shaa.io\/wp-content\/uploads\/2024\/07\/NEP_CONARDIERE_CPAUP_24.06.20-glissees-2-scaled.jpg\" alt=\"\" class=\"wp-image-849\" srcset=\"https:\/\/www.shaa.io\/wp-content\/uploads\/2024\/07\/NEP_CONARDIERE_CPAUP_24.06.20-glissees-2-scaled.jpg 2560w, https:\/\/www.shaa.io\/wp-content\/uploads\/2024\/07\/NEP_CONARDIERE_CPAUP_24.06.20-glissees-2-300x203.jpg 300w, https:\/\/www.shaa.io\/wp-content\/uploads\/2024\/07\/NEP_CONARDIERE_CPAUP_24.06.20-glissees-2-1024x694.jpg 1024w, https:\/\/www.shaa.io\/wp-content\/uploads\/2024\/07\/NEP_CONARDIERE_CPAUP_24.06.20-glissees-2-768x521.jpg 768w, https:\/\/www.shaa.io\/wp-content\/uploads\/2024\/07\/NEP_CONARDIERE_CPAUP_24.06.20-glissees-2-1536x1042.jpg 1536w, https:\/\/www.shaa.io\/wp-content\/uploads\/2024\/07\/NEP_CONARDIERE_CPAUP_24.06.20-glissees-2-2048x1389.jpg 2048w, https:\/\/www.shaa.io\/wp-content\/uploads\/2024\/07\/NEP_CONARDIERE_CPAUP_24.06.20-glissees-2-1568x1063.jpg 1568w\" sizes=\"auto, (max-width: 2560px) 100vw, 2560px\" \/><\/figure>\n\n\n\n<p><\/p>\n","protected":false},"excerpt":{"rendered":"<p>Nantes, Conardi\u00e8re, biogeosourcing Ce projet d\u2019am\u00e9nagement urbain de la ZAC Erdre Porterie compose un triptyque avec Centre-bourg et B\u00eale Champ de tir. Ici, l\u2019enjeu est la construction d\u2019un quartier dans un site naturel o\u00f9 la prise en compte de la biodiversit\u00e9 est primordiale. Le parti urbain propos\u00e9 pour la Conardi\u00e8re est fond\u00e9 sur la proposition&hellip; <a class=\"more-link\" href=\"https:\/\/www.shaa.io\/index.php\/ville-foret-erdre-porterie\/\">Poursuivre la lecture <span class=\"screen-reader-text\">Ville-for\u00eat, Erdre Porterie<\/span><\/a><\/p>\n","protected":false},"author":1,"featured_media":0,"parent":0,"menu_order":0,"comment_status":"closed","ping_status":"closed","template":"","meta":{"footnotes":""},"class_list":["post-850","page","type-page","status-publish","hentry","entry"],"_links":{"self":[{"href":"https:\/\/www.shaa.io\/index.php\/wp-json\/wp\/v2\/pages\/850","targetHints":{"allow":["GET"]}}],"collection":[{"href":"https:\/\/www.shaa.io\/index.php\/wp-json\/wp\/v2\/pages"}],"about":[{"href":"https:\/\/www.shaa.io\/index.php\/wp-json\/wp\/v2\/types\/page"}],"author":[{"embeddable":true,"href":"https:\/\/www.shaa.io\/index.php\/wp-json\/wp\/v2\/users\/1"}],"replies":[{"embeddable":true,"href":"https:\/\/www.shaa.io\/index.php\/wp-json\/wp\/v2\/comments?post=850"}],"version-history":[{"count":6,"href":"https:\/\/www.shaa.io\/index.php\/wp-json\/wp\/v2\/pages\/850\/revisions"}],"predecessor-version":[{"id":1408,"href":"https:\/\/www.shaa.io\/index.php\/wp-json\/wp\/v2\/pages\/850\/revisions\/1408"}],"wp:attachment":[{"href":"https:\/\/www.shaa.io\/index.php\/wp-json\/wp\/v2\/media?parent=850"}],"curies":[{"name":"wp","href":"https:\/\/api.w.org\/{rel}","templated":true}]}}