{"id":826,"date":"2024-07-10T18:47:50","date_gmt":"2024-07-10T16:47:50","guid":{"rendered":"http:\/\/www.shaa.io\/?page_id=826"},"modified":"2025-01-30T09:52:20","modified_gmt":"2025-01-30T08:52:20","slug":"cooperative-dartisans","status":"publish","type":"page","link":"https:\/\/www.shaa.io\/index.php\/cooperative-dartisans\/","title":{"rendered":"Coop\u00e9rative d\u2019artisans"},"content":{"rendered":"\n<h2 class=\"wp-block-heading alignwide has-large-font-size\">Habitat regroup\u00e9 en auto-construction<\/h2>\n\n\n\n<div class=\"wp-block-columns alignwide is-layout-flex wp-container-core-columns-is-layout-9d6595d7 wp-block-columns-is-layout-flex\">\n<div class=\"wp-block-column is-layout-flow wp-block-column-is-layout-flow\">\n<p class=\"has-extra-small-font-size\">Ce projet de cinq maisons d\u2019habitation sur une parcelle commune a la particularit\u00e9 d\u2019\u00eatre con\u00e7u et construit en collectif. Les artisans d\u2019une entreprise de charpente et d\u2019ossature bois (Arbosph\u00e8re install\u00e9 \u00e0 la Tour, 74250) se sont r\u00e9unis pour construire un projet d\u2019habitation avec leurs familles respectives. Ils d\u00e9cid\u00e8rent de monter un collectif pour acheter un terrain ensemble et construire leurs logements avec leurs savoirs faires respectifs. Nous avons rencontr\u00e9 ces artisans lors d\u2019un pr\u00e9c\u00e9dent projet de maison individuelle pour lequel nous avions pour objectif d\u2019employer des ressources et des savoirs faires dans un rayon de 100 km autour du site du projet. Ces artisans ont \u00e9t\u00e9 entrain\u00e9s dans l\u2019aventure et ont relev\u00e9s le d\u00e9fi. Ils veulent aujourd\u2019hui r\u00e9it\u00e9rer l\u2019exp\u00e9rience avec leur propre habitation. Chaque famille ayant une comp\u00e9tence dans le domaine de construction, notre r\u00f4le en tant qu\u2019architecte est de les accompagner dans leur d\u00e9marche, de d\u00e9finir le programme, de de proposer une implantation paysag\u00e8re caract\u00e9ristique du lieu, de respecter le r\u00e8glement d\u2019urbanisme, de proposer un parti-pris architectural, et de composer avec eux les plans des logements.<\/p>\n<\/div>\n<\/div>\n\n\n\n<details class=\"wp-block-details alignwide is-layout-flow wp-block-details-is-layout-flow\"><summary>INFO<\/summary>\n<p class=\"has-extra-small-font-size\"><strong>MAITRISE D\u2019OUVRAGE&nbsp;:&nbsp;<\/strong>PRIV\u00c9 &#8211; ASSOCIATION D\u2019HABITANTS<\/p>\n\n\n\n<p class=\"has-extra-small-font-size\"><strong>\u00c9QUIPE ETUDES&nbsp;:&nbsp;<\/strong>SHAA (MANDATAIRES), ESBA (BE STRUCTURE), ECON\u2019EAU LOGIS (THERMIQUE), GEOCHABLAIS (GEOTECHNIQUE), ARBOSPHERE(CHARPENTIER) FLAVIEN DROUET (ECONOMISTE)&nbsp;<\/p>\n\n\n\n<p class=\"has-extra-small-font-size\"><strong>MISSION&nbsp;:&nbsp;<\/strong>MISSION COMPLETE + EXPERTISE BIO-SOURC\u00c9E<\/p>\n\n\n\n<p class=\"has-extra-small-font-size\"><strong>LOCALISATION&nbsp;:&nbsp;<\/strong>BOG\u00c8VE, (74, HAUTE SAVOIE)<\/p>\n\n\n\n<p class=\"has-extra-small-font-size\"><strong>PROGRAMME&nbsp;:&nbsp;<\/strong>HABITAT EN CO-CONSTRUCTION 5 LOGEMENTS + 2 ANNEXES ATELIER ET LOGEMENT D\u2019AMI.ES<\/p>\n\n\n\n<p class=\"has-extra-small-font-size\"><strong>SURFACE&nbsp;:&nbsp;<\/strong>700 M<sup>2<\/sup><\/p>\n\n\n\n<p class=\"has-extra-small-font-size\"><strong>BUDGET&nbsp;:&nbsp;<\/strong>1,2 M\u20ac<\/p>\n\n\n\n<p class=\"has-extra-small-font-size\"><strong>DATE :&nbsp;<\/strong>2022-PROJET ARRETE&nbsp;<\/p>\n<\/details>\n\n\n\n<figure class=\"wp-block-image alignwide size-full\"><img loading=\"lazy\" decoding=\"async\" width=\"2560\" height=\"1810\" src=\"https:\/\/www.shaa.io\/wp-content\/uploads\/2024\/07\/bogeve_AXO-scaled.jpg\" alt=\"\" class=\"wp-image-821\" srcset=\"https:\/\/www.shaa.io\/wp-content\/uploads\/2024\/07\/bogeve_AXO-scaled.jpg 2560w, https:\/\/www.shaa.io\/wp-content\/uploads\/2024\/07\/bogeve_AXO-300x212.jpg 300w, https:\/\/www.shaa.io\/wp-content\/uploads\/2024\/07\/bogeve_AXO-1024x724.jpg 1024w, https:\/\/www.shaa.io\/wp-content\/uploads\/2024\/07\/bogeve_AXO-768x543.jpg 768w, https:\/\/www.shaa.io\/wp-content\/uploads\/2024\/07\/bogeve_AXO-1536x1086.jpg 1536w, https:\/\/www.shaa.io\/wp-content\/uploads\/2024\/07\/bogeve_AXO-2048x1448.jpg 2048w, https:\/\/www.shaa.io\/wp-content\/uploads\/2024\/07\/bogeve_AXO-1568x1109.jpg 1568w\" sizes=\"auto, (max-width: 2560px) 100vw, 2560px\" \/><\/figure>\n\n\n\n<figure class=\"wp-block-gallery alignwide has-nested-images columns-4 is-cropped wp-block-gallery-1 is-layout-flex wp-block-gallery-is-layout-flex\">\n<figure data-wp-context=\"{&quot;imageId&quot;:&quot;69e444c4489cf&quot;}\" data-wp-interactive=\"core\/image\" data-wp-key=\"69e444c4489cf\" class=\"wp-block-image size-full wp-lightbox-container\"><img loading=\"lazy\" decoding=\"async\" width=\"2480\" height=\"1754\" data-wp-class--hide=\"state.isContentHidden\" data-wp-class--show=\"state.isContentVisible\" data-wp-init=\"callbacks.setButtonStyles\" data-wp-on--click=\"actions.showLightbox\" data-wp-on--load=\"callbacks.setButtonStyles\" data-wp-on-window--resize=\"callbacks.setButtonStyles\" data-id=\"825\" src=\"https:\/\/www.shaa.io\/wp-content\/uploads\/2024\/07\/PC-V2-BOGEVE5.jpg\" alt=\"\" class=\"wp-image-825\" srcset=\"https:\/\/www.shaa.io\/wp-content\/uploads\/2024\/07\/PC-V2-BOGEVE5.jpg 2480w, https:\/\/www.shaa.io\/wp-content\/uploads\/2024\/07\/PC-V2-BOGEVE5-300x212.jpg 300w, https:\/\/www.shaa.io\/wp-content\/uploads\/2024\/07\/PC-V2-BOGEVE5-1024x724.jpg 1024w, https:\/\/www.shaa.io\/wp-content\/uploads\/2024\/07\/PC-V2-BOGEVE5-768x543.jpg 768w, https:\/\/www.shaa.io\/wp-content\/uploads\/2024\/07\/PC-V2-BOGEVE5-1536x1086.jpg 1536w, https:\/\/www.shaa.io\/wp-content\/uploads\/2024\/07\/PC-V2-BOGEVE5-2048x1448.jpg 2048w, https:\/\/www.shaa.io\/wp-content\/uploads\/2024\/07\/PC-V2-BOGEVE5-1568x1109.jpg 1568w\" sizes=\"auto, (max-width: 2480px) 100vw, 2480px\" \/><button\n\t\t\tclass=\"lightbox-trigger\"\n\t\t\ttype=\"button\"\n\t\t\taria-haspopup=\"dialog\"\n\t\t\taria-label=\"Agrandir\"\n\t\t\tdata-wp-init=\"callbacks.initTriggerButton\"\n\t\t\tdata-wp-on--click=\"actions.showLightbox\"\n\t\t\tdata-wp-style--right=\"state.imageButtonRight\"\n\t\t\tdata-wp-style--top=\"state.imageButtonTop\"\n\t\t>\n\t\t\t<svg xmlns=\"http:\/\/www.w3.org\/2000\/svg\" width=\"12\" height=\"12\" fill=\"none\" viewBox=\"0 0 12 12\">\n\t\t\t\t<path fill=\"#fff\" d=\"M2 0a2 2 0 0 0-2 2v2h1.5V2a.5.5 0 0 1 .5-.5h2V0H2Zm2 10.5H2a.5.5 0 0 1-.5-.5V8H0v2a2 2 0 0 0 2 2h2v-1.5ZM8 12v-1.5h2a.5.5 0 0 0 .5-.5V8H12v2a2 2 0 0 1-2 2H8Zm2-12a2 2 0 0 1 2 2v2h-1.5V2a.5.5 0 0 0-.5-.5H8V0h2Z\" \/>\n\t\t\t<\/svg>\n\t\t<\/button><\/figure>\n\n\n\n<figure data-wp-context=\"{&quot;imageId&quot;:&quot;69e444c448ecf&quot;}\" data-wp-interactive=\"core\/image\" data-wp-key=\"69e444c448ecf\" class=\"wp-block-image size-full wp-lightbox-container\"><img loading=\"lazy\" decoding=\"async\" width=\"2560\" height=\"1920\" data-wp-class--hide=\"state.isContentHidden\" data-wp-class--show=\"state.isContentVisible\" data-wp-init=\"callbacks.setButtonStyles\" data-wp-on--click=\"actions.showLightbox\" data-wp-on--load=\"callbacks.setButtonStyles\" data-wp-on-window--resize=\"callbacks.setButtonStyles\" data-id=\"824\" src=\"https:\/\/www.shaa.io\/wp-content\/uploads\/2024\/07\/maquette-01-scaled.jpg\" alt=\"\" class=\"wp-image-824\" srcset=\"https:\/\/www.shaa.io\/wp-content\/uploads\/2024\/07\/maquette-01-scaled.jpg 2560w, https:\/\/www.shaa.io\/wp-content\/uploads\/2024\/07\/maquette-01-300x225.jpg 300w, https:\/\/www.shaa.io\/wp-content\/uploads\/2024\/07\/maquette-01-1024x768.jpg 1024w, https:\/\/www.shaa.io\/wp-content\/uploads\/2024\/07\/maquette-01-768x576.jpg 768w, https:\/\/www.shaa.io\/wp-content\/uploads\/2024\/07\/maquette-01-1536x1152.jpg 1536w, https:\/\/www.shaa.io\/wp-content\/uploads\/2024\/07\/maquette-01-2048x1536.jpg 2048w, https:\/\/www.shaa.io\/wp-content\/uploads\/2024\/07\/maquette-01-1568x1176.jpg 1568w\" sizes=\"auto, (max-width: 2560px) 100vw, 2560px\" \/><button\n\t\t\tclass=\"lightbox-trigger\"\n\t\t\ttype=\"button\"\n\t\t\taria-haspopup=\"dialog\"\n\t\t\taria-label=\"Agrandir\"\n\t\t\tdata-wp-init=\"callbacks.initTriggerButton\"\n\t\t\tdata-wp-on--click=\"actions.showLightbox\"\n\t\t\tdata-wp-style--right=\"state.imageButtonRight\"\n\t\t\tdata-wp-style--top=\"state.imageButtonTop\"\n\t\t>\n\t\t\t<svg xmlns=\"http:\/\/www.w3.org\/2000\/svg\" width=\"12\" height=\"12\" fill=\"none\" viewBox=\"0 0 12 12\">\n\t\t\t\t<path fill=\"#fff\" d=\"M2 0a2 2 0 0 0-2 2v2h1.5V2a.5.5 0 0 1 .5-.5h2V0H2Zm2 10.5H2a.5.5 0 0 1-.5-.5V8H0v2a2 2 0 0 0 2 2h2v-1.5ZM8 12v-1.5h2a.5.5 0 0 0 .5-.5V8H12v2a2 2 0 0 1-2 2H8Zm2-12a2 2 0 0 1 2 2v2h-1.5V2a.5.5 0 0 0-.5-.5H8V0h2Z\" \/>\n\t\t\t<\/svg>\n\t\t<\/button><\/figure>\n\n\n\n<figure data-wp-context=\"{&quot;imageId&quot;:&quot;69e444c449388&quot;}\" data-wp-interactive=\"core\/image\" data-wp-key=\"69e444c449388\" class=\"wp-block-image size-full wp-lightbox-container\"><img loading=\"lazy\" decoding=\"async\" width=\"2560\" height=\"1810\" data-wp-class--hide=\"state.isContentHidden\" data-wp-class--show=\"state.isContentVisible\" data-wp-init=\"callbacks.setButtonStyles\" data-wp-on--click=\"actions.showLightbox\" data-wp-on--load=\"callbacks.setButtonStyles\" data-wp-on-window--resize=\"callbacks.setButtonStyles\" data-id=\"823\" src=\"https:\/\/www.shaa.io\/wp-content\/uploads\/2024\/07\/Bogeve_PM-scaled.jpg\" alt=\"\" class=\"wp-image-823\" srcset=\"https:\/\/www.shaa.io\/wp-content\/uploads\/2024\/07\/Bogeve_PM-scaled.jpg 2560w, https:\/\/www.shaa.io\/wp-content\/uploads\/2024\/07\/Bogeve_PM-300x212.jpg 300w, https:\/\/www.shaa.io\/wp-content\/uploads\/2024\/07\/Bogeve_PM-1024x724.jpg 1024w, https:\/\/www.shaa.io\/wp-content\/uploads\/2024\/07\/Bogeve_PM-768x543.jpg 768w, https:\/\/www.shaa.io\/wp-content\/uploads\/2024\/07\/Bogeve_PM-1536x1086.jpg 1536w, https:\/\/www.shaa.io\/wp-content\/uploads\/2024\/07\/Bogeve_PM-2048x1448.jpg 2048w, https:\/\/www.shaa.io\/wp-content\/uploads\/2024\/07\/Bogeve_PM-1568x1109.jpg 1568w\" sizes=\"auto, (max-width: 2560px) 100vw, 2560px\" \/><button\n\t\t\tclass=\"lightbox-trigger\"\n\t\t\ttype=\"button\"\n\t\t\taria-haspopup=\"dialog\"\n\t\t\taria-label=\"Agrandir\"\n\t\t\tdata-wp-init=\"callbacks.initTriggerButton\"\n\t\t\tdata-wp-on--click=\"actions.showLightbox\"\n\t\t\tdata-wp-style--right=\"state.imageButtonRight\"\n\t\t\tdata-wp-style--top=\"state.imageButtonTop\"\n\t\t>\n\t\t\t<svg xmlns=\"http:\/\/www.w3.org\/2000\/svg\" width=\"12\" height=\"12\" fill=\"none\" viewBox=\"0 0 12 12\">\n\t\t\t\t<path fill=\"#fff\" d=\"M2 0a2 2 0 0 0-2 2v2h1.5V2a.5.5 0 0 1 .5-.5h2V0H2Zm2 10.5H2a.5.5 0 0 1-.5-.5V8H0v2a2 2 0 0 0 2 2h2v-1.5ZM8 12v-1.5h2a.5.5 0 0 0 .5-.5V8H12v2a2 2 0 0 1-2 2H8Zm2-12a2 2 0 0 1 2 2v2h-1.5V2a.5.5 0 0 0-.5-.5H8V0h2Z\" \/>\n\t\t\t<\/svg>\n\t\t<\/button><\/figure>\n\n\n\n<figure data-wp-context=\"{&quot;imageId&quot;:&quot;69e444c449791&quot;}\" data-wp-interactive=\"core\/image\" data-wp-key=\"69e444c449791\" class=\"wp-block-image size-full wp-lightbox-container\"><img loading=\"lazy\" decoding=\"async\" width=\"2560\" height=\"1149\" data-wp-class--hide=\"state.isContentHidden\" data-wp-class--show=\"state.isContentVisible\" data-wp-init=\"callbacks.setButtonStyles\" data-wp-on--click=\"actions.showLightbox\" data-wp-on--load=\"callbacks.setButtonStyles\" data-wp-on-window--resize=\"callbacks.setButtonStyles\" data-id=\"822\" src=\"https:\/\/www.shaa.io\/wp-content\/uploads\/2024\/07\/Bogeve_image-scaled.jpg\" alt=\"\" class=\"wp-image-822\" srcset=\"https:\/\/www.shaa.io\/wp-content\/uploads\/2024\/07\/Bogeve_image-scaled.jpg 2560w, https:\/\/www.shaa.io\/wp-content\/uploads\/2024\/07\/Bogeve_image-300x135.jpg 300w, https:\/\/www.shaa.io\/wp-content\/uploads\/2024\/07\/Bogeve_image-1024x460.jpg 1024w, https:\/\/www.shaa.io\/wp-content\/uploads\/2024\/07\/Bogeve_image-768x345.jpg 768w, https:\/\/www.shaa.io\/wp-content\/uploads\/2024\/07\/Bogeve_image-1536x690.jpg 1536w, https:\/\/www.shaa.io\/wp-content\/uploads\/2024\/07\/Bogeve_image-2048x919.jpg 2048w, https:\/\/www.shaa.io\/wp-content\/uploads\/2024\/07\/Bogeve_image-1568x704.jpg 1568w\" sizes=\"auto, (max-width: 2560px) 100vw, 2560px\" \/><button\n\t\t\tclass=\"lightbox-trigger\"\n\t\t\ttype=\"button\"\n\t\t\taria-haspopup=\"dialog\"\n\t\t\taria-label=\"Agrandir\"\n\t\t\tdata-wp-init=\"callbacks.initTriggerButton\"\n\t\t\tdata-wp-on--click=\"actions.showLightbox\"\n\t\t\tdata-wp-style--right=\"state.imageButtonRight\"\n\t\t\tdata-wp-style--top=\"state.imageButtonTop\"\n\t\t>\n\t\t\t<svg xmlns=\"http:\/\/www.w3.org\/2000\/svg\" width=\"12\" height=\"12\" fill=\"none\" viewBox=\"0 0 12 12\">\n\t\t\t\t<path fill=\"#fff\" d=\"M2 0a2 2 0 0 0-2 2v2h1.5V2a.5.5 0 0 1 .5-.5h2V0H2Zm2 10.5H2a.5.5 0 0 1-.5-.5V8H0v2a2 2 0 0 0 2 2h2v-1.5ZM8 12v-1.5h2a.5.5 0 0 0 .5-.5V8H12v2a2 2 0 0 1-2 2H8Zm2-12a2 2 0 0 1 2 2v2h-1.5V2a.5.5 0 0 0-.5-.5H8V0h2Z\" \/>\n\t\t\t<\/svg>\n\t\t<\/button><\/figure>\n<\/figure>\n","protected":false},"excerpt":{"rendered":"<p>Habitat regroup\u00e9 en auto-construction Ce projet de cinq maisons d\u2019habitation sur une parcelle commune a la particularit\u00e9 d\u2019\u00eatre con\u00e7u et construit en collectif. Les artisans d\u2019une entreprise de charpente et d\u2019ossature bois (Arbosph\u00e8re install\u00e9 \u00e0 la Tour, 74250) se sont r\u00e9unis pour construire un projet d\u2019habitation avec leurs familles respectives. Ils d\u00e9cid\u00e8rent de monter un&hellip; <a class=\"more-link\" href=\"https:\/\/www.shaa.io\/index.php\/cooperative-dartisans\/\">Poursuivre la lecture <span class=\"screen-reader-text\">Coop\u00e9rative d\u2019artisans<\/span><\/a><\/p>\n","protected":false},"author":1,"featured_media":0,"parent":0,"menu_order":0,"comment_status":"closed","ping_status":"closed","template":"","meta":{"footnotes":""},"class_list":["post-826","page","type-page","status-publish","hentry","entry"],"_links":{"self":[{"href":"https:\/\/www.shaa.io\/index.php\/wp-json\/wp\/v2\/pages\/826","targetHints":{"allow":["GET"]}}],"collection":[{"href":"https:\/\/www.shaa.io\/index.php\/wp-json\/wp\/v2\/pages"}],"about":[{"href":"https:\/\/www.shaa.io\/index.php\/wp-json\/wp\/v2\/types\/page"}],"author":[{"embeddable":true,"href":"https:\/\/www.shaa.io\/index.php\/wp-json\/wp\/v2\/users\/1"}],"replies":[{"embeddable":true,"href":"https:\/\/www.shaa.io\/index.php\/wp-json\/wp\/v2\/comments?post=826"}],"version-history":[{"count":4,"href":"https:\/\/www.shaa.io\/index.php\/wp-json\/wp\/v2\/pages\/826\/revisions"}],"predecessor-version":[{"id":1406,"href":"https:\/\/www.shaa.io\/index.php\/wp-json\/wp\/v2\/pages\/826\/revisions\/1406"}],"wp:attachment":[{"href":"https:\/\/www.shaa.io\/index.php\/wp-json\/wp\/v2\/media?parent=826"}],"curies":[{"name":"wp","href":"https:\/\/api.w.org\/{rel}","templated":true}]}}