{"id":814,"date":"2024-07-10T18:41:28","date_gmt":"2024-07-10T16:41:28","guid":{"rendered":"http:\/\/www.shaa.io\/?page_id=814"},"modified":"2025-01-30T09:53:20","modified_gmt":"2025-01-30T08:53:20","slug":"les-cedres","status":"publish","type":"page","link":"https:\/\/www.shaa.io\/index.php\/les-cedres\/","title":{"rendered":"Les C\u00e8dres"},"content":{"rendered":"\n<h2 class=\"wp-block-heading alignwide has-large-font-size\">Renouveler le tissu pavillonnaire, projet de 9 logements interg\u00e9n\u00e9rationnel <\/h2>\n\n\n\n<div class=\"wp-block-columns alignwide is-layout-flex wp-container-core-columns-is-layout-9d6595d7 wp-block-columns-is-layout-flex\">\n<div class=\"wp-block-column is-layout-flow wp-block-column-is-layout-flow\">\n<p class=\"has-extra-small-font-size\">Le projet de logements \u00e0 Thonon-les-Bains pose la question du renouvellement d\u2019un tissu pavillonnaire dans lequel les typologies de maisons sont tr\u00e8s grandes et dont les volumes sont install\u00e9s au milieu des parcelles-jardins. Aujourd\u2019hui, ces typologies peu denses et peu mutables sont confront\u00e9es au besoin de diversification de l\u2019offre d\u2019habitation. Les maisons trop grandes ne sont pas adapt\u00e9es pour des populations jeunes ou \u00e2g\u00e9es, ou des familles monoparentales. Comment le projet peut-il offrir cette subdivision de l\u2019habiter sans r\u00e9duire les qualit\u00e9s d\u2019un habitat ? Comment favoriser une mixit\u00e9 interg\u00e9n\u00e9rationnelle&nbsp;?<\/p>\n\n\n\n<p class=\"has-extra-small-font-size\">Le projet propos\u00e9 vise la mise en \u0153uvre exp\u00e9rimentale et pragmatique de la mutabilit\u00e9 de ce genre de tissu. Nous recherchons la densit\u00e9 \u00e9cologique, d\u00e9fini comme \u00ab&nbsp;le rapport de l&rsquo;effectif total de la population ou de sa biomasse sur la surface de l&rsquo;habitat r\u00e9ellement disponible pour l&rsquo;esp\u00e8ce consid\u00e9r\u00e9e&nbsp;\u00bb.&nbsp;Terme issu de l\u2019\u00e9cologie, il consiste \u00e0 pr\u00e9voir des capacit\u00e9s d\u2019accueil pour chaque esp\u00e8ce en fonction de la surface habitable possible. En effet, il s\u2019agit aussi de prendre en compte les habitants non-humains et la d\u00e9gradation des sous-sols, imperm\u00e9abilisation et creusements emp\u00eachent l\u2019eau de circuler. Or ici, peut-\u00eatre plus qu\u2019ailleurs, l\u2019eau est pr\u00e9cieuse (\u00c9vian). Comment r\u00e9tablir des coul\u00e9es, des travers\u00e9es animales et de leur habitat adoss\u00e9 aux structures humaines, d\u00e9pass\u00e9s de toitures, haies plant\u00e9es bocag\u00e8res&nbsp;? Comment imaginer un projet qui reconstitue des habitats plus divers et qui touche peu au sous-sol&nbsp;?<\/p>\n\n\n\n<p class=\"has-extra-small-font-size\">Les formes de logements imagin\u00e9s visent le regroupement des habitations s\u00e9par\u00e9es par des failles (serres) o\u00f9 glisser des \u00e9l\u00e9ments naturels et laisser s\u2019\u00e9chapper des vues. Chaque logement \u00e0 un acc\u00e8s \u00e0 un espace ext\u00e9rieur&nbsp;: jardin ou terrasse. L\u2019emplacement des voitures est con\u00e7u de fa\u00e7on \u00e0 \u00eatre r\u00e9versible et ne pas impacter les espaces ext\u00e9rieurs.<\/p>\n<\/div>\n<\/div>\n\n\n\n<details class=\"wp-block-details alignwide is-layout-flow wp-block-details-is-layout-flow\"><summary>INFO<\/summary>\n<p class=\"has-extra-small-font-size\"><strong>MAITRISE D\u2019OUVRAGE&nbsp;:&nbsp;<\/strong>PRIV\u00c9 &#8211; DROUET &#8211; CREPY-BANFIN<\/p>\n\n\n\n<p class=\"has-extra-small-font-size\"><strong>\u00c9QUIPE&nbsp;:&nbsp;<\/strong>SHAA (MANDATAIRE) &#8211; MOCABOIS&nbsp;&nbsp;ESBA &#8211; SCOPE HOUSELF<\/p>\n\n\n\n<p class=\"has-extra-small-font-size\"><strong>MISSION&nbsp;:&nbsp;<\/strong>MISSION COMPLETE + EXPERTISE BIO-SOURC\u00c9E<\/p>\n\n\n\n<p class=\"has-extra-small-font-size\"><strong>LOCALISATION&nbsp;:&nbsp;<\/strong>THONON LES BAINS (74)<\/p>\n\n\n\n<p class=\"has-extra-small-font-size\"><strong>PROGRAMME&nbsp;:&nbsp;<\/strong>CONSTRUCTION NEUVE 9 LOGEMENTS INTERG\u00c9N\u00c9RATIONNELS<\/p>\n\n\n\n<p class=\"has-extra-small-font-size\"><strong>SURFACE DE PLANCHER&nbsp;:&nbsp;<\/strong>750 M<sup>2<\/sup><\/p>\n\n\n\n<p class=\"has-extra-small-font-size\"><strong>SPECIFICIT\u00c9&nbsp;:&nbsp;<\/strong>LA DENSIT\u00c9 \u00c9COLOGIQUE ET RECOURS AUX MAT\u00c9RIAUX BIOSOURC\u00c9E<\/p>\n\n\n\n<p class=\"has-extra-small-font-size\"><strong>DATE&nbsp;:&nbsp;<\/strong>2024 &#8211; PC EN COURS<\/p>\n<\/details>\n\n\n\n<figure class=\"wp-block-image alignwide size-full\"><img loading=\"lazy\" decoding=\"async\" width=\"2560\" height=\"1920\" src=\"https:\/\/www.shaa.io\/wp-content\/uploads\/2024\/07\/IMG_0231-scaled.jpg\" alt=\"\" class=\"wp-image-810\" srcset=\"https:\/\/www.shaa.io\/wp-content\/uploads\/2024\/07\/IMG_0231-scaled.jpg 2560w, https:\/\/www.shaa.io\/wp-content\/uploads\/2024\/07\/IMG_0231-300x225.jpg 300w, https:\/\/www.shaa.io\/wp-content\/uploads\/2024\/07\/IMG_0231-1024x768.jpg 1024w, https:\/\/www.shaa.io\/wp-content\/uploads\/2024\/07\/IMG_0231-768x576.jpg 768w, https:\/\/www.shaa.io\/wp-content\/uploads\/2024\/07\/IMG_0231-1536x1152.jpg 1536w, https:\/\/www.shaa.io\/wp-content\/uploads\/2024\/07\/IMG_0231-2048x1536.jpg 2048w, https:\/\/www.shaa.io\/wp-content\/uploads\/2024\/07\/IMG_0231-1568x1176.jpg 1568w\" sizes=\"auto, (max-width: 2560px) 100vw, 2560px\" \/><\/figure>\n\n\n\n<figure class=\"wp-block-image alignwide size-large\"><img loading=\"lazy\" decoding=\"async\" width=\"1024\" height=\"628\" src=\"https:\/\/www.shaa.io\/wp-content\/uploads\/2025\/01\/02-03-Axonometrie-general_sans-trait-copie-1024x628.jpg\" alt=\"\" class=\"wp-image-1138\" srcset=\"https:\/\/www.shaa.io\/wp-content\/uploads\/2025\/01\/02-03-Axonometrie-general_sans-trait-copie-1024x628.jpg 1024w, https:\/\/www.shaa.io\/wp-content\/uploads\/2025\/01\/02-03-Axonometrie-general_sans-trait-copie-300x184.jpg 300w, https:\/\/www.shaa.io\/wp-content\/uploads\/2025\/01\/02-03-Axonometrie-general_sans-trait-copie-768x471.jpg 768w, https:\/\/www.shaa.io\/wp-content\/uploads\/2025\/01\/02-03-Axonometrie-general_sans-trait-copie-1536x942.jpg 1536w, https:\/\/www.shaa.io\/wp-content\/uploads\/2025\/01\/02-03-Axonometrie-general_sans-trait-copie-2048x1256.jpg 2048w, https:\/\/www.shaa.io\/wp-content\/uploads\/2025\/01\/02-03-Axonometrie-general_sans-trait-copie-1568x962.jpg 1568w\" sizes=\"auto, (max-width: 1024px) 100vw, 1024px\" \/><\/figure>\n\n\n\n<figure class=\"wp-block-gallery alignwide has-nested-images columns-default is-cropped wp-block-gallery-1 is-layout-flex wp-block-gallery-is-layout-flex\">\n<figure data-wp-context=\"{&quot;imageId&quot;:&quot;69e444f54a0fc&quot;}\" data-wp-interactive=\"core\/image\" data-wp-key=\"69e444f54a0fc\" class=\"wp-block-image size-large wp-lightbox-container\"><img loading=\"lazy\" decoding=\"async\" width=\"1024\" height=\"467\" data-wp-class--hide=\"state.isContentHidden\" data-wp-class--show=\"state.isContentVisible\" data-wp-init=\"callbacks.setButtonStyles\" data-wp-on--click=\"actions.showLightbox\" data-wp-on--load=\"callbacks.setButtonStyles\" data-wp-on-window--resize=\"callbacks.setButtonStyles\" data-id=\"1142\" src=\"https:\/\/www.shaa.io\/wp-content\/uploads\/2025\/01\/vue-jardin_pano-copie-2_effet-1024x467.jpg\" alt=\"\" class=\"wp-image-1142\" srcset=\"https:\/\/www.shaa.io\/wp-content\/uploads\/2025\/01\/vue-jardin_pano-copie-2_effet-1024x467.jpg 1024w, https:\/\/www.shaa.io\/wp-content\/uploads\/2025\/01\/vue-jardin_pano-copie-2_effet-300x137.jpg 300w, https:\/\/www.shaa.io\/wp-content\/uploads\/2025\/01\/vue-jardin_pano-copie-2_effet-768x350.jpg 768w, https:\/\/www.shaa.io\/wp-content\/uploads\/2025\/01\/vue-jardin_pano-copie-2_effet-1536x701.jpg 1536w, https:\/\/www.shaa.io\/wp-content\/uploads\/2025\/01\/vue-jardin_pano-copie-2_effet-2048x934.jpg 2048w, https:\/\/www.shaa.io\/wp-content\/uploads\/2025\/01\/vue-jardin_pano-copie-2_effet-1568x715.jpg 1568w\" sizes=\"auto, (max-width: 1024px) 100vw, 1024px\" \/><button\n\t\t\tclass=\"lightbox-trigger\"\n\t\t\ttype=\"button\"\n\t\t\taria-haspopup=\"dialog\"\n\t\t\taria-label=\"Agrandir\"\n\t\t\tdata-wp-init=\"callbacks.initTriggerButton\"\n\t\t\tdata-wp-on--click=\"actions.showLightbox\"\n\t\t\tdata-wp-style--right=\"state.imageButtonRight\"\n\t\t\tdata-wp-style--top=\"state.imageButtonTop\"\n\t\t>\n\t\t\t<svg xmlns=\"http:\/\/www.w3.org\/2000\/svg\" width=\"12\" height=\"12\" fill=\"none\" viewBox=\"0 0 12 12\">\n\t\t\t\t<path fill=\"#fff\" d=\"M2 0a2 2 0 0 0-2 2v2h1.5V2a.5.5 0 0 1 .5-.5h2V0H2Zm2 10.5H2a.5.5 0 0 1-.5-.5V8H0v2a2 2 0 0 0 2 2h2v-1.5ZM8 12v-1.5h2a.5.5 0 0 0 .5-.5V8H12v2a2 2 0 0 1-2 2H8Zm2-12a2 2 0 0 1 2 2v2h-1.5V2a.5.5 0 0 0-.5-.5H8V0h2Z\" \/>\n\t\t\t<\/svg>\n\t\t<\/button><\/figure>\n\n\n\n<figure data-wp-context=\"{&quot;imageId&quot;:&quot;69e444f54a6b3&quot;}\" data-wp-interactive=\"core\/image\" data-wp-key=\"69e444f54a6b3\" class=\"wp-block-image size-large wp-lightbox-container\"><img loading=\"lazy\" decoding=\"async\" width=\"1024\" height=\"819\" data-wp-class--hide=\"state.isContentHidden\" data-wp-class--show=\"state.isContentVisible\" data-wp-init=\"callbacks.setButtonStyles\" data-wp-on--click=\"actions.showLightbox\" data-wp-on--load=\"callbacks.setButtonStyles\" data-wp-on-window--resize=\"callbacks.setButtonStyles\" data-id=\"1141\" src=\"https:\/\/www.shaa.io\/wp-content\/uploads\/2025\/01\/vue-faille-copie-effet-copie-1024x819.jpg\" alt=\"\" class=\"wp-image-1141\" srcset=\"https:\/\/www.shaa.io\/wp-content\/uploads\/2025\/01\/vue-faille-copie-effet-copie-1024x819.jpg 1024w, https:\/\/www.shaa.io\/wp-content\/uploads\/2025\/01\/vue-faille-copie-effet-copie-300x240.jpg 300w, https:\/\/www.shaa.io\/wp-content\/uploads\/2025\/01\/vue-faille-copie-effet-copie-768x614.jpg 768w, https:\/\/www.shaa.io\/wp-content\/uploads\/2025\/01\/vue-faille-copie-effet-copie-1536x1228.jpg 1536w, https:\/\/www.shaa.io\/wp-content\/uploads\/2025\/01\/vue-faille-copie-effet-copie-2048x1638.jpg 2048w, https:\/\/www.shaa.io\/wp-content\/uploads\/2025\/01\/vue-faille-copie-effet-copie-1568x1254.jpg 1568w\" sizes=\"auto, (max-width: 1024px) 100vw, 1024px\" \/><button\n\t\t\tclass=\"lightbox-trigger\"\n\t\t\ttype=\"button\"\n\t\t\taria-haspopup=\"dialog\"\n\t\t\taria-label=\"Agrandir\"\n\t\t\tdata-wp-init=\"callbacks.initTriggerButton\"\n\t\t\tdata-wp-on--click=\"actions.showLightbox\"\n\t\t\tdata-wp-style--right=\"state.imageButtonRight\"\n\t\t\tdata-wp-style--top=\"state.imageButtonTop\"\n\t\t>\n\t\t\t<svg xmlns=\"http:\/\/www.w3.org\/2000\/svg\" width=\"12\" height=\"12\" fill=\"none\" viewBox=\"0 0 12 12\">\n\t\t\t\t<path fill=\"#fff\" d=\"M2 0a2 2 0 0 0-2 2v2h1.5V2a.5.5 0 0 1 .5-.5h2V0H2Zm2 10.5H2a.5.5 0 0 1-.5-.5V8H0v2a2 2 0 0 0 2 2h2v-1.5ZM8 12v-1.5h2a.5.5 0 0 0 .5-.5V8H12v2a2 2 0 0 1-2 2H8Zm2-12a2 2 0 0 1 2 2v2h-1.5V2a.5.5 0 0 0-.5-.5H8V0h2Z\" \/>\n\t\t\t<\/svg>\n\t\t<\/button><\/figure>\n\n\n\n<figure data-wp-context=\"{&quot;imageId&quot;:&quot;69e444f54abbf&quot;}\" data-wp-interactive=\"core\/image\" data-wp-key=\"69e444f54abbf\" class=\"wp-block-image size-large wp-lightbox-container\"><img loading=\"lazy\" decoding=\"async\" width=\"1024\" height=\"669\" data-wp-class--hide=\"state.isContentHidden\" data-wp-class--show=\"state.isContentVisible\" data-wp-init=\"callbacks.setButtonStyles\" data-wp-on--click=\"actions.showLightbox\" data-wp-on--load=\"callbacks.setButtonStyles\" data-wp-on-window--resize=\"callbacks.setButtonStyles\" data-id=\"1140\" src=\"https:\/\/www.shaa.io\/wp-content\/uploads\/2025\/01\/vue-court-face-copie-2-effet-1024x669.jpg\" alt=\"\" class=\"wp-image-1140\" srcset=\"https:\/\/www.shaa.io\/wp-content\/uploads\/2025\/01\/vue-court-face-copie-2-effet-1024x669.jpg 1024w, https:\/\/www.shaa.io\/wp-content\/uploads\/2025\/01\/vue-court-face-copie-2-effet-300x196.jpg 300w, https:\/\/www.shaa.io\/wp-content\/uploads\/2025\/01\/vue-court-face-copie-2-effet-768x501.jpg 768w, https:\/\/www.shaa.io\/wp-content\/uploads\/2025\/01\/vue-court-face-copie-2-effet-1536x1003.jpg 1536w, https:\/\/www.shaa.io\/wp-content\/uploads\/2025\/01\/vue-court-face-copie-2-effet-2048x1337.jpg 2048w, https:\/\/www.shaa.io\/wp-content\/uploads\/2025\/01\/vue-court-face-copie-2-effet-1568x1024.jpg 1568w\" sizes=\"auto, (max-width: 1024px) 100vw, 1024px\" \/><button\n\t\t\tclass=\"lightbox-trigger\"\n\t\t\ttype=\"button\"\n\t\t\taria-haspopup=\"dialog\"\n\t\t\taria-label=\"Agrandir\"\n\t\t\tdata-wp-init=\"callbacks.initTriggerButton\"\n\t\t\tdata-wp-on--click=\"actions.showLightbox\"\n\t\t\tdata-wp-style--right=\"state.imageButtonRight\"\n\t\t\tdata-wp-style--top=\"state.imageButtonTop\"\n\t\t>\n\t\t\t<svg xmlns=\"http:\/\/www.w3.org\/2000\/svg\" width=\"12\" height=\"12\" fill=\"none\" viewBox=\"0 0 12 12\">\n\t\t\t\t<path fill=\"#fff\" d=\"M2 0a2 2 0 0 0-2 2v2h1.5V2a.5.5 0 0 1 .5-.5h2V0H2Zm2 10.5H2a.5.5 0 0 1-.5-.5V8H0v2a2 2 0 0 0 2 2h2v-1.5ZM8 12v-1.5h2a.5.5 0 0 0 .5-.5V8H12v2a2 2 0 0 1-2 2H8Zm2-12a2 2 0 0 1 2 2v2h-1.5V2a.5.5 0 0 0-.5-.5H8V0h2Z\" \/>\n\t\t\t<\/svg>\n\t\t<\/button><\/figure>\n<\/figure>\n\n\n\n<figure class=\"wp-block-gallery alignwide has-nested-images columns-4 is-cropped wp-block-gallery-2 is-layout-flex wp-block-gallery-is-layout-flex\">\n<figure class=\"wp-block-image size-full\"><a href=\"https:\/\/www.shaa.io\/wp-content\/uploads\/2024\/07\/IMG_0226.jpeg\"><img loading=\"lazy\" decoding=\"async\" width=\"1536\" height=\"2048\" data-id=\"808\" src=\"https:\/\/www.shaa.io\/wp-content\/uploads\/2024\/07\/IMG_0226.jpeg\" alt=\"\" class=\"wp-image-808\" srcset=\"https:\/\/www.shaa.io\/wp-content\/uploads\/2024\/07\/IMG_0226.jpeg 1536w, https:\/\/www.shaa.io\/wp-content\/uploads\/2024\/07\/IMG_0226-225x300.jpeg 225w, https:\/\/www.shaa.io\/wp-content\/uploads\/2024\/07\/IMG_0226-768x1024.jpeg 768w, https:\/\/www.shaa.io\/wp-content\/uploads\/2024\/07\/IMG_0226-1152x1536.jpeg 1152w\" sizes=\"auto, (max-width: 1536px) 100vw, 1536px\" \/><\/a><\/figure>\n\n\n\n<figure class=\"wp-block-image size-full\"><img loading=\"lazy\" decoding=\"async\" width=\"2048\" height=\"1536\" data-id=\"807\" src=\"https:\/\/www.shaa.io\/wp-content\/uploads\/2024\/07\/IMG_0224.jpeg\" alt=\"\" class=\"wp-image-807\" srcset=\"https:\/\/www.shaa.io\/wp-content\/uploads\/2024\/07\/IMG_0224.jpeg 2048w, https:\/\/www.shaa.io\/wp-content\/uploads\/2024\/07\/IMG_0224-300x225.jpeg 300w, https:\/\/www.shaa.io\/wp-content\/uploads\/2024\/07\/IMG_0224-1024x768.jpeg 1024w, https:\/\/www.shaa.io\/wp-content\/uploads\/2024\/07\/IMG_0224-768x576.jpeg 768w, https:\/\/www.shaa.io\/wp-content\/uploads\/2024\/07\/IMG_0224-1536x1152.jpeg 1536w, https:\/\/www.shaa.io\/wp-content\/uploads\/2024\/07\/IMG_0224-1568x1176.jpeg 1568w\" sizes=\"auto, (max-width: 2048px) 100vw, 2048px\" \/><\/figure>\n\n\n\n<figure class=\"wp-block-image size-full\"><img loading=\"lazy\" decoding=\"async\" width=\"2048\" height=\"1536\" data-id=\"804\" src=\"https:\/\/www.shaa.io\/wp-content\/uploads\/2024\/07\/IMG_0204.jpeg\" alt=\"\" class=\"wp-image-804\" srcset=\"https:\/\/www.shaa.io\/wp-content\/uploads\/2024\/07\/IMG_0204.jpeg 2048w, https:\/\/www.shaa.io\/wp-content\/uploads\/2024\/07\/IMG_0204-300x225.jpeg 300w, https:\/\/www.shaa.io\/wp-content\/uploads\/2024\/07\/IMG_0204-1024x768.jpeg 1024w, https:\/\/www.shaa.io\/wp-content\/uploads\/2024\/07\/IMG_0204-768x576.jpeg 768w, https:\/\/www.shaa.io\/wp-content\/uploads\/2024\/07\/IMG_0204-1536x1152.jpeg 1536w, https:\/\/www.shaa.io\/wp-content\/uploads\/2024\/07\/IMG_0204-1568x1176.jpeg 1568w\" sizes=\"auto, (max-width: 2048px) 100vw, 2048px\" \/><\/figure>\n\n\n\n<figure class=\"wp-block-image size-full\"><img loading=\"lazy\" decoding=\"async\" width=\"2048\" height=\"1536\" data-id=\"805\" src=\"https:\/\/www.shaa.io\/wp-content\/uploads\/2024\/07\/IMG_0205.jpeg\" alt=\"\" class=\"wp-image-805\" srcset=\"https:\/\/www.shaa.io\/wp-content\/uploads\/2024\/07\/IMG_0205.jpeg 2048w, https:\/\/www.shaa.io\/wp-content\/uploads\/2024\/07\/IMG_0205-300x225.jpeg 300w, https:\/\/www.shaa.io\/wp-content\/uploads\/2024\/07\/IMG_0205-1024x768.jpeg 1024w, https:\/\/www.shaa.io\/wp-content\/uploads\/2024\/07\/IMG_0205-768x576.jpeg 768w, https:\/\/www.shaa.io\/wp-content\/uploads\/2024\/07\/IMG_0205-1536x1152.jpeg 1536w, https:\/\/www.shaa.io\/wp-content\/uploads\/2024\/07\/IMG_0205-1568x1176.jpeg 1568w\" sizes=\"auto, (max-width: 2048px) 100vw, 2048px\" \/><\/figure>\n\n\n\n<figure class=\"wp-block-image size-full\"><img loading=\"lazy\" decoding=\"async\" width=\"2048\" height=\"1536\" data-id=\"806\" src=\"https:\/\/www.shaa.io\/wp-content\/uploads\/2024\/07\/IMG_0219.jpeg\" alt=\"\" class=\"wp-image-806\" srcset=\"https:\/\/www.shaa.io\/wp-content\/uploads\/2024\/07\/IMG_0219.jpeg 2048w, https:\/\/www.shaa.io\/wp-content\/uploads\/2024\/07\/IMG_0219-300x225.jpeg 300w, https:\/\/www.shaa.io\/wp-content\/uploads\/2024\/07\/IMG_0219-1024x768.jpeg 1024w, https:\/\/www.shaa.io\/wp-content\/uploads\/2024\/07\/IMG_0219-768x576.jpeg 768w, https:\/\/www.shaa.io\/wp-content\/uploads\/2024\/07\/IMG_0219-1536x1152.jpeg 1536w, https:\/\/www.shaa.io\/wp-content\/uploads\/2024\/07\/IMG_0219-1568x1176.jpeg 1568w\" sizes=\"auto, (max-width: 2048px) 100vw, 2048px\" \/><\/figure>\n\n\n\n<figure data-wp-context=\"{&quot;imageId&quot;:&quot;69e444f54b1be&quot;}\" data-wp-interactive=\"core\/image\" data-wp-key=\"69e444f54b1be\" class=\"wp-block-image size-full wp-lightbox-container\"><img loading=\"lazy\" decoding=\"async\" width=\"1700\" height=\"2560\" data-wp-class--hide=\"state.isContentHidden\" data-wp-class--show=\"state.isContentVisible\" data-wp-init=\"callbacks.setButtonStyles\" data-wp-on--click=\"actions.showLightbox\" data-wp-on--load=\"callbacks.setButtonStyles\" data-wp-on-window--resize=\"callbacks.setButtonStyles\" data-id=\"1139\" src=\"https:\/\/www.shaa.io\/wp-content\/uploads\/2025\/01\/satellite-scaled.jpeg\" alt=\"\" class=\"wp-image-1139\" srcset=\"https:\/\/www.shaa.io\/wp-content\/uploads\/2025\/01\/satellite-scaled.jpeg 1700w, https:\/\/www.shaa.io\/wp-content\/uploads\/2025\/01\/satellite-199x300.jpeg 199w, https:\/\/www.shaa.io\/wp-content\/uploads\/2025\/01\/satellite-680x1024.jpeg 680w, https:\/\/www.shaa.io\/wp-content\/uploads\/2025\/01\/satellite-768x1157.jpeg 768w, https:\/\/www.shaa.io\/wp-content\/uploads\/2025\/01\/satellite-1020x1536.jpeg 1020w, https:\/\/www.shaa.io\/wp-content\/uploads\/2025\/01\/satellite-1360x2048.jpeg 1360w, https:\/\/www.shaa.io\/wp-content\/uploads\/2025\/01\/satellite-1568x2361.jpeg 1568w\" sizes=\"auto, (max-width: 1700px) 100vw, 1700px\" \/><button\n\t\t\tclass=\"lightbox-trigger\"\n\t\t\ttype=\"button\"\n\t\t\taria-haspopup=\"dialog\"\n\t\t\taria-label=\"Agrandir\"\n\t\t\tdata-wp-init=\"callbacks.initTriggerButton\"\n\t\t\tdata-wp-on--click=\"actions.showLightbox\"\n\t\t\tdata-wp-style--right=\"state.imageButtonRight\"\n\t\t\tdata-wp-style--top=\"state.imageButtonTop\"\n\t\t>\n\t\t\t<svg xmlns=\"http:\/\/www.w3.org\/2000\/svg\" width=\"12\" height=\"12\" fill=\"none\" viewBox=\"0 0 12 12\">\n\t\t\t\t<path fill=\"#fff\" d=\"M2 0a2 2 0 0 0-2 2v2h1.5V2a.5.5 0 0 1 .5-.5h2V0H2Zm2 10.5H2a.5.5 0 0 1-.5-.5V8H0v2a2 2 0 0 0 2 2h2v-1.5ZM8 12v-1.5h2a.5.5 0 0 0 .5-.5V8H12v2a2 2 0 0 1-2 2H8Zm2-12a2 2 0 0 1 2 2v2h-1.5V2a.5.5 0 0 0-.5-.5H8V0h2Z\" \/>\n\t\t\t<\/svg>\n\t\t<\/button><\/figure>\n<\/figure>\n","protected":false},"excerpt":{"rendered":"<p>Renouveler le tissu pavillonnaire, projet de 9 logements interg\u00e9n\u00e9rationnel Le projet de logements \u00e0 Thonon-les-Bains pose la question du renouvellement d\u2019un tissu pavillonnaire dans lequel les typologies de maisons sont tr\u00e8s grandes et dont les volumes sont install\u00e9s au milieu des parcelles-jardins. Aujourd\u2019hui, ces typologies peu denses et peu mutables sont confront\u00e9es au besoin de&hellip; <a class=\"more-link\" href=\"https:\/\/www.shaa.io\/index.php\/les-cedres\/\">Poursuivre la lecture <span class=\"screen-reader-text\">Les C\u00e8dres<\/span><\/a><\/p>\n","protected":false},"author":1,"featured_media":0,"parent":0,"menu_order":0,"comment_status":"closed","ping_status":"closed","template":"","meta":{"footnotes":""},"class_list":["post-814","page","type-page","status-publish","hentry","entry"],"_links":{"self":[{"href":"https:\/\/www.shaa.io\/index.php\/wp-json\/wp\/v2\/pages\/814","targetHints":{"allow":["GET"]}}],"collection":[{"href":"https:\/\/www.shaa.io\/index.php\/wp-json\/wp\/v2\/pages"}],"about":[{"href":"https:\/\/www.shaa.io\/index.php\/wp-json\/wp\/v2\/types\/page"}],"author":[{"embeddable":true,"href":"https:\/\/www.shaa.io\/index.php\/wp-json\/wp\/v2\/users\/1"}],"replies":[{"embeddable":true,"href":"https:\/\/www.shaa.io\/index.php\/wp-json\/wp\/v2\/comments?post=814"}],"version-history":[{"count":5,"href":"https:\/\/www.shaa.io\/index.php\/wp-json\/wp\/v2\/pages\/814\/revisions"}],"predecessor-version":[{"id":1407,"href":"https:\/\/www.shaa.io\/index.php\/wp-json\/wp\/v2\/pages\/814\/revisions\/1407"}],"wp:attachment":[{"href":"https:\/\/www.shaa.io\/index.php\/wp-json\/wp\/v2\/media?parent=814"}],"curies":[{"name":"wp","href":"https:\/\/api.w.org\/{rel}","templated":true}]}}