{"id":796,"date":"2024-07-10T18:35:55","date_gmt":"2024-07-10T16:35:55","guid":{"rendered":"http:\/\/www.shaa.io\/?page_id=796"},"modified":"2025-01-30T09:51:43","modified_gmt":"2025-01-30T08:51:43","slug":"atelier-logement-a-homs-causses","status":"publish","type":"page","link":"https:\/\/www.shaa.io\/index.php\/atelier-logement-a-homs-causses\/","title":{"rendered":"Atelier &lsquo;le temps du faire&rsquo;"},"content":{"rendered":"\n<h2 class=\"wp-block-heading alignwide has-large-font-size\">Projet d&rsquo;atelier-logement en auto-construction \u00e0 Homs dans les Causses<\/h2>\n\n\n\n<div class=\"wp-block-columns alignwide is-layout-flex wp-container-core-columns-is-layout-9d6595d7 wp-block-columns-is-layout-flex\">\n<div class=\"wp-block-column is-layout-flow wp-block-column-is-layout-flow\">\n<p class=\"has-extra-small-font-size\">Au c\u0153ur des Causses, le projet se situe sur un terrain familial entour\u00e9 d\u2019empierrement typique de la r\u00e9gion. Le projet s\u2019inspire des mati\u00e8res et des couleurs du paysage pour la construction des b\u00e2timents.&nbsp;<\/p>\n\n\n\n<p class=\"has-extra-small-font-size\">Comme le projet de l\u2019atelier Sha\u0101 et de l\u2019Orangerie, le programme concerne la construction d\u2019un b\u00e2timent atelier et d\u2019un b\u00e2timent logement. Nous d\u00e9veloppons cette typologie de duo depuis le projet \u00e0 Neuvecelle. Entre les deux, un espace ext\u00e9rieur, terrasse ou plantation, maintient en tension et lie les deux volumes. Comme pour les autres projets, ce projet \u00e0 Homs se base sur le&nbsp;principe d\u2019\u00e9changes de savoir-faire entre artisans et avec quasiment la m\u00eame \u00e9quipe. Ces \u00e9changes garantissent une circulation des savoirs des uns et des autres pour \u00eatre plus attentifs aux besoins de chaque corps de m\u00e9tier d\u2019un projet de construction.&nbsp;<\/p>\n\n\n\n<p class=\"has-extra-small-font-size\">Mat\u00e9riaux de construction&nbsp;: construction bois sur site (charpente)&nbsp;; isolation paille auto-construction&nbsp;; enduit ext\u00e9rieur sable chaux&nbsp;; enduit int\u00e9rieur terre. Formation PRO PAILLE<\/p>\n<\/div>\n<\/div>\n\n\n\n<details class=\"wp-block-details alignwide is-layout-flow wp-block-details-is-layout-flow\"><summary>INFO<\/summary>\n<p class=\"has-extra-small-font-size\"><strong>MAITRISE D\u2019OUVRAGE&nbsp;:&nbsp;<\/strong>PRIV\u00c9 &#8211; LA FAMILLE MERQUIOL-MOHAMMADI ET LE TEMPS DU FAIRE&nbsp;<\/p>\n\n\n\n<p class=\"has-extra-small-font-size\"><strong>\u00c9QUIPE ETUDE ET CHANTIER&nbsp;:&nbsp;<\/strong>SHAA (MANDATAIRES), SCOP HOUSELF&nbsp;&nbsp;(BE THERMIQUE ET AMO ECO-CONSTRUCTION),&nbsp;<\/p>\n\n\n\n<p class=\"has-extra-small-font-size\">MAJID HAJMIRBABA (MEMBRE DE CRATERRE EXPERT ET FORMATEUR EN FILI\u00c8RE VERNACULAIRE)<\/p>\n\n\n\n<p class=\"has-extra-small-font-size\">SOCLE (ARTISAN MENUISIER)<\/p>\n\n\n\n<p class=\"has-extra-small-font-size\"><strong>MISSION&nbsp;:&nbsp;<\/strong>MISSION COMPLETE + EXPERTISE BIO-SOURC\u00c9E<\/p>\n\n\n\n<p class=\"has-extra-small-font-size\"><strong>LOCALISATION&nbsp;:&nbsp;<\/strong>CAMPESTRE-ET-LUC (30, GARD)<\/p>\n\n\n\n<p class=\"has-extra-small-font-size\"><strong>PROGRAMME&nbsp;:&nbsp;<\/strong>1 LOGEMENTS COMPATIBLE AU QUOTIDIEN DE PERSONNE SOUFFRANT D\u2019ALZHEIMER ET D\u2019UN ATELIER D\u2019ARTISAN<\/p>\n\n\n\n<p class=\"has-extra-small-font-size\"><strong>SURFACE&nbsp;<\/strong>: 200 M\u00b2 SDP<\/p>\n\n\n\n<p class=\"has-extra-small-font-size\"><strong>DATE :&nbsp;&nbsp;<\/strong>2023 &#8211; 2025<\/p>\n<\/details>\n\n\n\n<figure class=\"wp-block-image alignwide size-full\"><img loading=\"lazy\" decoding=\"async\" width=\"2560\" height=\"1115\" src=\"https:\/\/www.shaa.io\/wp-content\/uploads\/2024\/07\/Homs-image-scaled.jpg\" alt=\"\" class=\"wp-image-795\" srcset=\"https:\/\/www.shaa.io\/wp-content\/uploads\/2024\/07\/Homs-image-scaled.jpg 2560w, https:\/\/www.shaa.io\/wp-content\/uploads\/2024\/07\/Homs-image-300x131.jpg 300w, https:\/\/www.shaa.io\/wp-content\/uploads\/2024\/07\/Homs-image-1024x446.jpg 1024w, https:\/\/www.shaa.io\/wp-content\/uploads\/2024\/07\/Homs-image-768x334.jpg 768w, https:\/\/www.shaa.io\/wp-content\/uploads\/2024\/07\/Homs-image-1536x669.jpg 1536w, https:\/\/www.shaa.io\/wp-content\/uploads\/2024\/07\/Homs-image-2048x892.jpg 2048w, https:\/\/www.shaa.io\/wp-content\/uploads\/2024\/07\/Homs-image-1568x683.jpg 1568w\" sizes=\"auto, (max-width: 2560px) 100vw, 2560px\" \/><\/figure>\n\n\n\n<figure class=\"wp-block-gallery alignwide has-nested-images columns-default is-cropped wp-block-gallery-1 is-layout-flex wp-block-gallery-is-layout-flex\">\n<figure data-wp-context=\"{&quot;imageId&quot;:&quot;69e74f21652cc&quot;}\" data-wp-interactive=\"core\/image\" data-wp-key=\"69e74f21652cc\" class=\"wp-block-image size-full wp-lightbox-container\"><img loading=\"lazy\" decoding=\"async\" width=\"2560\" height=\"1810\" data-wp-class--hide=\"state.isContentHidden\" data-wp-class--show=\"state.isContentVisible\" data-wp-init=\"callbacks.setButtonStyles\" data-wp-on--click=\"actions.showLightbox\" data-wp-on--load=\"callbacks.setButtonStyles\" data-wp-on-window--resize=\"callbacks.setButtonStyles\" data-id=\"794\" src=\"https:\/\/www.shaa.io\/wp-content\/uploads\/2024\/07\/Homs_Plan-masse-scaled.jpg\" alt=\"\" class=\"wp-image-794\" srcset=\"https:\/\/www.shaa.io\/wp-content\/uploads\/2024\/07\/Homs_Plan-masse-scaled.jpg 2560w, https:\/\/www.shaa.io\/wp-content\/uploads\/2024\/07\/Homs_Plan-masse-300x212.jpg 300w, https:\/\/www.shaa.io\/wp-content\/uploads\/2024\/07\/Homs_Plan-masse-1024x724.jpg 1024w, https:\/\/www.shaa.io\/wp-content\/uploads\/2024\/07\/Homs_Plan-masse-768x543.jpg 768w, https:\/\/www.shaa.io\/wp-content\/uploads\/2024\/07\/Homs_Plan-masse-1536x1086.jpg 1536w, https:\/\/www.shaa.io\/wp-content\/uploads\/2024\/07\/Homs_Plan-masse-2048x1448.jpg 2048w, https:\/\/www.shaa.io\/wp-content\/uploads\/2024\/07\/Homs_Plan-masse-1568x1109.jpg 1568w\" sizes=\"auto, (max-width: 2560px) 100vw, 2560px\" \/><button\n\t\t\tclass=\"lightbox-trigger\"\n\t\t\ttype=\"button\"\n\t\t\taria-haspopup=\"dialog\"\n\t\t\taria-label=\"Agrandir\"\n\t\t\tdata-wp-init=\"callbacks.initTriggerButton\"\n\t\t\tdata-wp-on--click=\"actions.showLightbox\"\n\t\t\tdata-wp-style--right=\"state.imageButtonRight\"\n\t\t\tdata-wp-style--top=\"state.imageButtonTop\"\n\t\t>\n\t\t\t<svg xmlns=\"http:\/\/www.w3.org\/2000\/svg\" width=\"12\" height=\"12\" fill=\"none\" viewBox=\"0 0 12 12\">\n\t\t\t\t<path fill=\"#fff\" d=\"M2 0a2 2 0 0 0-2 2v2h1.5V2a.5.5 0 0 1 .5-.5h2V0H2Zm2 10.5H2a.5.5 0 0 1-.5-.5V8H0v2a2 2 0 0 0 2 2h2v-1.5ZM8 12v-1.5h2a.5.5 0 0 0 .5-.5V8H12v2a2 2 0 0 1-2 2H8Zm2-12a2 2 0 0 1 2 2v2h-1.5V2a.5.5 0 0 0-.5-.5H8V0h2Z\" \/>\n\t\t\t<\/svg>\n\t\t<\/button><\/figure>\n\n\n\n<figure data-wp-context=\"{&quot;imageId&quot;:&quot;69e74f2165a66&quot;}\" data-wp-interactive=\"core\/image\" data-wp-key=\"69e74f2165a66\" class=\"wp-block-image size-full wp-lightbox-container\"><img loading=\"lazy\" decoding=\"async\" width=\"2560\" height=\"1920\" data-wp-class--hide=\"state.isContentHidden\" data-wp-class--show=\"state.isContentVisible\" data-wp-init=\"callbacks.setButtonStyles\" data-wp-on--click=\"actions.showLightbox\" data-wp-on--load=\"callbacks.setButtonStyles\" data-wp-on-window--resize=\"callbacks.setButtonStyles\" data-id=\"793\" src=\"https:\/\/www.shaa.io\/wp-content\/uploads\/2024\/07\/Homs_maquette-scaled.jpg\" alt=\"\" class=\"wp-image-793\" srcset=\"https:\/\/www.shaa.io\/wp-content\/uploads\/2024\/07\/Homs_maquette-scaled.jpg 2560w, https:\/\/www.shaa.io\/wp-content\/uploads\/2024\/07\/Homs_maquette-300x225.jpg 300w, https:\/\/www.shaa.io\/wp-content\/uploads\/2024\/07\/Homs_maquette-1024x768.jpg 1024w, https:\/\/www.shaa.io\/wp-content\/uploads\/2024\/07\/Homs_maquette-768x576.jpg 768w, https:\/\/www.shaa.io\/wp-content\/uploads\/2024\/07\/Homs_maquette-1536x1152.jpg 1536w, https:\/\/www.shaa.io\/wp-content\/uploads\/2024\/07\/Homs_maquette-2048x1536.jpg 2048w, https:\/\/www.shaa.io\/wp-content\/uploads\/2024\/07\/Homs_maquette-1568x1176.jpg 1568w\" sizes=\"auto, (max-width: 2560px) 100vw, 2560px\" \/><button\n\t\t\tclass=\"lightbox-trigger\"\n\t\t\ttype=\"button\"\n\t\t\taria-haspopup=\"dialog\"\n\t\t\taria-label=\"Agrandir\"\n\t\t\tdata-wp-init=\"callbacks.initTriggerButton\"\n\t\t\tdata-wp-on--click=\"actions.showLightbox\"\n\t\t\tdata-wp-style--right=\"state.imageButtonRight\"\n\t\t\tdata-wp-style--top=\"state.imageButtonTop\"\n\t\t>\n\t\t\t<svg xmlns=\"http:\/\/www.w3.org\/2000\/svg\" width=\"12\" height=\"12\" fill=\"none\" viewBox=\"0 0 12 12\">\n\t\t\t\t<path fill=\"#fff\" d=\"M2 0a2 2 0 0 0-2 2v2h1.5V2a.5.5 0 0 1 .5-.5h2V0H2Zm2 10.5H2a.5.5 0 0 1-.5-.5V8H0v2a2 2 0 0 0 2 2h2v-1.5ZM8 12v-1.5h2a.5.5 0 0 0 .5-.5V8H12v2a2 2 0 0 1-2 2H8Zm2-12a2 2 0 0 1 2 2v2h-1.5V2a.5.5 0 0 0-.5-.5H8V0h2Z\" \/>\n\t\t\t<\/svg>\n\t\t<\/button><\/figure>\n\n\n\n<figure data-wp-context=\"{&quot;imageId&quot;:&quot;69e74f21660d6&quot;}\" data-wp-interactive=\"core\/image\" data-wp-key=\"69e74f21660d6\" class=\"wp-block-image size-full wp-lightbox-container\"><img loading=\"lazy\" decoding=\"async\" width=\"2560\" height=\"1810\" data-wp-class--hide=\"state.isContentHidden\" data-wp-class--show=\"state.isContentVisible\" data-wp-init=\"callbacks.setButtonStyles\" data-wp-on--click=\"actions.showLightbox\" data-wp-on--load=\"callbacks.setButtonStyles\" data-wp-on-window--resize=\"callbacks.setButtonStyles\" data-id=\"792\" src=\"https:\/\/www.shaa.io\/wp-content\/uploads\/2024\/07\/Homs_Axo_A3-scaled.jpg\" alt=\"\" class=\"wp-image-792\" srcset=\"https:\/\/www.shaa.io\/wp-content\/uploads\/2024\/07\/Homs_Axo_A3-scaled.jpg 2560w, https:\/\/www.shaa.io\/wp-content\/uploads\/2024\/07\/Homs_Axo_A3-300x212.jpg 300w, https:\/\/www.shaa.io\/wp-content\/uploads\/2024\/07\/Homs_Axo_A3-1024x724.jpg 1024w, https:\/\/www.shaa.io\/wp-content\/uploads\/2024\/07\/Homs_Axo_A3-768x543.jpg 768w, https:\/\/www.shaa.io\/wp-content\/uploads\/2024\/07\/Homs_Axo_A3-1536x1086.jpg 1536w, https:\/\/www.shaa.io\/wp-content\/uploads\/2024\/07\/Homs_Axo_A3-2048x1448.jpg 2048w, https:\/\/www.shaa.io\/wp-content\/uploads\/2024\/07\/Homs_Axo_A3-1568x1109.jpg 1568w\" sizes=\"auto, (max-width: 2560px) 100vw, 2560px\" \/><button\n\t\t\tclass=\"lightbox-trigger\"\n\t\t\ttype=\"button\"\n\t\t\taria-haspopup=\"dialog\"\n\t\t\taria-label=\"Agrandir\"\n\t\t\tdata-wp-init=\"callbacks.initTriggerButton\"\n\t\t\tdata-wp-on--click=\"actions.showLightbox\"\n\t\t\tdata-wp-style--right=\"state.imageButtonRight\"\n\t\t\tdata-wp-style--top=\"state.imageButtonTop\"\n\t\t>\n\t\t\t<svg xmlns=\"http:\/\/www.w3.org\/2000\/svg\" width=\"12\" height=\"12\" fill=\"none\" viewBox=\"0 0 12 12\">\n\t\t\t\t<path fill=\"#fff\" d=\"M2 0a2 2 0 0 0-2 2v2h1.5V2a.5.5 0 0 1 .5-.5h2V0H2Zm2 10.5H2a.5.5 0 0 1-.5-.5V8H0v2a2 2 0 0 0 2 2h2v-1.5ZM8 12v-1.5h2a.5.5 0 0 0 .5-.5V8H12v2a2 2 0 0 1-2 2H8Zm2-12a2 2 0 0 1 2 2v2h-1.5V2a.5.5 0 0 0-.5-.5H8V0h2Z\" \/>\n\t\t\t<\/svg>\n\t\t<\/button><\/figure>\n<\/figure>\n","protected":false},"excerpt":{"rendered":"<p>Projet d&rsquo;atelier-logement en auto-construction \u00e0 Homs dans les Causses Au c\u0153ur des Causses, le projet se situe sur un terrain familial entour\u00e9 d\u2019empierrement typique de la r\u00e9gion. Le projet s\u2019inspire des mati\u00e8res et des couleurs du paysage pour la construction des b\u00e2timents.&nbsp; Comme le projet de l\u2019atelier Sha\u0101 et de l\u2019Orangerie, le programme concerne la&hellip; <a class=\"more-link\" href=\"https:\/\/www.shaa.io\/index.php\/atelier-logement-a-homs-causses\/\">Poursuivre la lecture <span class=\"screen-reader-text\">Atelier &lsquo;le temps du faire&rsquo;<\/span><\/a><\/p>\n","protected":false},"author":1,"featured_media":0,"parent":0,"menu_order":0,"comment_status":"closed","ping_status":"closed","template":"","meta":{"footnotes":""},"class_list":["post-796","page","type-page","status-publish","hentry","entry"],"_links":{"self":[{"href":"https:\/\/www.shaa.io\/index.php\/wp-json\/wp\/v2\/pages\/796","targetHints":{"allow":["GET"]}}],"collection":[{"href":"https:\/\/www.shaa.io\/index.php\/wp-json\/wp\/v2\/pages"}],"about":[{"href":"https:\/\/www.shaa.io\/index.php\/wp-json\/wp\/v2\/types\/page"}],"author":[{"embeddable":true,"href":"https:\/\/www.shaa.io\/index.php\/wp-json\/wp\/v2\/users\/1"}],"replies":[{"embeddable":true,"href":"https:\/\/www.shaa.io\/index.php\/wp-json\/wp\/v2\/comments?post=796"}],"version-history":[{"count":6,"href":"https:\/\/www.shaa.io\/index.php\/wp-json\/wp\/v2\/pages\/796\/revisions"}],"predecessor-version":[{"id":1405,"href":"https:\/\/www.shaa.io\/index.php\/wp-json\/wp\/v2\/pages\/796\/revisions\/1405"}],"wp:attachment":[{"href":"https:\/\/www.shaa.io\/index.php\/wp-json\/wp\/v2\/media?parent=796"}],"curies":[{"name":"wp","href":"https:\/\/api.w.org\/{rel}","templated":true}]}}