{"id":784,"date":"2024-07-10T18:31:21","date_gmt":"2024-07-10T16:31:21","guid":{"rendered":"http:\/\/www.shaa.io\/?page_id=784"},"modified":"2025-07-25T12:43:43","modified_gmt":"2025-07-25T10:43:43","slug":"lorangerie-atelier-socle","status":"publish","type":"page","link":"https:\/\/www.shaa.io\/index.php\/lorangerie-atelier-socle\/","title":{"rendered":"L\u2019orangerie"},"content":{"rendered":"\n<h2 class=\"wp-block-heading alignwide has-large-font-size\">Atelier Socle (art&amp;design) <\/h2>\n\n\n\n<div class=\"wp-block-columns alignwide is-layout-flex wp-container-core-columns-is-layout-9d6595d7 wp-block-columns-is-layout-flex\">\n<div class=\"wp-block-column is-layout-flow wp-block-column-is-layout-flow\">\n<p class=\"has-extra-small-font-size\">Atelier d\u2019artisan situ\u00e9 dans le tissu urbain pavillonnaire caract\u00e9ristique du quartier Port-\u00e0-l\u2019Anglais \u00e0 Vitry-sur-Seine, avec r\u00e9habilitation d\u2019une maison existante en fond de parcelle et cr\u00e9ation d\u2019un atelier du travail du bois c\u00f4t\u00e9 rue. Le projet est jumeau du projet pour l\u2019Atelier Sha\u0101, r\u00e9alis\u00e9 sur le m\u00eame principe d\u2019\u00e9changes de savoir-faire entre artisans et avec quasiment la m\u00eame \u00e9quipe. Le projet prolonge \u00e9galement la r\u00e9flexion concernant l\u2019utilisation de ressources du territoire et la qualit\u00e9 des sols de remblais sur lesquels est construit le pavillonnaire. Avec le projet \u00e0 Homs, ce trio de projets questionne la circulation des savoir-faire pour une \u00e9conomie du projet anti-sp\u00e9culative, et la r\u00e9flexion sur des typologies d\u2019habitation-atelier pour maintenir des activit\u00e9s dans les zones habit\u00e9es, afin d\u2019\u00e9viter leur d\u00e9placement en dehors des villes (dans les zones industrielles). Ceci contribue \u00e0 une r\u00e9flexion plus large sur le maintien de l\u2019activit\u00e9 en ville, contre l\u2019effet ville dortoir, et pour \u00e9viter de perdre les dynamismes des villes p\u00e9riph\u00e9riques de couronne parisienne.&nbsp;<\/p>\n\n\n\n<p class=\"has-extra-small-font-size\">Mat\u00e9riaux de construction&nbsp;: construction bois sur&nbsp;; isolation paille auto-construction&nbsp;; enduit ext\u00e9rieur sable chaux. Formation PRO PAILLE<\/p>\n<\/div>\n<\/div>\n\n\n\n<details class=\"wp-block-details alignwide is-layout-flow wp-block-details-is-layout-flow\"><summary>INFO<\/summary>\n<p class=\"has-extra-small-font-size\"><strong>MAITRISE D\u2019OUVRAGE&nbsp;:&nbsp;<\/strong>SCI L\u2019ORANGERIE<\/p>\n\n\n\n<p class=\"has-extra-small-font-size\"><strong>\u00c9QUIPE&nbsp;:&nbsp;<\/strong>SHAA ARCHITECTURE (94), EBA ING\u00c9NIEUR STRUCTURE (74), SCOP HOUSELF THERMIQUE, EQUATERRE GEOTECHNICIENS, MOCABOIS LEMAN, LES GRANDS MOYENS (EDOURD VERNES) FORMATION PAILLE, MAJID HAJMIRBABA (FORMATION TERRE)<\/p>\n\n\n\n<p class=\"has-extra-small-font-size\"><strong>MISSION&nbsp;:&nbsp;<\/strong>MISSION COMPLETE + EXPERTISE BIO-SOURC\u00c9E<\/p>\n\n\n\n<p class=\"has-extra-small-font-size\"><strong>LOCALISATION&nbsp;:&nbsp;<\/strong>VITRY SUR SEINE (94)<\/p>\n\n\n\n<p class=\"has-extra-small-font-size\"><strong>PROGRAMME\u00a0:\u00a0<\/strong>R\u00c9HABILITATION Habitation &amp; CONSTRUCTION NEUVE D&rsquo;UN ATELIER (ARTISAN BOIS)<\/p>\n\n\n\n<p class=\"has-extra-small-font-size\"><strong>SURFACE&nbsp;:&nbsp;<\/strong>200 M<sup>2&nbsp;<\/sup>SDP<\/p>\n\n\n\n<p class=\"has-extra-small-font-size\"><strong>DATE\u00a0<\/strong>: 2023 &#8211; 2025<\/p>\n<\/details>\n\n\n\n<figure class=\"wp-block-image size-large\"><img loading=\"lazy\" decoding=\"async\" width=\"676\" height=\"1024\" src=\"https:\/\/www.shaa.io\/wp-content\/uploads\/2025\/07\/Socle_vue-jardin-copie-2-676x1024.jpg\" alt=\"\" class=\"wp-image-1615\" srcset=\"https:\/\/www.shaa.io\/wp-content\/uploads\/2025\/07\/Socle_vue-jardin-copie-2-676x1024.jpg 676w, https:\/\/www.shaa.io\/wp-content\/uploads\/2025\/07\/Socle_vue-jardin-copie-2-198x300.jpg 198w, https:\/\/www.shaa.io\/wp-content\/uploads\/2025\/07\/Socle_vue-jardin-copie-2-768x1163.jpg 768w, https:\/\/www.shaa.io\/wp-content\/uploads\/2025\/07\/Socle_vue-jardin-copie-2-1014x1536.jpg 1014w, https:\/\/www.shaa.io\/wp-content\/uploads\/2025\/07\/Socle_vue-jardin-copie-2-1352x2048.jpg 1352w, https:\/\/www.shaa.io\/wp-content\/uploads\/2025\/07\/Socle_vue-jardin-copie-2-1568x2375.jpg 1568w, https:\/\/www.shaa.io\/wp-content\/uploads\/2025\/07\/Socle_vue-jardin-copie-2-scaled.jpg 1690w\" sizes=\"auto, (max-width: 676px) 100vw, 676px\" \/><\/figure>\n\n\n\n<figure class=\"wp-block-image size-large\"><img loading=\"lazy\" decoding=\"async\" width=\"1024\" height=\"724\" src=\"https:\/\/www.shaa.io\/wp-content\/uploads\/2025\/07\/Socle_vue-rue-bleu-copie-1024x724.jpg\" alt=\"\" class=\"wp-image-1616\" srcset=\"https:\/\/www.shaa.io\/wp-content\/uploads\/2025\/07\/Socle_vue-rue-bleu-copie-1024x724.jpg 1024w, https:\/\/www.shaa.io\/wp-content\/uploads\/2025\/07\/Socle_vue-rue-bleu-copie-300x212.jpg 300w, https:\/\/www.shaa.io\/wp-content\/uploads\/2025\/07\/Socle_vue-rue-bleu-copie-768x543.jpg 768w, https:\/\/www.shaa.io\/wp-content\/uploads\/2025\/07\/Socle_vue-rue-bleu-copie-1536x1086.jpg 1536w, https:\/\/www.shaa.io\/wp-content\/uploads\/2025\/07\/Socle_vue-rue-bleu-copie-2048x1449.jpg 2048w, https:\/\/www.shaa.io\/wp-content\/uploads\/2025\/07\/Socle_vue-rue-bleu-copie-1568x1109.jpg 1568w\" sizes=\"auto, (max-width: 1024px) 100vw, 1024px\" \/><\/figure>\n\n\n<div class=\"wp-block-image\">\n<figure class=\"aligncenter size-full\"><img loading=\"lazy\" decoding=\"async\" width=\"1430\" height=\"1000\" src=\"https:\/\/www.shaa.io\/wp-content\/uploads\/2024\/07\/2024-3.jpg\" alt=\"\" class=\"wp-image-781\" srcset=\"https:\/\/www.shaa.io\/wp-content\/uploads\/2024\/07\/2024-3.jpg 1430w, https:\/\/www.shaa.io\/wp-content\/uploads\/2024\/07\/2024-3-300x210.jpg 300w, https:\/\/www.shaa.io\/wp-content\/uploads\/2024\/07\/2024-3-1024x716.jpg 1024w, https:\/\/www.shaa.io\/wp-content\/uploads\/2024\/07\/2024-3-768x537.jpg 768w\" sizes=\"auto, (max-width: 1430px) 100vw, 1430px\" \/><\/figure>\n<\/div>","protected":false},"excerpt":{"rendered":"<p>Atelier Socle (art&amp;design) Atelier d\u2019artisan situ\u00e9 dans le tissu urbain pavillonnaire caract\u00e9ristique du quartier Port-\u00e0-l\u2019Anglais \u00e0 Vitry-sur-Seine, avec r\u00e9habilitation d\u2019une maison existante en fond de parcelle et cr\u00e9ation d\u2019un atelier du travail du bois c\u00f4t\u00e9 rue. Le projet est jumeau du projet pour l\u2019Atelier Sha\u0101, r\u00e9alis\u00e9 sur le m\u00eame principe d\u2019\u00e9changes de savoir-faire entre artisans&hellip; <a class=\"more-link\" href=\"https:\/\/www.shaa.io\/index.php\/lorangerie-atelier-socle\/\">Poursuivre la lecture <span class=\"screen-reader-text\">L\u2019orangerie<\/span><\/a><\/p>\n","protected":false},"author":1,"featured_media":0,"parent":0,"menu_order":0,"comment_status":"closed","ping_status":"closed","template":"","meta":{"footnotes":""},"class_list":["post-784","page","type-page","status-publish","hentry","entry"],"_links":{"self":[{"href":"https:\/\/www.shaa.io\/index.php\/wp-json\/wp\/v2\/pages\/784","targetHints":{"allow":["GET"]}}],"collection":[{"href":"https:\/\/www.shaa.io\/index.php\/wp-json\/wp\/v2\/pages"}],"about":[{"href":"https:\/\/www.shaa.io\/index.php\/wp-json\/wp\/v2\/types\/page"}],"author":[{"embeddable":true,"href":"https:\/\/www.shaa.io\/index.php\/wp-json\/wp\/v2\/users\/1"}],"replies":[{"embeddable":true,"href":"https:\/\/www.shaa.io\/index.php\/wp-json\/wp\/v2\/comments?post=784"}],"version-history":[{"count":8,"href":"https:\/\/www.shaa.io\/index.php\/wp-json\/wp\/v2\/pages\/784\/revisions"}],"predecessor-version":[{"id":1618,"href":"https:\/\/www.shaa.io\/index.php\/wp-json\/wp\/v2\/pages\/784\/revisions\/1618"}],"wp:attachment":[{"href":"https:\/\/www.shaa.io\/index.php\/wp-json\/wp\/v2\/media?parent=784"}],"curies":[{"name":"wp","href":"https:\/\/api.w.org\/{rel}","templated":true}]}}