{"id":770,"date":"2024-07-10T18:26:37","date_gmt":"2024-07-10T16:26:37","guid":{"rendered":"http:\/\/www.shaa.io\/?page_id=770"},"modified":"2025-01-30T09:50:12","modified_gmt":"2025-01-30T08:50:12","slug":"la-maison-de-shams-et-latelier-shaa","status":"publish","type":"page","link":"https:\/\/www.shaa.io\/index.php\/la-maison-de-shams-et-latelier-shaa\/","title":{"rendered":"Atelier sha\u0101"},"content":{"rendered":"\n<h2 class=\"wp-block-heading alignwide has-large-font-size\">Atelier-logement \u00e0 Vitry-sur-Seine (Ile-de-France)<\/h2>\n\n\n\n<div class=\"wp-block-columns alignwide is-layout-flex wp-container-core-columns-is-layout-9d6595d7 wp-block-columns-is-layout-flex\">\n<div class=\"wp-block-column is-layout-flow wp-block-column-is-layout-flow\">\n<p class=\"has-extra-small-font-size\">Cr\u00e9ation d\u2019un atelier et habitation compos\u00e9 de deux b\u00e2timents&nbsp;: le pavillon est une construction neuve \u00e0 l\u2019avant de la parcelle&nbsp;; l\u2019atelier, une r\u00e9habilitation avec d\u00e9molition partielle, \u00e0 l\u2019arri\u00e8re de la parcelle, est destin\u00e9 \u00e0 des espaces de travail pour l\u2019Atelier sha\u0101. L\u2019espace ext\u00e9rieur articule et relie ces deux volumes b\u00e2tis sur la parcelle.<\/p>\n\n\n\n<p class=\"has-extra-small-font-size\">Mat\u00e9riaux de construction&nbsp;: construction bois hors-site (assemblage sur site en 5 jours)&nbsp;; isolation paille auto-construction&nbsp;; enduit ext\u00e9rieur sable chaux + insertion de briques&nbsp;; enduit int\u00e9rieur terre. Formation PRO PAILLE<\/p>\n\n\n\n<p class=\"has-extra-small-font-size\">Le projet d\u00e9veloppe une carte des ressources et de la transformation des sols des zones pavillonnaires de petite couronne de r\u00e9gion parisienne, o\u00f9 les sols sont constitu\u00e9s en large partie de remblais avec d\u2019anciennes destinations industrielles. Comment g\u00e9rer les d\u00e9placements de terre, quelles ressources import\u00e9es pour construire ici sans r\u00e9it\u00e9rer une logique extractiviste&nbsp;?&nbsp;Comment repr\u00e9senter le projet \u00e0 partir du territoire (ou des territoires) dont il d\u00e9pend&nbsp;? Et non pas seulement le produit fini ou un process dont est externalis\u00e9 tout le r\u00e9seau de production (ou r\u00e9g\u00e9n\u00e9ration) n\u00e9cessaire.<\/p>\n\n\n\n<p class=\"has-extra-small-font-size\">Nous avons mis au point un syst\u00e8me d\u2019\u00e9changes non sp\u00e9culatifs avec les artisans de la construction avec qui nous collaborons depuis plusieurs projets. Ces \u00e9changes garantissent une circulation des savoirs des uns et des autres pour \u00eatre plus attentifs aux besoins de chaque corps de m\u00e9tier d\u2019un projet de construction. Ce syst\u00e8me d\u2019\u00e9changes renverse la position de l\u2019architecte&nbsp;: il n\u2019est pas au-dessus des artisans, et entreprises, mais est un acteur comme les autres dont le m\u00e9tier et l\u2019\u00e9tablissement des plans et la mise en circulation des besoins.<strong><\/strong><\/p>\n<\/div>\n<\/div>\n\n\n\n<details class=\"wp-block-details alignwide is-layout-flow wp-block-details-is-layout-flow\"><summary>INFO<\/summary>\n<p class=\"has-extra-small-font-size\"><strong>MAITRISE D\u2019OUVRAGE&nbsp;:&nbsp;<\/strong>SCI SHAA<\/p>\n\n\n\n<p class=\"has-extra-small-font-size\"><strong>\u00c9QUIPE&nbsp;DE CONCEPTION&nbsp;:&nbsp;<\/strong>SHAA ARCHITECTURE (94), EBA ING\u00c9NIEUR STRUCTURE (74), SCOP HOUSELF THERMIQUE, EQUATERRE GEOTECHNICIENS, LES GRANDS MOYENS (EDOURD VERNES) FORMATION PAILLE, MAJID HAJMIRBABA (FORMATION TERRE)<\/p>\n\n\n\n<p class=\"has-extra-small-font-size\"><strong>EQUIPE DE CHANTIER<\/strong>&nbsp;: LUTECIENNE MACONNERIE (93), ARBOSPHERE CHARPENTE (94), L\u2019ASTRAGALE (MEX), TOPTOIT COUVERTURE (94), SOCLE, ISOL EN PAILLE ET COPANO (FOURNISSEURS PAILLE), BRIQUETRIE D\u2019ALLONE DEWULF.<\/p>\n\n\n\n<p class=\"has-extra-small-font-size\"><strong>MISSION&nbsp;:&nbsp;<\/strong>MISSION COMPLETE + EXPERTISE BIO-SOURC\u00c9E<\/p>\n\n\n\n<p class=\"has-extra-small-font-size\"><strong>LOCALISATION&nbsp;:&nbsp;<\/strong>VITRY SUR SEINE (94)<\/p>\n\n\n\n<p class=\"has-extra-small-font-size\"><strong>PROGRAMME&nbsp;:&nbsp;<\/strong>R\u00c9HABILITATION &#8211; CONSTRUCTION NEUVE ATELIER &#8211; HABITATION&nbsp;<\/p>\n\n\n\n<p class=\"has-extra-small-font-size\"><strong>SURFACE&nbsp;:&nbsp;<\/strong>195 M<sup>2&nbsp;<\/sup>SDP<\/p>\n\n\n\n<p class=\"has-extra-small-font-size\"><strong>SPECIFICIT\u00c9&nbsp;:&nbsp;<\/strong>ISOLATION EN PAILLE ET PREFABRICATION HORS SITE<\/p>\n\n\n\n<p class=\"has-extra-small-font-size\"><strong>DATE&nbsp;<\/strong>&nbsp;:&nbsp;2021 &#8211; 2024<\/p>\n<\/details>\n\n\n\n<figure class=\"wp-block-image alignwide size-full\"><img decoding=\"async\" src=\"https:\/\/www.shaa.io\/wp-content\/uploads\/2024\/07\/2203-atelier-shaa_Chantier-2-COTE-RUE.tif\" alt=\"\" class=\"wp-image-774\"\/><\/figure>\n\n\n\n<figure class=\"wp-block-gallery alignwide has-nested-images columns-default is-cropped wp-block-gallery-1 is-layout-flex wp-block-gallery-is-layout-flex\">\n<figure class=\"wp-block-image size-large\"><img decoding=\"async\" data-id=\"769\" src=\"https:\/\/www.shaa.io\/wp-content\/uploads\/2024\/07\/2203-atelier-shaa_Chantier-cote-jardin-moucharabiheh.tif\" alt=\"\" class=\"wp-image-769\"\/><\/figure>\n\n\n\n<figure class=\"wp-block-image size-large\"><img decoding=\"async\" data-id=\"767\" src=\"https:\/\/www.shaa.io\/wp-content\/uploads\/2024\/07\/2203-atelier-shaa_Chantier-2-moucharabiah-20240611.tif\" alt=\"\" class=\"wp-image-767\"\/><\/figure>\n\n\n\n<figure class=\"wp-block-image size-large\"><img decoding=\"async\" data-id=\"766\" src=\"https:\/\/www.shaa.io\/wp-content\/uploads\/2024\/07\/2203-atelier-shaa_Chantier-2-vue-escalier-20240611.tif\" alt=\"\" class=\"wp-image-766\"\/><\/figure>\n\n\n\n<figure class=\"wp-block-image size-full\"><img loading=\"lazy\" decoding=\"async\" width=\"2028\" height=\"2560\" data-id=\"765\" src=\"https:\/\/www.shaa.io\/wp-content\/uploads\/2024\/07\/Axo_PCM-scaled.jpg\" alt=\"\" class=\"wp-image-765\" srcset=\"https:\/\/www.shaa.io\/wp-content\/uploads\/2024\/07\/Axo_PCM-scaled.jpg 2028w, https:\/\/www.shaa.io\/wp-content\/uploads\/2024\/07\/Axo_PCM-238x300.jpg 238w, https:\/\/www.shaa.io\/wp-content\/uploads\/2024\/07\/Axo_PCM-811x1024.jpg 811w, https:\/\/www.shaa.io\/wp-content\/uploads\/2024\/07\/Axo_PCM-768x969.jpg 768w, https:\/\/www.shaa.io\/wp-content\/uploads\/2024\/07\/Axo_PCM-1217x1536.jpg 1217w, https:\/\/www.shaa.io\/wp-content\/uploads\/2024\/07\/Axo_PCM-1623x2048.jpg 1623w, https:\/\/www.shaa.io\/wp-content\/uploads\/2024\/07\/Axo_PCM-1568x1979.jpg 1568w\" sizes=\"auto, (max-width: 2028px) 100vw, 2028px\" \/><\/figure>\n<\/figure>\n","protected":false},"excerpt":{"rendered":"<p>Atelier-logement \u00e0 Vitry-sur-Seine (Ile-de-France) Cr\u00e9ation d\u2019un atelier et habitation compos\u00e9 de deux b\u00e2timents&nbsp;: le pavillon est une construction neuve \u00e0 l\u2019avant de la parcelle&nbsp;; l\u2019atelier, une r\u00e9habilitation avec d\u00e9molition partielle, \u00e0 l\u2019arri\u00e8re de la parcelle, est destin\u00e9 \u00e0 des espaces de travail pour l\u2019Atelier sha\u0101. L\u2019espace ext\u00e9rieur articule et relie ces deux volumes b\u00e2tis sur&hellip; <a class=\"more-link\" href=\"https:\/\/www.shaa.io\/index.php\/la-maison-de-shams-et-latelier-shaa\/\">Poursuivre la lecture <span class=\"screen-reader-text\">Atelier sha\u0101<\/span><\/a><\/p>\n","protected":false},"author":1,"featured_media":0,"parent":0,"menu_order":0,"comment_status":"closed","ping_status":"closed","template":"","meta":{"footnotes":""},"class_list":["post-770","page","type-page","status-publish","hentry","entry"],"_links":{"self":[{"href":"https:\/\/www.shaa.io\/index.php\/wp-json\/wp\/v2\/pages\/770","targetHints":{"allow":["GET"]}}],"collection":[{"href":"https:\/\/www.shaa.io\/index.php\/wp-json\/wp\/v2\/pages"}],"about":[{"href":"https:\/\/www.shaa.io\/index.php\/wp-json\/wp\/v2\/types\/page"}],"author":[{"embeddable":true,"href":"https:\/\/www.shaa.io\/index.php\/wp-json\/wp\/v2\/users\/1"}],"replies":[{"embeddable":true,"href":"https:\/\/www.shaa.io\/index.php\/wp-json\/wp\/v2\/comments?post=770"}],"version-history":[{"count":5,"href":"https:\/\/www.shaa.io\/index.php\/wp-json\/wp\/v2\/pages\/770\/revisions"}],"predecessor-version":[{"id":1403,"href":"https:\/\/www.shaa.io\/index.php\/wp-json\/wp\/v2\/pages\/770\/revisions\/1403"}],"wp:attachment":[{"href":"https:\/\/www.shaa.io\/index.php\/wp-json\/wp\/v2\/media?parent=770"}],"curies":[{"name":"wp","href":"https:\/\/api.w.org\/{rel}","templated":true}]}}