{"id":759,"date":"2024-07-10T18:20:09","date_gmt":"2024-07-10T16:20:09","guid":{"rendered":"http:\/\/www.shaa.io\/?page_id=759"},"modified":"2025-07-25T12:31:25","modified_gmt":"2025-07-25T10:31:25","slug":"le-laboratoire-des-doleances","status":"publish","type":"page","link":"https:\/\/www.shaa.io\/index.php\/le-laboratoire-des-doleances\/","title":{"rendered":"Le laboratoire des dol\u00e9ances"},"content":{"rendered":"\n<h2 class=\"wp-block-heading alignwide has-large-font-size\">Une exp\u00e9rimentation \u00e0 Ris Orangis (Ile-de-France)<\/h2>\n\n\n\n<div class=\"wp-block-columns alignwide is-layout-flex wp-container-core-columns-is-layout-9d6595d7 wp-block-columns-is-layout-flex\">\n<div class=\"wp-block-column is-layout-flow wp-block-column-is-layout-flow\">\n<p class=\"has-extra-small-font-size\">La recherche-action O\u00f9 atterrir \u00e0 Ris Orangis (Essone) a abouti \u00e0 la mise en place d\u2019un Laboratoire des Dol\u00e9ances p\u00e9renne par la ville, avec le recrutement d\u2019une personne et le maintien de permanences et d\u2019ateliers selon les sujets majeurs qui sont soulev\u00e9s par les citoyens.<\/p>\n\n\n\n<p class=\"has-extra-small-font-size\">Le laboratoire des Dol\u00e9ances de Ris-Orangis poursuit les objectifs de la recherche action initiale&nbsp;:<\/p>\n\n\n\n<ol class=\"wp-block-list\">\n<li class=\"has-extra-small-font-size\">La description pr\u00e9alable des formes d\u2019attachement \u00e0 un territoire pr\u00e9cis par chacun et chacune des citoyennes-expertes&nbsp;<\/li>\n\n\n\n<li class=\"has-extra-small-font-size\">Des formes renouvel\u00e9es d\u2019appropriation et de repr\u00e9sentations des enjeux publics&nbsp;<\/li>\n\n\n\n<li class=\"has-extra-small-font-size\">La visualisation d\u2019un territoire dont la description a \u00e9t\u00e9 mise \u00e0 jour par une s\u00e9rie de cartographies alternatives.<\/li>\n\n\n\n<li class=\"has-extra-small-font-size\">L\u2019\u00e9criture et la remise des dol\u00e9ances par les citoyens aux instances d\u00e9cisionnelles ench\u00e2ss\u00e9es sur leur territoire.<\/li>\n<\/ol>\n<\/div>\n<\/div>\n\n\n\n<details class=\"wp-block-details alignwide is-layout-flow wp-block-details-is-layout-flow\"><summary>INFO<\/summary>\n<p class=\"has-extra-small-font-size\"><strong>MAITRISE D\u2019OUVRAGE&nbsp;: <\/strong>VILLE DE RIS-ORANGIS<\/p>\n\n\n\n<p class=\"has-extra-small-font-size\"><strong>\u00c9QUIPE : <\/strong>SHAA \/ SOC<\/p>\n\n\n\n<p class=\"has-extra-small-font-size\"><strong>MISSION&nbsp;:&nbsp;<\/strong>CONCEPTION ET R\u00c9ALISATION D&rsquo;UNE PROC\u00c9DURE POUR MISE \u00c0 JOUR DES DOL\u00c9ANCES CITOYENNES EN LIEN AVEC LE D\u00c9VELOPPEMENT DES TERRITOIRES FACE \u00c0 LA CRISE CLIMATIQUE, SOCIALE ET POLITIQUE.&nbsp;<\/p>\n\n\n\n<p class=\"has-extra-small-font-size\"><strong>LOCALISATION&nbsp;:&nbsp;<\/strong>RIS-ORANGIS<\/p>\n\n\n\n<p class=\"has-extra-small-font-size\"><strong>PROGRAMME&nbsp;:&nbsp;<\/strong>R\u00c9ALISATION D&rsquo;UN MANUEL P\u00c9DAGOGIQUE ET TRANSMISSIBLE POUR CETTE PROC\u00c9DURE CONCERTATION ET LA MISE \u00c0 JOUR DES POLITIQUES ENVIRONNEMENTALES.<\/p>\n\n\n\n<p class=\"has-extra-small-font-size\"><strong>DATE&nbsp;: <\/strong>2023-2025<\/p>\n<\/details>\n\n\n\n<figure class=\"wp-block-image alignwide size-full\"><img loading=\"lazy\" decoding=\"async\" width=\"2362\" height=\"1575\" src=\"https:\/\/www.shaa.io\/wp-content\/uploads\/2024\/07\/\u00a9FOCUSKPTURE-RIS-LABO-DES-DOLEANCES-16-05-2023-54-1.jpg\" alt=\"\" class=\"wp-image-755\" srcset=\"https:\/\/www.shaa.io\/wp-content\/uploads\/2024\/07\/\u00a9FOCUSKPTURE-RIS-LABO-DES-DOLEANCES-16-05-2023-54-1.jpg 2362w, https:\/\/www.shaa.io\/wp-content\/uploads\/2024\/07\/\u00a9FOCUSKPTURE-RIS-LABO-DES-DOLEANCES-16-05-2023-54-1-300x200.jpg 300w, https:\/\/www.shaa.io\/wp-content\/uploads\/2024\/07\/\u00a9FOCUSKPTURE-RIS-LABO-DES-DOLEANCES-16-05-2023-54-1-1024x683.jpg 1024w, https:\/\/www.shaa.io\/wp-content\/uploads\/2024\/07\/\u00a9FOCUSKPTURE-RIS-LABO-DES-DOLEANCES-16-05-2023-54-1-768x512.jpg 768w, https:\/\/www.shaa.io\/wp-content\/uploads\/2024\/07\/\u00a9FOCUSKPTURE-RIS-LABO-DES-DOLEANCES-16-05-2023-54-1-1536x1024.jpg 1536w, https:\/\/www.shaa.io\/wp-content\/uploads\/2024\/07\/\u00a9FOCUSKPTURE-RIS-LABO-DES-DOLEANCES-16-05-2023-54-1-2048x1366.jpg 2048w, https:\/\/www.shaa.io\/wp-content\/uploads\/2024\/07\/\u00a9FOCUSKPTURE-RIS-LABO-DES-DOLEANCES-16-05-2023-54-1-1568x1046.jpg 1568w\" sizes=\"auto, (max-width: 2362px) 100vw, 2362px\" \/><\/figure>\n\n\n\n<figure data-wp-context=\"{&quot;imageId&quot;:&quot;69e45add50d60&quot;}\" data-wp-interactive=\"core\/image\" data-wp-key=\"69e45add50d60\" class=\"wp-block-image alignwide size-full wp-lightbox-container\"><img decoding=\"async\" data-wp-class--hide=\"state.isContentHidden\" data-wp-class--show=\"state.isContentVisible\" data-wp-init=\"callbacks.setButtonStyles\" data-wp-on--click=\"actions.showLightbox\" data-wp-on--load=\"callbacks.setButtonStyles\" data-wp-on-window--resize=\"callbacks.setButtonStyles\" src=\"https:\/\/www.shaa.io\/wp-content\/uploads\/2025\/07\/Poster-OA_RIS.jpg\" alt=\"\" class=\"wp-image-1612\"\/><button\n\t\t\tclass=\"lightbox-trigger\"\n\t\t\ttype=\"button\"\n\t\t\taria-haspopup=\"dialog\"\n\t\t\taria-label=\"Agrandir\"\n\t\t\tdata-wp-init=\"callbacks.initTriggerButton\"\n\t\t\tdata-wp-on--click=\"actions.showLightbox\"\n\t\t\tdata-wp-style--right=\"state.imageButtonRight\"\n\t\t\tdata-wp-style--top=\"state.imageButtonTop\"\n\t\t>\n\t\t\t<svg xmlns=\"http:\/\/www.w3.org\/2000\/svg\" width=\"12\" height=\"12\" fill=\"none\" viewBox=\"0 0 12 12\">\n\t\t\t\t<path fill=\"#fff\" d=\"M2 0a2 2 0 0 0-2 2v2h1.5V2a.5.5 0 0 1 .5-.5h2V0H2Zm2 10.5H2a.5.5 0 0 1-.5-.5V8H0v2a2 2 0 0 0 2 2h2v-1.5ZM8 12v-1.5h2a.5.5 0 0 0 .5-.5V8H12v2a2 2 0 0 1-2 2H8Zm2-12a2 2 0 0 1 2 2v2h-1.5V2a.5.5 0 0 0-.5-.5H8V0h2Z\" \/>\n\t\t\t<\/svg>\n\t\t<\/button><\/figure>\n\n\n\n<figure class=\"wp-block-image alignwide size-full\"><img loading=\"lazy\" decoding=\"async\" width=\"2560\" height=\"1810\" src=\"https:\/\/www.shaa.io\/wp-content\/uploads\/2024\/07\/RO_doelance_Jardins-scaled.jpg\" alt=\"\" class=\"wp-image-757\" srcset=\"https:\/\/www.shaa.io\/wp-content\/uploads\/2024\/07\/RO_doelance_Jardins-scaled.jpg 2560w, https:\/\/www.shaa.io\/wp-content\/uploads\/2024\/07\/RO_doelance_Jardins-300x212.jpg 300w, https:\/\/www.shaa.io\/wp-content\/uploads\/2024\/07\/RO_doelance_Jardins-1024x724.jpg 1024w, https:\/\/www.shaa.io\/wp-content\/uploads\/2024\/07\/RO_doelance_Jardins-768x543.jpg 768w, https:\/\/www.shaa.io\/wp-content\/uploads\/2024\/07\/RO_doelance_Jardins-1536x1086.jpg 1536w, https:\/\/www.shaa.io\/wp-content\/uploads\/2024\/07\/RO_doelance_Jardins-2048x1448.jpg 2048w, https:\/\/www.shaa.io\/wp-content\/uploads\/2024\/07\/RO_doelance_Jardins-1568x1109.jpg 1568w\" sizes=\"auto, (max-width: 2560px) 100vw, 2560px\" \/><\/figure>\n\n\n\n<figure class=\"wp-block-image alignwide size-full\"><a href=\"https:\/\/www.shaa.io\/wp-content\/uploads\/2024\/07\/Fresque-des-doleances.jpg\"><img decoding=\"async\" src=\"https:\/\/www.shaa.io\/wp-content\/uploads\/2024\/07\/Fresque-des-doleances.jpg\" alt=\"\" class=\"wp-image-756\"\/><\/a><\/figure>\n","protected":false},"excerpt":{"rendered":"<p>Une exp\u00e9rimentation \u00e0 Ris Orangis (Ile-de-France) La recherche-action O\u00f9 atterrir \u00e0 Ris Orangis (Essone) a abouti \u00e0 la mise en place d\u2019un Laboratoire des Dol\u00e9ances p\u00e9renne par la ville, avec le recrutement d\u2019une personne et le maintien de permanences et d\u2019ateliers selon les sujets majeurs qui sont soulev\u00e9s par les citoyens. Le laboratoire des Dol\u00e9ances&hellip; <a class=\"more-link\" href=\"https:\/\/www.shaa.io\/index.php\/le-laboratoire-des-doleances\/\">Poursuivre la lecture <span class=\"screen-reader-text\">Le laboratoire des dol\u00e9ances<\/span><\/a><\/p>\n","protected":false},"author":1,"featured_media":0,"parent":0,"menu_order":0,"comment_status":"closed","ping_status":"closed","template":"","meta":{"footnotes":""},"class_list":["post-759","page","type-page","status-publish","hentry","entry"],"_links":{"self":[{"href":"https:\/\/www.shaa.io\/index.php\/wp-json\/wp\/v2\/pages\/759","targetHints":{"allow":["GET"]}}],"collection":[{"href":"https:\/\/www.shaa.io\/index.php\/wp-json\/wp\/v2\/pages"}],"about":[{"href":"https:\/\/www.shaa.io\/index.php\/wp-json\/wp\/v2\/types\/page"}],"author":[{"embeddable":true,"href":"https:\/\/www.shaa.io\/index.php\/wp-json\/wp\/v2\/users\/1"}],"replies":[{"embeddable":true,"href":"https:\/\/www.shaa.io\/index.php\/wp-json\/wp\/v2\/comments?post=759"}],"version-history":[{"count":5,"href":"https:\/\/www.shaa.io\/index.php\/wp-json\/wp\/v2\/pages\/759\/revisions"}],"predecessor-version":[{"id":1614,"href":"https:\/\/www.shaa.io\/index.php\/wp-json\/wp\/v2\/pages\/759\/revisions\/1614"}],"wp:attachment":[{"href":"https:\/\/www.shaa.io\/index.php\/wp-json\/wp\/v2\/media?parent=759"}],"curies":[{"name":"wp","href":"https:\/\/api.w.org\/{rel}","templated":true}]}}