{"id":695,"date":"2024-07-10T17:54:06","date_gmt":"2024-07-10T15:54:06","guid":{"rendered":"http:\/\/www.shaa.io\/?page_id=695"},"modified":"2025-01-30T09:46:11","modified_gmt":"2025-01-30T08:46:11","slug":"quartier-bois-la-dame","status":"publish","type":"page","link":"https:\/\/www.shaa.io\/index.php\/quartier-bois-la-dame\/","title":{"rendered":"Quartier Bois-la-Dame"},"content":{"rendered":"\n<h2 class=\"wp-block-heading alignwide has-large-font-size\">Grand-Nancy, Tomblaine<\/h2>\n\n\n\n<div class=\"wp-block-columns alignwide is-layout-flex wp-container-core-columns-is-layout-9d6595d7 wp-block-columns-is-layout-flex\">\n<div class=\"wp-block-column is-layout-flow wp-block-column-is-layout-flow\">\n<p class=\"has-extra-small-font-size\">Entre bourg, espace naturel et quartier pavillonnaire, le contexte du projet appelle \u00e0 cr\u00e9er un assemblage de formes urbaines diversifi\u00e9es. L\u2019objectif de ce projet d\u2019am\u00e9nagement urbain et de ses espaces publics est de proposer une vari\u00e9t\u00e9 de formes, d\u2019usages et de configurations spatiales qui s\u2019ins\u00e8rent avec politesse dans un contexte de d\u00e9j\u00e0-l\u00e0. Le nouveau quartier organise ainsi la transition entre les typologies basses de la zone pavillonnaire au sud et un front b\u00e2ti plus dense et plus haut au contact de l\u2019avenue centrale, pour \u00e0 nouveau s\u2019abaisser et s\u2019accorder avec des hauteurs plus basses au contact de la rue Salvador Allende et instaurer un rapport de politesse entre le d\u00e9j\u00e0-l\u00e0 et le nouveau. Une s\u00e9rie d\u2019approches architecturales, urbaines et paysag\u00e8res ont \u00e9t\u00e9 mises en place pour ma\u00eetriser la qualit\u00e9 spatiale de la ZAC tout en laissant une place \u00e0 la cr\u00e9ativit\u00e9 et l\u2019innovation des \u00e9quipes d\u2019architectes. Il ne s\u2019agit pas de r\u00e8gles fig\u00e9es et d\u00e9finitives mais des moyens pour permettre de s\u2019adapter \u00e0 chaque situation et ouvrir un dialogue entre les parties prenantes. Ces approches se d\u00e9ploient sur chacun des lots en rapport avec sa dimension, sa programmation, ses orientations et sa position.<\/p>\n<\/div>\n<\/div>\n\n\n\n<details class=\"wp-block-details alignwide is-layout-flow wp-block-details-is-layout-flow\"><summary>INFO<\/summary>\n<p class=\"has-extra-small-font-size\"><strong>MAITRISE D\u2019OUVRAGE&nbsp;:&nbsp;<\/strong>MARCH\u00c9 PUBLIC, SOLOREM, NANCY M\u00c9TROPOLE<\/p>\n\n\n\n<p class=\"has-extra-small-font-size\"><strong>\u00c9QUIPE<\/strong>&nbsp;: SHAA &#8211; RIO-C, BASELAND, ARTELIA<\/p>\n\n\n\n<p class=\"has-extra-small-font-size\"><strong>MISSION&nbsp;:&nbsp;<\/strong>PROJET URBAIN. COORDINATION URBAINE DE LA ZAC BOIS LA DAME, PLAN GUIDE, FICHES DE LOT, \u00c9TUDES CAPACITAIRES, SUIVI DE CHANTIER POUR LA CONFORMIT\u00c9 ARCHITECTURAL DES PROJETS, CONCERTATION<\/p>\n\n\n\n<p class=\"has-extra-small-font-size\"><strong>LOCALISATION&nbsp;:&nbsp;<\/strong>TOMBLAINE, NANCY<\/p>\n\n\n\n<p class=\"has-extra-small-font-size\"><strong>PROGRAMME&nbsp;:&nbsp;<\/strong>PARC, LOGEMENTS, LOCAUX ARTISANAUX, \u00c9QUIPEMENTS<\/p>\n\n\n\n<p class=\"has-extra-small-font-size\"><strong>SURFACE&nbsp;:&nbsp;<\/strong>55HA &#8211; 108000M<sup>2<\/sup>&nbsp;SP LOGEMENTS, 16000M<sup>2<\/sup>&nbsp;SP ARTISANAT, 3000M<sup>2<\/sup>&nbsp;\u00c9QUIPEMENT<\/p>\n\n\n\n<p class=\"has-extra-small-font-size\"><strong>BUDGET&nbsp;:&nbsp;<\/strong>PRIX TOTAL (8 ANS) \/ 12 M\u20ac<strong>&nbsp;;&nbsp;<\/strong>HONORAIRE ARCHITECTE URBANISTE : 430 000\u20ac<\/p>\n\n\n\n<p class=\"has-extra-small-font-size\"><strong>DATE&nbsp;:&nbsp;<\/strong>DEPUIS 2017 POUR 8 ANS (RENOUVELABLE)<\/p>\n\n\n\n<p class=\"has-extra-small-font-size\"><strong>ROLE DE SHAA&nbsp;:&nbsp;<\/strong>DIRECTEUR DE PROJET, SOUS-TRAITANT DE RIO-C (MANDATAIRE BASELAND PAYSAGE)<\/p>\n<\/details>\n\n\n\n<figure class=\"wp-block-image alignwide size-full\"><img loading=\"lazy\" decoding=\"async\" width=\"2560\" height=\"1810\" src=\"https:\/\/www.shaa.io\/wp-content\/uploads\/2024\/07\/Axo_Tomblaine-scaled.jpg\" alt=\"\" class=\"wp-image-692\" srcset=\"https:\/\/www.shaa.io\/wp-content\/uploads\/2024\/07\/Axo_Tomblaine-scaled.jpg 2560w, https:\/\/www.shaa.io\/wp-content\/uploads\/2024\/07\/Axo_Tomblaine-300x212.jpg 300w, https:\/\/www.shaa.io\/wp-content\/uploads\/2024\/07\/Axo_Tomblaine-1024x724.jpg 1024w, https:\/\/www.shaa.io\/wp-content\/uploads\/2024\/07\/Axo_Tomblaine-768x543.jpg 768w, https:\/\/www.shaa.io\/wp-content\/uploads\/2024\/07\/Axo_Tomblaine-1536x1086.jpg 1536w, https:\/\/www.shaa.io\/wp-content\/uploads\/2024\/07\/Axo_Tomblaine-2048x1448.jpg 2048w, https:\/\/www.shaa.io\/wp-content\/uploads\/2024\/07\/Axo_Tomblaine-1568x1109.jpg 1568w\" sizes=\"auto, (max-width: 2560px) 100vw, 2560px\" \/><\/figure>\n\n\n\n<figure class=\"wp-block-gallery alignwide has-nested-images columns-2 is-cropped wp-block-gallery-1 is-layout-flex wp-block-gallery-is-layout-flex\">\n<figure data-wp-context=\"{&quot;imageId&quot;:&quot;69e443b722c46&quot;}\" data-wp-interactive=\"core\/image\" data-wp-key=\"69e443b722c46\" class=\"wp-block-image size-large wp-lightbox-container\"><img loading=\"lazy\" decoding=\"async\" width=\"1024\" height=\"679\" data-wp-class--hide=\"state.isContentHidden\" data-wp-class--show=\"state.isContentVisible\" data-wp-init=\"callbacks.setButtonStyles\" data-wp-on--click=\"actions.showLightbox\" data-wp-on--load=\"callbacks.setButtonStyles\" data-wp-on-window--resize=\"callbacks.setButtonStyles\" data-id=\"694\" src=\"https:\/\/www.shaa.io\/wp-content\/uploads\/2024\/07\/20180702-PM-ind-D-1024x679.jpg\" alt=\"\" class=\"wp-image-694\" srcset=\"https:\/\/www.shaa.io\/wp-content\/uploads\/2024\/07\/20180702-PM-ind-D-1024x679.jpg 1024w, https:\/\/www.shaa.io\/wp-content\/uploads\/2024\/07\/20180702-PM-ind-D-300x199.jpg 300w, https:\/\/www.shaa.io\/wp-content\/uploads\/2024\/07\/20180702-PM-ind-D-768x509.jpg 768w, https:\/\/www.shaa.io\/wp-content\/uploads\/2024\/07\/20180702-PM-ind-D-1536x1018.jpg 1536w, https:\/\/www.shaa.io\/wp-content\/uploads\/2024\/07\/20180702-PM-ind-D-2048x1358.jpg 2048w, https:\/\/www.shaa.io\/wp-content\/uploads\/2024\/07\/20180702-PM-ind-D-1568x1040.jpg 1568w\" sizes=\"auto, (max-width: 1024px) 100vw, 1024px\" \/><button\n\t\t\tclass=\"lightbox-trigger\"\n\t\t\ttype=\"button\"\n\t\t\taria-haspopup=\"dialog\"\n\t\t\taria-label=\"Agrandir\"\n\t\t\tdata-wp-init=\"callbacks.initTriggerButton\"\n\t\t\tdata-wp-on--click=\"actions.showLightbox\"\n\t\t\tdata-wp-style--right=\"state.imageButtonRight\"\n\t\t\tdata-wp-style--top=\"state.imageButtonTop\"\n\t\t>\n\t\t\t<svg xmlns=\"http:\/\/www.w3.org\/2000\/svg\" width=\"12\" height=\"12\" fill=\"none\" viewBox=\"0 0 12 12\">\n\t\t\t\t<path fill=\"#fff\" d=\"M2 0a2 2 0 0 0-2 2v2h1.5V2a.5.5 0 0 1 .5-.5h2V0H2Zm2 10.5H2a.5.5 0 0 1-.5-.5V8H0v2a2 2 0 0 0 2 2h2v-1.5ZM8 12v-1.5h2a.5.5 0 0 0 .5-.5V8H12v2a2 2 0 0 1-2 2H8Zm2-12a2 2 0 0 1 2 2v2h-1.5V2a.5.5 0 0 0-.5-.5H8V0h2Z\" \/>\n\t\t\t<\/svg>\n\t\t<\/button><\/figure>\n\n\n\n<figure data-wp-context=\"{&quot;imageId&quot;:&quot;69e443b72310a&quot;}\" data-wp-interactive=\"core\/image\" data-wp-key=\"69e443b72310a\" class=\"wp-block-image size-large wp-lightbox-container\"><img loading=\"lazy\" decoding=\"async\" width=\"750\" height=\"607\" data-wp-class--hide=\"state.isContentHidden\" data-wp-class--show=\"state.isContentVisible\" data-wp-init=\"callbacks.setButtonStyles\" data-wp-on--click=\"actions.showLightbox\" data-wp-on--load=\"callbacks.setButtonStyles\" data-wp-on-window--resize=\"callbacks.setButtonStyles\" data-id=\"693\" src=\"https:\/\/www.shaa.io\/wp-content\/uploads\/2024\/07\/IMG_9624.jpg\" alt=\"\" class=\"wp-image-693\" srcset=\"https:\/\/www.shaa.io\/wp-content\/uploads\/2024\/07\/IMG_9624.jpg 750w, https:\/\/www.shaa.io\/wp-content\/uploads\/2024\/07\/IMG_9624-300x243.jpg 300w\" sizes=\"auto, (max-width: 750px) 100vw, 750px\" \/><button\n\t\t\tclass=\"lightbox-trigger\"\n\t\t\ttype=\"button\"\n\t\t\taria-haspopup=\"dialog\"\n\t\t\taria-label=\"Agrandir\"\n\t\t\tdata-wp-init=\"callbacks.initTriggerButton\"\n\t\t\tdata-wp-on--click=\"actions.showLightbox\"\n\t\t\tdata-wp-style--right=\"state.imageButtonRight\"\n\t\t\tdata-wp-style--top=\"state.imageButtonTop\"\n\t\t>\n\t\t\t<svg xmlns=\"http:\/\/www.w3.org\/2000\/svg\" width=\"12\" height=\"12\" fill=\"none\" viewBox=\"0 0 12 12\">\n\t\t\t\t<path fill=\"#fff\" d=\"M2 0a2 2 0 0 0-2 2v2h1.5V2a.5.5 0 0 1 .5-.5h2V0H2Zm2 10.5H2a.5.5 0 0 1-.5-.5V8H0v2a2 2 0 0 0 2 2h2v-1.5ZM8 12v-1.5h2a.5.5 0 0 0 .5-.5V8H12v2a2 2 0 0 1-2 2H8Zm2-12a2 2 0 0 1 2 2v2h-1.5V2a.5.5 0 0 0-.5-.5H8V0h2Z\" \/>\n\t\t\t<\/svg>\n\t\t<\/button><\/figure>\n\n\n\n<figure class=\"wp-block-image size-large\"><img loading=\"lazy\" decoding=\"async\" width=\"953\" height=\"1024\" data-id=\"691\" src=\"https:\/\/www.shaa.io\/wp-content\/uploads\/2024\/07\/axo-typo-int-953x1024.png\" alt=\"\" class=\"wp-image-691\" srcset=\"https:\/\/www.shaa.io\/wp-content\/uploads\/2024\/07\/axo-typo-int-953x1024.png 953w, https:\/\/www.shaa.io\/wp-content\/uploads\/2024\/07\/axo-typo-int-279x300.png 279w, https:\/\/www.shaa.io\/wp-content\/uploads\/2024\/07\/axo-typo-int-768x825.png 768w, https:\/\/www.shaa.io\/wp-content\/uploads\/2024\/07\/axo-typo-int.png 1018w\" sizes=\"auto, (max-width: 953px) 100vw, 953px\" \/><\/figure>\n\n\n\n<figure class=\"wp-block-image size-large\"><img loading=\"lazy\" decoding=\"async\" width=\"840\" height=\"1024\" data-id=\"690\" src=\"https:\/\/www.shaa.io\/wp-content\/uploads\/2024\/07\/axo-typo-collectif-840x1024.png\" alt=\"\" class=\"wp-image-690\" srcset=\"https:\/\/www.shaa.io\/wp-content\/uploads\/2024\/07\/axo-typo-collectif-840x1024.png 840w, https:\/\/www.shaa.io\/wp-content\/uploads\/2024\/07\/axo-typo-collectif-246x300.png 246w, https:\/\/www.shaa.io\/wp-content\/uploads\/2024\/07\/axo-typo-collectif-768x936.png 768w, https:\/\/www.shaa.io\/wp-content\/uploads\/2024\/07\/axo-typo-collectif.png 1034w\" sizes=\"auto, (max-width: 840px) 100vw, 840px\" \/><\/figure>\n<\/figure>\n","protected":false},"excerpt":{"rendered":"<p>Grand-Nancy, Tomblaine Entre bourg, espace naturel et quartier pavillonnaire, le contexte du projet appelle \u00e0 cr\u00e9er un assemblage de formes urbaines diversifi\u00e9es. L\u2019objectif de ce projet d\u2019am\u00e9nagement urbain et de ses espaces publics est de proposer une vari\u00e9t\u00e9 de formes, d\u2019usages et de configurations spatiales qui s\u2019ins\u00e8rent avec politesse dans un contexte de d\u00e9j\u00e0-l\u00e0. Le&hellip; <a class=\"more-link\" href=\"https:\/\/www.shaa.io\/index.php\/quartier-bois-la-dame\/\">Poursuivre la lecture <span class=\"screen-reader-text\">Quartier Bois-la-Dame<\/span><\/a><\/p>\n","protected":false},"author":1,"featured_media":0,"parent":0,"menu_order":0,"comment_status":"closed","ping_status":"closed","template":"","meta":{"footnotes":""},"class_list":["post-695","page","type-page","status-publish","hentry","entry"],"_links":{"self":[{"href":"https:\/\/www.shaa.io\/index.php\/wp-json\/wp\/v2\/pages\/695","targetHints":{"allow":["GET"]}}],"collection":[{"href":"https:\/\/www.shaa.io\/index.php\/wp-json\/wp\/v2\/pages"}],"about":[{"href":"https:\/\/www.shaa.io\/index.php\/wp-json\/wp\/v2\/types\/page"}],"author":[{"embeddable":true,"href":"https:\/\/www.shaa.io\/index.php\/wp-json\/wp\/v2\/users\/1"}],"replies":[{"embeddable":true,"href":"https:\/\/www.shaa.io\/index.php\/wp-json\/wp\/v2\/comments?post=695"}],"version-history":[{"count":3,"href":"https:\/\/www.shaa.io\/index.php\/wp-json\/wp\/v2\/pages\/695\/revisions"}],"predecessor-version":[{"id":1397,"href":"https:\/\/www.shaa.io\/index.php\/wp-json\/wp\/v2\/pages\/695\/revisions\/1397"}],"wp:attachment":[{"href":"https:\/\/www.shaa.io\/index.php\/wp-json\/wp\/v2\/media?parent=695"}],"curies":[{"name":"wp","href":"https:\/\/api.w.org\/{rel}","templated":true}]}}