{"id":553,"date":"2024-07-10T15:09:20","date_gmt":"2024-07-10T13:09:20","guid":{"rendered":"http:\/\/www.shaa.io\/?page_id=553"},"modified":"2025-01-30T09:44:55","modified_gmt":"2025-01-30T08:44:55","slug":"shiraz-2","status":"publish","type":"page","link":"https:\/\/www.shaa.io\/index.php\/shiraz-2\/","title":{"rendered":"Shiraz"},"content":{"rendered":"\n<h2 class=\"wp-block-heading alignwide has-large-font-size\">Les chemins d\u2019Orient (Iran)<\/h2>\n\n\n\n<div class=\"wp-block-columns alignwide is-layout-flex wp-container-core-columns-is-layout-9d6595d7 wp-block-columns-is-layout-flex\">\n<div class=\"wp-block-column is-layout-flow wp-block-column-is-layout-flow\" style=\"flex-basis:100%\">\n<p class=\"has-extra-small-font-size\"><em>Reconstitution d\u2019un \u00ab centre bourg \u00bb (espaces publics, programmation d\u2019artisanat, services et commerces), \u00e0 partir des entit\u00e9s g\u00e9ographiques du territoire \u00ab ramen\u00e9es \u00bb dans la conception urbaine et paysag\u00e8re.&nbsp;Travail sur les parcours et mobilit\u00e9s : les chemins de Shiraz.&nbsp;<\/em><\/p>\n<\/div>\n<\/div>\n\n\n\n<div class=\"wp-block-columns alignwide is-layout-flex wp-container-core-columns-is-layout-9d6595d7 wp-block-columns-is-layout-flex\">\n<div class=\"wp-block-column is-layout-flow wp-block-column-is-layout-flow\" style=\"flex-basis:100%\">\n<p class=\"has-extra-small-font-size\">Dans ce projet, le voyage, le mouvement, sont des principes vitaux. Ce qui nous lie et nous fait nous rencontrer sont les possibilit\u00e9s de se mettre en mouvement, sans entrave, d\u2019emprunter des routes, de se rencontrer aux croisements. L\u2019Iran, le monde persique, est un monde au croisement des chemins et des cultures. Ce qui fait territoire n\u2019est pas le fruit de d\u00e9limitations g\u00e9ographiques mais de l\u2019extension des entit\u00e9s qui contribuent \u00e0 l\u2019identification du territoire ainsi qu\u2019\u00e0 la chaine des interm\u00e9diaires qui relient ces points plus ou moins \u00e9loign\u00e9s. La \u00ab&nbsp;travel map&nbsp;\u00bb (carte de voyage) de Shiraz est une combinaison entre des chemins et des r\u00e9seaux qui nous relient aux entit\u00e9s h\u00e9t\u00e9rog\u00e8nes du territoire que nous avons trouv\u00e9es. Nature, culture, g\u00e9ographie, Histoire, coutumes, savoir-faire, eau, espace, mati\u00e8re, v\u00e9g\u00e9taux, f\u00eates, r\u00e9seaux sociaux,\u2026<\/p>\n<\/div>\n<\/div>\n\n\n\n<div class=\"wp-block-columns alignwide is-layout-flex wp-container-core-columns-is-layout-9d6595d7 wp-block-columns-is-layout-flex\">\n<div class=\"wp-block-column is-layout-flow wp-block-column-is-layout-flow\" style=\"flex-basis:100%\">\n<p class=\"has-extra-small-font-size\">Nous avons trac\u00e9 les routes, mat\u00e9rielles et immat\u00e9rielles, et leur p\u00e9n\u00e9tration dans la ville jusqu\u2019au site, qui viennent structurer le nouveau tissu du site par ces chemins venus de loin. Certains sont de r\u00e9elles travers\u00e9es : un passage qui \u00e9graine des programmes (corridors, eau, savoir-faire, commerces). Certains sont des allusions quand il est impossible de cr\u00e9er la continuit\u00e9 physique (vergers, vestiges). Certaines de ces allusions sont plus marqu\u00e9es et deviennent des ambassadeurs (grands sites naturels, faune et flore).<\/p>\n<\/div>\n<\/div>\n\n\n\n<details class=\"wp-block-details alignwide is-layout-flow wp-block-details-is-layout-flow\"><summary>INFO<\/summary>\n<p class=\"has-extra-small-font-size\"><strong>MAITRISE D\u2019OUVRAGE&nbsp;:&nbsp;<\/strong>MARCH\u00c9 PUBLIC MINIST\u00c8RE IRANIEN DE LA VILLE ET DU LOGEMENT, VILLE DE SHIRAZ&nbsp;<\/p>\n\n\n\n<p class=\"has-extra-small-font-size\"><strong>EQUIPE<\/strong>&nbsp;: SHAA\/RIO, SABAT ET MINA SAIDI<\/p>\n\n\n\n<p class=\"has-extra-small-font-size\"><strong>MISSION&nbsp;:&nbsp;<\/strong>PLAN GUIDE, ETUDE D\u2019ORIENTATION, ETUDE DE STRAT\u00c9GIE TERRITORIALE<\/p>\n\n\n\n<p class=\"has-extra-small-font-size\"><strong>LOCALISATION&nbsp;:&nbsp;<\/strong>CENTRE-VILLE DE SHIRAZ, IRAN<\/p>\n\n\n\n<p class=\"has-extra-small-font-size\"><strong>PROGRAMME&nbsp;:&nbsp;<\/strong>MIXTE : BAZAR, TERTIAIRE, LOGEMENTS, ESPACES PUBLICS, JARDINS<strong><\/strong><\/p>\n\n\n\n<p class=\"has-extra-small-font-size\"><strong>SURFACE&nbsp;:&nbsp;<\/strong>20 000 M<sup>2<\/sup><strong><\/strong><\/p>\n\n\n\n<p class=\"has-extra-small-font-size\"><strong>DATE&nbsp;:&nbsp;<\/strong>CONCOURS, PROJET FINALISTE 2016<\/p>\n\n\n\n<p class=\"has-extra-small-font-size\"><strong>ROLE DE SHAA&nbsp;:&nbsp;<\/strong>AUTEUR, CO-TRAITANT&nbsp;<\/p>\n<\/details>\n\n\n\n<figure class=\"wp-block-image alignwide size-full\"><img loading=\"lazy\" decoding=\"async\" width=\"2498\" height=\"2560\" src=\"https:\/\/www.shaa.io\/wp-content\/uploads\/2024\/07\/Shiraz-6-scaled.jpg\" alt=\"\" class=\"wp-image-578\" srcset=\"https:\/\/www.shaa.io\/wp-content\/uploads\/2024\/07\/Shiraz-6-scaled.jpg 2498w, https:\/\/www.shaa.io\/wp-content\/uploads\/2024\/07\/Shiraz-6-293x300.jpg 293w, https:\/\/www.shaa.io\/wp-content\/uploads\/2024\/07\/Shiraz-6-999x1024.jpg 999w, https:\/\/www.shaa.io\/wp-content\/uploads\/2024\/07\/Shiraz-6-768x787.jpg 768w, https:\/\/www.shaa.io\/wp-content\/uploads\/2024\/07\/Shiraz-6-1499x1536.jpg 1499w, https:\/\/www.shaa.io\/wp-content\/uploads\/2024\/07\/Shiraz-6-1998x2048.jpg 1998w, https:\/\/www.shaa.io\/wp-content\/uploads\/2024\/07\/Shiraz-6-1568x1607.jpg 1568w\" sizes=\"auto, (max-width: 2498px) 100vw, 2498px\" \/><\/figure>\n\n\n\n<figure class=\"wp-block-gallery alignwide has-nested-images columns-default is-cropped wp-block-gallery-1 is-layout-flex wp-block-gallery-is-layout-flex\">\n<figure class=\"wp-block-image size-large\"><img loading=\"lazy\" decoding=\"async\" width=\"1024\" height=\"724\" data-id=\"576\" src=\"https:\/\/www.shaa.io\/wp-content\/uploads\/2024\/07\/photo-9-1024x724.jpg\" alt=\"\" class=\"wp-image-576\" srcset=\"https:\/\/www.shaa.io\/wp-content\/uploads\/2024\/07\/photo-9-1024x724.jpg 1024w, https:\/\/www.shaa.io\/wp-content\/uploads\/2024\/07\/photo-9-300x212.jpg 300w, https:\/\/www.shaa.io\/wp-content\/uploads\/2024\/07\/photo-9-768x543.jpg 768w, https:\/\/www.shaa.io\/wp-content\/uploads\/2024\/07\/photo-9-1536x1086.jpg 1536w, https:\/\/www.shaa.io\/wp-content\/uploads\/2024\/07\/photo-9-2048x1448.jpg 2048w, https:\/\/www.shaa.io\/wp-content\/uploads\/2024\/07\/photo-9-1568x1109.jpg 1568w\" sizes=\"auto, (max-width: 1024px) 100vw, 1024px\" \/><\/figure>\n\n\n\n<figure class=\"wp-block-image size-large\"><img loading=\"lazy\" decoding=\"async\" width=\"1024\" height=\"724\" data-id=\"575\" src=\"https:\/\/www.shaa.io\/wp-content\/uploads\/2024\/07\/photo-8-1024x724.jpg\" alt=\"\" class=\"wp-image-575\" srcset=\"https:\/\/www.shaa.io\/wp-content\/uploads\/2024\/07\/photo-8-1024x724.jpg 1024w, https:\/\/www.shaa.io\/wp-content\/uploads\/2024\/07\/photo-8-300x212.jpg 300w, https:\/\/www.shaa.io\/wp-content\/uploads\/2024\/07\/photo-8-768x543.jpg 768w, https:\/\/www.shaa.io\/wp-content\/uploads\/2024\/07\/photo-8-1536x1086.jpg 1536w, https:\/\/www.shaa.io\/wp-content\/uploads\/2024\/07\/photo-8-2048x1448.jpg 2048w, https:\/\/www.shaa.io\/wp-content\/uploads\/2024\/07\/photo-8-1568x1109.jpg 1568w\" sizes=\"auto, (max-width: 1024px) 100vw, 1024px\" \/><\/figure>\n\n\n\n<figure class=\"wp-block-image size-large\"><img loading=\"lazy\" decoding=\"async\" width=\"1024\" height=\"724\" data-id=\"574\" src=\"https:\/\/www.shaa.io\/wp-content\/uploads\/2024\/07\/photo-7-1024x724.jpg\" alt=\"\" class=\"wp-image-574\" srcset=\"https:\/\/www.shaa.io\/wp-content\/uploads\/2024\/07\/photo-7-1024x724.jpg 1024w, https:\/\/www.shaa.io\/wp-content\/uploads\/2024\/07\/photo-7-300x212.jpg 300w, https:\/\/www.shaa.io\/wp-content\/uploads\/2024\/07\/photo-7-768x543.jpg 768w, https:\/\/www.shaa.io\/wp-content\/uploads\/2024\/07\/photo-7-1536x1086.jpg 1536w, https:\/\/www.shaa.io\/wp-content\/uploads\/2024\/07\/photo-7-2048x1448.jpg 2048w, https:\/\/www.shaa.io\/wp-content\/uploads\/2024\/07\/photo-7-1568x1109.jpg 1568w\" sizes=\"auto, (max-width: 1024px) 100vw, 1024px\" \/><\/figure>\n\n\n\n<figure class=\"wp-block-image size-large\"><img loading=\"lazy\" decoding=\"async\" width=\"1024\" height=\"724\" data-id=\"573\" src=\"https:\/\/www.shaa.io\/wp-content\/uploads\/2024\/07\/photo-6-1024x724.jpg\" alt=\"\" class=\"wp-image-573\" srcset=\"https:\/\/www.shaa.io\/wp-content\/uploads\/2024\/07\/photo-6-1024x724.jpg 1024w, https:\/\/www.shaa.io\/wp-content\/uploads\/2024\/07\/photo-6-300x212.jpg 300w, https:\/\/www.shaa.io\/wp-content\/uploads\/2024\/07\/photo-6-768x543.jpg 768w, https:\/\/www.shaa.io\/wp-content\/uploads\/2024\/07\/photo-6-1536x1086.jpg 1536w, https:\/\/www.shaa.io\/wp-content\/uploads\/2024\/07\/photo-6-2048x1448.jpg 2048w, https:\/\/www.shaa.io\/wp-content\/uploads\/2024\/07\/photo-6-1568x1109.jpg 1568w\" sizes=\"auto, (max-width: 1024px) 100vw, 1024px\" \/><\/figure>\n\n\n\n<figure class=\"wp-block-image size-large\"><img loading=\"lazy\" decoding=\"async\" width=\"1024\" height=\"724\" data-id=\"572\" src=\"https:\/\/www.shaa.io\/wp-content\/uploads\/2024\/07\/photo-5-1024x724.jpg\" alt=\"\" class=\"wp-image-572\" srcset=\"https:\/\/www.shaa.io\/wp-content\/uploads\/2024\/07\/photo-5-1024x724.jpg 1024w, https:\/\/www.shaa.io\/wp-content\/uploads\/2024\/07\/photo-5-300x212.jpg 300w, https:\/\/www.shaa.io\/wp-content\/uploads\/2024\/07\/photo-5-768x543.jpg 768w, https:\/\/www.shaa.io\/wp-content\/uploads\/2024\/07\/photo-5-1536x1086.jpg 1536w, https:\/\/www.shaa.io\/wp-content\/uploads\/2024\/07\/photo-5-2048x1448.jpg 2048w, https:\/\/www.shaa.io\/wp-content\/uploads\/2024\/07\/photo-5-1568x1109.jpg 1568w\" sizes=\"auto, (max-width: 1024px) 100vw, 1024px\" \/><\/figure>\n\n\n\n<figure class=\"wp-block-image size-large\"><img loading=\"lazy\" decoding=\"async\" width=\"1024\" height=\"724\" data-id=\"571\" src=\"https:\/\/www.shaa.io\/wp-content\/uploads\/2024\/07\/photo-4-1024x724.jpg\" alt=\"\" class=\"wp-image-571\" srcset=\"https:\/\/www.shaa.io\/wp-content\/uploads\/2024\/07\/photo-4-1024x724.jpg 1024w, https:\/\/www.shaa.io\/wp-content\/uploads\/2024\/07\/photo-4-300x212.jpg 300w, https:\/\/www.shaa.io\/wp-content\/uploads\/2024\/07\/photo-4-768x543.jpg 768w, https:\/\/www.shaa.io\/wp-content\/uploads\/2024\/07\/photo-4-1536x1086.jpg 1536w, https:\/\/www.shaa.io\/wp-content\/uploads\/2024\/07\/photo-4-2048x1448.jpg 2048w, https:\/\/www.shaa.io\/wp-content\/uploads\/2024\/07\/photo-4-1568x1109.jpg 1568w\" sizes=\"auto, (max-width: 1024px) 100vw, 1024px\" \/><\/figure>\n\n\n\n<figure class=\"wp-block-image size-large\"><img loading=\"lazy\" decoding=\"async\" width=\"1024\" height=\"724\" data-id=\"570\" src=\"https:\/\/www.shaa.io\/wp-content\/uploads\/2024\/07\/photo-3-1024x724.jpg\" alt=\"\" class=\"wp-image-570\" srcset=\"https:\/\/www.shaa.io\/wp-content\/uploads\/2024\/07\/photo-3-1024x724.jpg 1024w, https:\/\/www.shaa.io\/wp-content\/uploads\/2024\/07\/photo-3-300x212.jpg 300w, https:\/\/www.shaa.io\/wp-content\/uploads\/2024\/07\/photo-3-768x543.jpg 768w, https:\/\/www.shaa.io\/wp-content\/uploads\/2024\/07\/photo-3-1536x1086.jpg 1536w, https:\/\/www.shaa.io\/wp-content\/uploads\/2024\/07\/photo-3-2048x1448.jpg 2048w, https:\/\/www.shaa.io\/wp-content\/uploads\/2024\/07\/photo-3-1568x1109.jpg 1568w\" sizes=\"auto, (max-width: 1024px) 100vw, 1024px\" \/><\/figure>\n\n\n\n<figure class=\"wp-block-image size-large\"><img loading=\"lazy\" decoding=\"async\" width=\"1024\" height=\"724\" data-id=\"569\" src=\"https:\/\/www.shaa.io\/wp-content\/uploads\/2024\/07\/photo-2-1024x724.jpg\" alt=\"\" class=\"wp-image-569\" srcset=\"https:\/\/www.shaa.io\/wp-content\/uploads\/2024\/07\/photo-2-1024x724.jpg 1024w, https:\/\/www.shaa.io\/wp-content\/uploads\/2024\/07\/photo-2-300x212.jpg 300w, https:\/\/www.shaa.io\/wp-content\/uploads\/2024\/07\/photo-2-768x543.jpg 768w, https:\/\/www.shaa.io\/wp-content\/uploads\/2024\/07\/photo-2-1536x1086.jpg 1536w, https:\/\/www.shaa.io\/wp-content\/uploads\/2024\/07\/photo-2-2048x1448.jpg 2048w, https:\/\/www.shaa.io\/wp-content\/uploads\/2024\/07\/photo-2-1568x1109.jpg 1568w\" sizes=\"auto, (max-width: 1024px) 100vw, 1024px\" \/><\/figure>\n\n\n\n<figure class=\"wp-block-image size-large\"><img loading=\"lazy\" decoding=\"async\" width=\"1024\" height=\"724\" data-id=\"568\" src=\"https:\/\/www.shaa.io\/wp-content\/uploads\/2024\/07\/photo-1-1024x724.jpg\" alt=\"\" class=\"wp-image-568\" srcset=\"https:\/\/www.shaa.io\/wp-content\/uploads\/2024\/07\/photo-1-1024x724.jpg 1024w, https:\/\/www.shaa.io\/wp-content\/uploads\/2024\/07\/photo-1-300x212.jpg 300w, https:\/\/www.shaa.io\/wp-content\/uploads\/2024\/07\/photo-1-768x543.jpg 768w, https:\/\/www.shaa.io\/wp-content\/uploads\/2024\/07\/photo-1-1536x1086.jpg 1536w, https:\/\/www.shaa.io\/wp-content\/uploads\/2024\/07\/photo-1-2048x1448.jpg 2048w, https:\/\/www.shaa.io\/wp-content\/uploads\/2024\/07\/photo-1-1568x1109.jpg 1568w\" sizes=\"auto, (max-width: 1024px) 100vw, 1024px\" \/><\/figure>\n\n\n\n<figure class=\"wp-block-image size-large\"><img loading=\"lazy\" decoding=\"async\" width=\"1024\" height=\"720\" data-id=\"564\" src=\"https:\/\/www.shaa.io\/wp-content\/uploads\/2024\/07\/CCF12042016_0000-scaled-1-1024x720.jpg\" alt=\"\" class=\"wp-image-564\" srcset=\"https:\/\/www.shaa.io\/wp-content\/uploads\/2024\/07\/CCF12042016_0000-scaled-1-1024x720.jpg 1024w, https:\/\/www.shaa.io\/wp-content\/uploads\/2024\/07\/CCF12042016_0000-scaled-1-300x211.jpg 300w, https:\/\/www.shaa.io\/wp-content\/uploads\/2024\/07\/CCF12042016_0000-scaled-1-768x540.jpg 768w, https:\/\/www.shaa.io\/wp-content\/uploads\/2024\/07\/CCF12042016_0000-scaled-1-1536x1079.jpg 1536w, https:\/\/www.shaa.io\/wp-content\/uploads\/2024\/07\/CCF12042016_0000-scaled-1-2048x1439.jpg 2048w, https:\/\/www.shaa.io\/wp-content\/uploads\/2024\/07\/CCF12042016_0000-scaled-1-1568x1102.jpg 1568w\" sizes=\"auto, (max-width: 1024px) 100vw, 1024px\" \/><\/figure>\n\n\n\n<figure data-wp-context=\"{&quot;imageId&quot;:&quot;69e19919ec602&quot;}\" data-wp-interactive=\"core\/image\" data-wp-key=\"69e19919ec602\" class=\"wp-block-image size-large wp-lightbox-container\"><img loading=\"lazy\" decoding=\"async\" width=\"1024\" height=\"609\" data-wp-class--hide=\"state.isContentHidden\" data-wp-class--show=\"state.isContentVisible\" data-wp-init=\"callbacks.setButtonStyles\" data-wp-on--click=\"actions.showLightbox\" data-wp-on--load=\"callbacks.setButtonStyles\" data-wp-on-window--resize=\"callbacks.setButtonStyles\" data-id=\"563\" src=\"https:\/\/www.shaa.io\/wp-content\/uploads\/2024\/07\/Shiraz_zoom-1024x609.jpg\" alt=\"\" class=\"wp-image-563\" srcset=\"https:\/\/www.shaa.io\/wp-content\/uploads\/2024\/07\/Shiraz_zoom-1024x609.jpg 1024w, https:\/\/www.shaa.io\/wp-content\/uploads\/2024\/07\/Shiraz_zoom-300x178.jpg 300w, https:\/\/www.shaa.io\/wp-content\/uploads\/2024\/07\/Shiraz_zoom-768x457.jpg 768w, https:\/\/www.shaa.io\/wp-content\/uploads\/2024\/07\/Shiraz_zoom-1536x913.jpg 1536w, https:\/\/www.shaa.io\/wp-content\/uploads\/2024\/07\/Shiraz_zoom-2048x1218.jpg 2048w, https:\/\/www.shaa.io\/wp-content\/uploads\/2024\/07\/Shiraz_zoom-1568x932.jpg 1568w\" sizes=\"auto, (max-width: 1024px) 100vw, 1024px\" \/><button\n\t\t\tclass=\"lightbox-trigger\"\n\t\t\ttype=\"button\"\n\t\t\taria-haspopup=\"dialog\"\n\t\t\taria-label=\"Agrandir\"\n\t\t\tdata-wp-init=\"callbacks.initTriggerButton\"\n\t\t\tdata-wp-on--click=\"actions.showLightbox\"\n\t\t\tdata-wp-style--right=\"state.imageButtonRight\"\n\t\t\tdata-wp-style--top=\"state.imageButtonTop\"\n\t\t>\n\t\t\t<svg xmlns=\"http:\/\/www.w3.org\/2000\/svg\" width=\"12\" height=\"12\" fill=\"none\" viewBox=\"0 0 12 12\">\n\t\t\t\t<path fill=\"#fff\" d=\"M2 0a2 2 0 0 0-2 2v2h1.5V2a.5.5 0 0 1 .5-.5h2V0H2Zm2 10.5H2a.5.5 0 0 1-.5-.5V8H0v2a2 2 0 0 0 2 2h2v-1.5ZM8 12v-1.5h2a.5.5 0 0 0 .5-.5V8H12v2a2 2 0 0 1-2 2H8Zm2-12a2 2 0 0 1 2 2v2h-1.5V2a.5.5 0 0 0-.5-.5H8V0h2Z\" \/>\n\t\t\t<\/svg>\n\t\t<\/button><figcaption class=\"wp-element-caption\">Screenshot<\/figcaption><\/figure>\n\n\n\n<figure class=\"wp-block-image size-large\"><img loading=\"lazy\" decoding=\"async\" width=\"1024\" height=\"1024\" data-id=\"562\" src=\"https:\/\/www.shaa.io\/wp-content\/uploads\/2024\/07\/toits-scaled-1-1024x1024.jpg\" alt=\"\" class=\"wp-image-562\" srcset=\"https:\/\/www.shaa.io\/wp-content\/uploads\/2024\/07\/toits-scaled-1-1024x1024.jpg 1024w, https:\/\/www.shaa.io\/wp-content\/uploads\/2024\/07\/toits-scaled-1-300x300.jpg 300w, https:\/\/www.shaa.io\/wp-content\/uploads\/2024\/07\/toits-scaled-1-150x150.jpg 150w, https:\/\/www.shaa.io\/wp-content\/uploads\/2024\/07\/toits-scaled-1-768x768.jpg 768w, https:\/\/www.shaa.io\/wp-content\/uploads\/2024\/07\/toits-scaled-1-1536x1536.jpg 1536w, https:\/\/www.shaa.io\/wp-content\/uploads\/2024\/07\/toits-scaled-1-2048x2048.jpg 2048w, https:\/\/www.shaa.io\/wp-content\/uploads\/2024\/07\/toits-scaled-1-1568x1568.jpg 1568w\" sizes=\"auto, (max-width: 1024px) 100vw, 1024px\" \/><\/figure>\n\n\n\n<figure class=\"wp-block-image size-large\"><img loading=\"lazy\" decoding=\"async\" width=\"1024\" height=\"1024\" data-id=\"559\" src=\"https:\/\/www.shaa.io\/wp-content\/uploads\/2024\/07\/Jardin-scaled-1-1024x1024.jpg\" alt=\"\" class=\"wp-image-559\" srcset=\"https:\/\/www.shaa.io\/wp-content\/uploads\/2024\/07\/Jardin-scaled-1-1024x1024.jpg 1024w, https:\/\/www.shaa.io\/wp-content\/uploads\/2024\/07\/Jardin-scaled-1-300x300.jpg 300w, https:\/\/www.shaa.io\/wp-content\/uploads\/2024\/07\/Jardin-scaled-1-150x150.jpg 150w, https:\/\/www.shaa.io\/wp-content\/uploads\/2024\/07\/Jardin-scaled-1-768x768.jpg 768w, https:\/\/www.shaa.io\/wp-content\/uploads\/2024\/07\/Jardin-scaled-1-1536x1536.jpg 1536w, https:\/\/www.shaa.io\/wp-content\/uploads\/2024\/07\/Jardin-scaled-1-2048x2048.jpg 2048w, https:\/\/www.shaa.io\/wp-content\/uploads\/2024\/07\/Jardin-scaled-1-1568x1568.jpg 1568w\" sizes=\"auto, (max-width: 1024px) 100vw, 1024px\" \/><\/figure>\n\n\n\n<figure class=\"wp-block-image size-large\"><img loading=\"lazy\" decoding=\"async\" width=\"1024\" height=\"1024\" data-id=\"560\" src=\"https:\/\/www.shaa.io\/wp-content\/uploads\/2024\/07\/passage-scaled-1-1024x1024.jpg\" alt=\"\" class=\"wp-image-560\" srcset=\"https:\/\/www.shaa.io\/wp-content\/uploads\/2024\/07\/passage-scaled-1-1024x1024.jpg 1024w, https:\/\/www.shaa.io\/wp-content\/uploads\/2024\/07\/passage-scaled-1-300x300.jpg 300w, https:\/\/www.shaa.io\/wp-content\/uploads\/2024\/07\/passage-scaled-1-150x150.jpg 150w, https:\/\/www.shaa.io\/wp-content\/uploads\/2024\/07\/passage-scaled-1-768x768.jpg 768w, https:\/\/www.shaa.io\/wp-content\/uploads\/2024\/07\/passage-scaled-1-1536x1536.jpg 1536w, https:\/\/www.shaa.io\/wp-content\/uploads\/2024\/07\/passage-scaled-1-2048x2048.jpg 2048w, https:\/\/www.shaa.io\/wp-content\/uploads\/2024\/07\/passage-scaled-1-1568x1568.jpg 1568w\" sizes=\"auto, (max-width: 1024px) 100vw, 1024px\" \/><\/figure>\n<\/figure>\n","protected":false},"excerpt":{"rendered":"<p>Les chemins d\u2019Orient (Iran) Reconstitution d\u2019un \u00ab centre bourg \u00bb (espaces publics, programmation d\u2019artisanat, services et commerces), \u00e0 partir des entit\u00e9s g\u00e9ographiques du territoire \u00ab ramen\u00e9es \u00bb dans la conception urbaine et paysag\u00e8re.&nbsp;Travail sur les parcours et mobilit\u00e9s : les chemins de Shiraz.&nbsp; Dans ce projet, le voyage, le mouvement, sont des principes vitaux. Ce&hellip; <a class=\"more-link\" href=\"https:\/\/www.shaa.io\/index.php\/shiraz-2\/\">Poursuivre la lecture <span class=\"screen-reader-text\">Shiraz<\/span><\/a><\/p>\n","protected":false},"author":1,"featured_media":0,"parent":0,"menu_order":0,"comment_status":"closed","ping_status":"closed","template":"","meta":{"footnotes":""},"class_list":["post-553","page","type-page","status-publish","hentry","entry"],"_links":{"self":[{"href":"https:\/\/www.shaa.io\/index.php\/wp-json\/wp\/v2\/pages\/553","targetHints":{"allow":["GET"]}}],"collection":[{"href":"https:\/\/www.shaa.io\/index.php\/wp-json\/wp\/v2\/pages"}],"about":[{"href":"https:\/\/www.shaa.io\/index.php\/wp-json\/wp\/v2\/types\/page"}],"author":[{"embeddable":true,"href":"https:\/\/www.shaa.io\/index.php\/wp-json\/wp\/v2\/users\/1"}],"replies":[{"embeddable":true,"href":"https:\/\/www.shaa.io\/index.php\/wp-json\/wp\/v2\/comments?post=553"}],"version-history":[{"count":8,"href":"https:\/\/www.shaa.io\/index.php\/wp-json\/wp\/v2\/pages\/553\/revisions"}],"predecessor-version":[{"id":1395,"href":"https:\/\/www.shaa.io\/index.php\/wp-json\/wp\/v2\/pages\/553\/revisions\/1395"}],"wp:attachment":[{"href":"https:\/\/www.shaa.io\/index.php\/wp-json\/wp\/v2\/media?parent=553"}],"curies":[{"name":"wp","href":"https:\/\/api.w.org\/{rel}","templated":true}]}}