{"id":539,"date":"2024-07-10T15:02:52","date_gmt":"2024-07-10T13:02:52","guid":{"rendered":"http:\/\/www.shaa.io\/?page_id=539"},"modified":"2025-12-19T17:57:58","modified_gmt":"2025-12-19T16:57:58","slug":"homa","status":"publish","type":"page","link":"https:\/\/www.shaa.io\/index.php\/homa\/","title":{"rendered":"Hom\u0101 \u0647\u0645\u0627"},"content":{"rendered":"\n<h2 class=\"wp-block-heading\">The sharing of skills as a means of carrying out anti-speculative projects<\/h2>\n\n\n\n<div class=\"wp-block-columns alignwide is-layout-flex wp-container-core-columns-is-layout-9d6595d7 wp-block-columns-is-layout-flex\">\n<div class=\"wp-block-column is-layout-flow wp-block-column-is-layout-flow\" style=\"flex-basis:100%\">\n<p style=\"font-size:14px\">Hom\u0101 est un oiseau de bon augure pour qui l&rsquo;aper\u00e7oit. Dans les projets Hom\u0101, cette bonne fortune se construit par l\u2019implication de chacun.e dans le projet. Les \u00e9changes des savoir-faire g\u00e9n\u00e8rent une nouvelle \u00e9conomie du projet anti-sp\u00e9culative. Dans les projets Hom\u0101, le r\u00e9seau de fournisseurs et d\u2019artisans cr\u00e9e le projet\u00a0: c\u2019est la constitution de ce r\u00e9seau concomitante aux phases de conception qui engendre le projet, ainsi que le recours \u00e0 des mat\u00e9riaux alternatifs \u00e0 la p\u00e9trochimie.<\/p>\n<\/div>\n<\/div>\n\n\n\n<figure class=\"wp-block-gallery alignfull has-nested-images columns-6 is-cropped wp-block-gallery-1 is-layout-flex wp-block-gallery-is-layout-flex\">\n<figure class=\"wp-block-image size-large is-style-rounded\"><a href=\"https:\/\/www.shaa.io\/index.php\/lorangerie-atelier-socle\/\"><img loading=\"lazy\" decoding=\"async\" width=\"1024\" height=\"1024\" data-id=\"505\" src=\"https:\/\/www.shaa.io\/wp-content\/uploads\/2024\/07\/Socle-1024x1024.jpg\" alt=\"\" class=\"wp-image-505\" srcset=\"https:\/\/www.shaa.io\/wp-content\/uploads\/2024\/07\/Socle-1024x1024.jpg 1024w, https:\/\/www.shaa.io\/wp-content\/uploads\/2024\/07\/Socle-300x300.jpg 300w, https:\/\/www.shaa.io\/wp-content\/uploads\/2024\/07\/Socle-150x150.jpg 150w, https:\/\/www.shaa.io\/wp-content\/uploads\/2024\/07\/Socle-768x768.jpg 768w, https:\/\/www.shaa.io\/wp-content\/uploads\/2024\/07\/Socle-1536x1536.jpg 1536w, https:\/\/www.shaa.io\/wp-content\/uploads\/2024\/07\/Socle-1568x1568.jpg 1568w, https:\/\/www.shaa.io\/wp-content\/uploads\/2024\/07\/Socle.jpg 1771w\" sizes=\"auto, (max-width: 1024px) 100vw, 1024px\" \/><\/a><figcaption class=\"wp-element-caption\"><a href=\"https:\/\/www.shaa.io\/index.php\/lorangerie-atelier-socle\/\" data-type=\"page\" data-id=\"784\">L\u2019orangerie<\/a><\/figcaption><\/figure>\n\n\n\n<figure class=\"wp-block-image size-large is-style-default\"><a href=\"https:\/\/www.shaa.io\/index.php\/la-maison-de-shams-et-latelier-shaa\/\"><img loading=\"lazy\" decoding=\"async\" width=\"1024\" height=\"1024\" data-id=\"501\" src=\"https:\/\/www.shaa.io\/wp-content\/uploads\/2024\/07\/Shaa-atelier-1024x1024.jpg\" alt=\"\" class=\"wp-image-501\" srcset=\"https:\/\/www.shaa.io\/wp-content\/uploads\/2024\/07\/Shaa-atelier-1024x1024.jpg 1024w, https:\/\/www.shaa.io\/wp-content\/uploads\/2024\/07\/Shaa-atelier-300x300.jpg 300w, https:\/\/www.shaa.io\/wp-content\/uploads\/2024\/07\/Shaa-atelier-150x150.jpg 150w, https:\/\/www.shaa.io\/wp-content\/uploads\/2024\/07\/Shaa-atelier-768x768.jpg 768w, https:\/\/www.shaa.io\/wp-content\/uploads\/2024\/07\/Shaa-atelier-1536x1536.jpg 1536w, https:\/\/www.shaa.io\/wp-content\/uploads\/2024\/07\/Shaa-atelier-1568x1568.jpg 1568w, https:\/\/www.shaa.io\/wp-content\/uploads\/2024\/07\/Shaa-atelier.jpg 1771w\" sizes=\"auto, (max-width: 1024px) 100vw, 1024px\" \/><\/a><figcaption class=\"wp-element-caption\"><a href=\"https:\/\/www.shaa.io\/index.php\/la-maison-de-shams-et-latelier-shaa\/\" data-type=\"page\" data-id=\"770\">Atelier sha\u0101<\/a><\/figcaption><\/figure>\n\n\n\n<figure class=\"wp-block-image size-large\"><a href=\"https:\/\/www.shaa.io\/index.php\/autrans-2\/\"><img loading=\"lazy\" decoding=\"async\" width=\"1024\" height=\"1024\" data-id=\"475\" src=\"https:\/\/www.shaa.io\/wp-content\/uploads\/2024\/07\/Autrans-1024x1024.jpg\" alt=\"\" class=\"wp-image-475\" srcset=\"https:\/\/www.shaa.io\/wp-content\/uploads\/2024\/07\/Autrans-1024x1024.jpg 1024w, https:\/\/www.shaa.io\/wp-content\/uploads\/2024\/07\/Autrans-300x300.jpg 300w, https:\/\/www.shaa.io\/wp-content\/uploads\/2024\/07\/Autrans-150x150.jpg 150w, https:\/\/www.shaa.io\/wp-content\/uploads\/2024\/07\/Autrans-768x768.jpg 768w, https:\/\/www.shaa.io\/wp-content\/uploads\/2024\/07\/Autrans-1536x1536.jpg 1536w, https:\/\/www.shaa.io\/wp-content\/uploads\/2024\/07\/Autrans-1568x1568.jpg 1568w, https:\/\/www.shaa.io\/wp-content\/uploads\/2024\/07\/Autrans.jpg 1771w\" sizes=\"auto, (max-width: 1024px) 100vw, 1024px\" \/><\/a><figcaption class=\"wp-element-caption\"><a href=\"https:\/\/www.shaa.io\/index.php\/autrans-2\/\" data-type=\"page\" data-id=\"865\">Bois Vercors<\/a><\/figcaption><\/figure>\n\n\n\n<figure class=\"wp-block-image size-large is-style-rounded\"><a href=\"https:\/\/www.shaa.io\/index.php\/cooperative-dartisans\/\"><img loading=\"lazy\" decoding=\"async\" width=\"1024\" height=\"1024\" data-id=\"476\" src=\"https:\/\/www.shaa.io\/wp-content\/uploads\/2024\/07\/Bogeve-1024x1024.jpg\" alt=\"\" class=\"wp-image-476\" srcset=\"https:\/\/www.shaa.io\/wp-content\/uploads\/2024\/07\/Bogeve-1024x1024.jpg 1024w, https:\/\/www.shaa.io\/wp-content\/uploads\/2024\/07\/Bogeve-300x300.jpg 300w, https:\/\/www.shaa.io\/wp-content\/uploads\/2024\/07\/Bogeve-150x150.jpg 150w, https:\/\/www.shaa.io\/wp-content\/uploads\/2024\/07\/Bogeve-768x768.jpg 768w, https:\/\/www.shaa.io\/wp-content\/uploads\/2024\/07\/Bogeve-1536x1536.jpg 1536w, https:\/\/www.shaa.io\/wp-content\/uploads\/2024\/07\/Bogeve-1568x1568.jpg 1568w, https:\/\/www.shaa.io\/wp-content\/uploads\/2024\/07\/Bogeve.jpg 1771w\" sizes=\"auto, (max-width: 1024px) 100vw, 1024px\" \/><\/a><figcaption class=\"wp-element-caption\"><a href=\"https:\/\/www.shaa.io\/index.php\/cooperative-dartisans\/\" data-type=\"page\" data-id=\"826\">Coop\u00e9rative d\u2019artisans<\/a><\/figcaption><\/figure>\n\n\n\n<figure class=\"wp-block-image size-large is-style-rounded\"><a href=\"https:\/\/www.shaa.io\/index.php\/bureau-rue-danton\/\"><img loading=\"lazy\" decoding=\"async\" width=\"1024\" height=\"1024\" data-id=\"480\" src=\"https:\/\/www.shaa.io\/wp-content\/uploads\/2024\/07\/danton-1024x1024.jpg\" alt=\"\" class=\"wp-image-480\" srcset=\"https:\/\/www.shaa.io\/wp-content\/uploads\/2024\/07\/danton-1024x1024.jpg 1024w, https:\/\/www.shaa.io\/wp-content\/uploads\/2024\/07\/danton-300x300.jpg 300w, https:\/\/www.shaa.io\/wp-content\/uploads\/2024\/07\/danton-150x150.jpg 150w, https:\/\/www.shaa.io\/wp-content\/uploads\/2024\/07\/danton-768x768.jpg 768w, https:\/\/www.shaa.io\/wp-content\/uploads\/2024\/07\/danton-1536x1536.jpg 1536w, https:\/\/www.shaa.io\/wp-content\/uploads\/2024\/07\/danton-1568x1568.jpg 1568w, https:\/\/www.shaa.io\/wp-content\/uploads\/2024\/07\/danton.jpg 1771w\" sizes=\"auto, (max-width: 1024px) 100vw, 1024px\" \/><\/a><figcaption class=\"wp-element-caption\"><a href=\"https:\/\/www.shaa.io\/index.php\/bureau-rue-danton\/\" data-type=\"page\" data-id=\"878\">Bureau rue Danton<\/a><\/figcaption><\/figure>\n\n\n\n<figure class=\"wp-block-image size-large is-style-rounded\"><a href=\"https:\/\/www.shaa.io\/index.php\/gecekondus\/\"><img loading=\"lazy\" decoding=\"async\" width=\"1024\" height=\"1024\" data-id=\"484\" src=\"https:\/\/www.shaa.io\/wp-content\/uploads\/2024\/07\/Gecekondu-1024x1024.jpg\" alt=\"\" class=\"wp-image-484\" srcset=\"https:\/\/www.shaa.io\/wp-content\/uploads\/2024\/07\/Gecekondu-1024x1024.jpg 1024w, https:\/\/www.shaa.io\/wp-content\/uploads\/2024\/07\/Gecekondu-300x300.jpg 300w, https:\/\/www.shaa.io\/wp-content\/uploads\/2024\/07\/Gecekondu-150x150.jpg 150w, https:\/\/www.shaa.io\/wp-content\/uploads\/2024\/07\/Gecekondu-768x768.jpg 768w, https:\/\/www.shaa.io\/wp-content\/uploads\/2024\/07\/Gecekondu-1536x1536.jpg 1536w, https:\/\/www.shaa.io\/wp-content\/uploads\/2024\/07\/Gecekondu-1568x1568.jpg 1568w, https:\/\/www.shaa.io\/wp-content\/uploads\/2024\/07\/Gecekondu.jpg 1771w\" sizes=\"auto, (max-width: 1024px) 100vw, 1024px\" \/><\/a><figcaption class=\"wp-element-caption\"><a href=\"https:\/\/www.shaa.io\/index.php\/gecekondus\/\" data-type=\"page\" data-id=\"840\">Gecekondus&nbsp;<\/a><\/figcaption><\/figure>\n\n\n\n<figure class=\"wp-block-image size-large is-style-rounded\"><a href=\"https:\/\/www.shaa.io\/index.php\/atelier-logement-a-homs-causses\/\"><img loading=\"lazy\" decoding=\"async\" width=\"1024\" height=\"1024\" data-id=\"486\" src=\"https:\/\/www.shaa.io\/wp-content\/uploads\/2024\/07\/Homs-1024x1024.jpg\" alt=\"\" class=\"wp-image-486\" srcset=\"https:\/\/www.shaa.io\/wp-content\/uploads\/2024\/07\/Homs-1024x1024.jpg 1024w, https:\/\/www.shaa.io\/wp-content\/uploads\/2024\/07\/Homs-300x300.jpg 300w, https:\/\/www.shaa.io\/wp-content\/uploads\/2024\/07\/Homs-150x150.jpg 150w, https:\/\/www.shaa.io\/wp-content\/uploads\/2024\/07\/Homs-768x768.jpg 768w, https:\/\/www.shaa.io\/wp-content\/uploads\/2024\/07\/Homs-1536x1536.jpg 1536w, https:\/\/www.shaa.io\/wp-content\/uploads\/2024\/07\/Homs-1568x1568.jpg 1568w, https:\/\/www.shaa.io\/wp-content\/uploads\/2024\/07\/Homs.jpg 1771w\" sizes=\"auto, (max-width: 1024px) 100vw, 1024px\" \/><\/a><figcaption class=\"wp-element-caption\"><a href=\"https:\/\/www.shaa.io\/index.php\/atelier-logement-a-homs-causses\/\" data-type=\"page\" data-id=\"796\">Atelier \u2018le temps du faire\u2019<\/a><\/figcaption><\/figure>\n\n\n\n<figure class=\"wp-block-image size-large is-style-rounded\"><a href=\"https:\/\/www.shaa.io\/index.php\/ville-foret-erdre-porterie\/\"><img loading=\"lazy\" decoding=\"async\" width=\"1024\" height=\"1024\" data-id=\"490\" src=\"https:\/\/www.shaa.io\/wp-content\/uploads\/2024\/07\/NEP-conardiere-1024x1024.jpg\" alt=\"\" class=\"wp-image-490\" srcset=\"https:\/\/www.shaa.io\/wp-content\/uploads\/2024\/07\/NEP-conardiere-1024x1024.jpg 1024w, https:\/\/www.shaa.io\/wp-content\/uploads\/2024\/07\/NEP-conardiere-300x300.jpg 300w, https:\/\/www.shaa.io\/wp-content\/uploads\/2024\/07\/NEP-conardiere-150x150.jpg 150w, https:\/\/www.shaa.io\/wp-content\/uploads\/2024\/07\/NEP-conardiere-768x768.jpg 768w, https:\/\/www.shaa.io\/wp-content\/uploads\/2024\/07\/NEP-conardiere-1536x1536.jpg 1536w, https:\/\/www.shaa.io\/wp-content\/uploads\/2024\/07\/NEP-conardiere-1568x1568.jpg 1568w, https:\/\/www.shaa.io\/wp-content\/uploads\/2024\/07\/NEP-conardiere.jpg 1771w\" sizes=\"auto, (max-width: 1024px) 100vw, 1024px\" \/><\/a><figcaption class=\"wp-element-caption\"><a href=\"https:\/\/www.shaa.io\/index.php\/ville-foret-erdre-porterie\/\" data-type=\"page\" data-id=\"850\">Ville-for\u00eat, Erdre Porterie<\/a><\/figcaption><\/figure>\n\n\n\n<figure class=\"wp-block-image size-large\"><a href=\"https:\/\/www.shaa.io\/index.php\/les-cedres\/\"><img loading=\"lazy\" decoding=\"async\" width=\"1024\" height=\"1024\" data-id=\"509\" src=\"https:\/\/www.shaa.io\/wp-content\/uploads\/2024\/07\/Thonon-1024x1024.jpg\" alt=\"\" class=\"wp-image-509\" srcset=\"https:\/\/www.shaa.io\/wp-content\/uploads\/2024\/07\/Thonon-1024x1024.jpg 1024w, https:\/\/www.shaa.io\/wp-content\/uploads\/2024\/07\/Thonon-300x300.jpg 300w, https:\/\/www.shaa.io\/wp-content\/uploads\/2024\/07\/Thonon-150x150.jpg 150w, https:\/\/www.shaa.io\/wp-content\/uploads\/2024\/07\/Thonon-768x768.jpg 768w, https:\/\/www.shaa.io\/wp-content\/uploads\/2024\/07\/Thonon-1536x1536.jpg 1536w, https:\/\/www.shaa.io\/wp-content\/uploads\/2024\/07\/Thonon-1568x1568.jpg 1568w, https:\/\/www.shaa.io\/wp-content\/uploads\/2024\/07\/Thonon.jpg 1771w\" sizes=\"auto, (max-width: 1024px) 100vw, 1024px\" \/><\/a><figcaption class=\"wp-element-caption\"><a href=\"https:\/\/www.shaa.io\/index.php\/les-cedres\/\" data-type=\"page\" data-id=\"814\">Les C\u00e8dres<\/a><\/figcaption><\/figure>\n\n\n\n<figure class=\"wp-block-image size-large is-style-rounded\"><a href=\"https:\/\/www.shaa.io\/index.php\/en-bois-brule\/\"><img loading=\"lazy\" decoding=\"async\" width=\"1024\" height=\"1024\" data-id=\"1644\" src=\"https:\/\/www.shaa.io\/wp-content\/uploads\/2025\/07\/Ivry_bois-brule-1024x1024.jpg\" alt=\"\" class=\"wp-image-1644\" srcset=\"https:\/\/www.shaa.io\/wp-content\/uploads\/2025\/07\/Ivry_bois-brule-1024x1024.jpg 1024w, https:\/\/www.shaa.io\/wp-content\/uploads\/2025\/07\/Ivry_bois-brule-300x300.jpg 300w, https:\/\/www.shaa.io\/wp-content\/uploads\/2025\/07\/Ivry_bois-brule-150x150.jpg 150w, https:\/\/www.shaa.io\/wp-content\/uploads\/2025\/07\/Ivry_bois-brule-768x768.jpg 768w, https:\/\/www.shaa.io\/wp-content\/uploads\/2025\/07\/Ivry_bois-brule-1536x1536.jpg 1536w, https:\/\/www.shaa.io\/wp-content\/uploads\/2025\/07\/Ivry_bois-brule-1568x1568.jpg 1568w, https:\/\/www.shaa.io\/wp-content\/uploads\/2025\/07\/Ivry_bois-brule.jpg 1771w\" sizes=\"auto, (max-width: 1024px) 100vw, 1024px\" \/><\/a><figcaption class=\"wp-element-caption\"><a href=\"https:\/\/www.shaa.io\/index.php\/en-bois-brule\/\" data-type=\"page\" data-id=\"1645\">En bois br\u00fbl\u00e9<\/a><\/figcaption><\/figure>\n\n\n\n<figure class=\"wp-block-image size-large is-style-rounded\"><a href=\"https:\/\/www.shaa.io\/wp-admin\/post.php?post=1634&amp;action=edit\"><img loading=\"lazy\" decoding=\"async\" width=\"1024\" height=\"1024\" data-id=\"1630\" src=\"https:\/\/www.shaa.io\/wp-content\/uploads\/2025\/07\/Toptoit-1024x1024.jpg\" alt=\"\" class=\"wp-image-1630\" srcset=\"https:\/\/www.shaa.io\/wp-content\/uploads\/2025\/07\/Toptoit-1024x1024.jpg 1024w, https:\/\/www.shaa.io\/wp-content\/uploads\/2025\/07\/Toptoit-300x300.jpg 300w, https:\/\/www.shaa.io\/wp-content\/uploads\/2025\/07\/Toptoit-150x150.jpg 150w, https:\/\/www.shaa.io\/wp-content\/uploads\/2025\/07\/Toptoit-768x768.jpg 768w, https:\/\/www.shaa.io\/wp-content\/uploads\/2025\/07\/Toptoit-1536x1536.jpg 1536w, https:\/\/www.shaa.io\/wp-content\/uploads\/2025\/07\/Toptoit-1568x1568.jpg 1568w, https:\/\/www.shaa.io\/wp-content\/uploads\/2025\/07\/Toptoit.jpg 1771w\" sizes=\"auto, (max-width: 1024px) 100vw, 1024px\" \/><\/a><figcaption class=\"wp-element-caption\"><a href=\"https:\/\/www.shaa.io\/index.php\/du-toit-au-sol\/\" data-type=\"page\" data-id=\"1634\">Du toit au sol<\/a><\/figcaption><\/figure>\n<\/figure>\n\n\n\n<p><\/p>\n","protected":false},"excerpt":{"rendered":"<p>The sharing of skills as a means of carrying out anti-speculative projects Hom\u0101 est un oiseau de bon augure pour qui l&rsquo;aper\u00e7oit. Dans les projets Hom\u0101, cette bonne fortune se construit par l\u2019implication de chacun.e dans le projet. Les \u00e9changes des savoir-faire g\u00e9n\u00e8rent une nouvelle \u00e9conomie du projet anti-sp\u00e9culative. Dans les projets Hom\u0101, le r\u00e9seau&hellip; <a class=\"more-link\" href=\"https:\/\/www.shaa.io\/index.php\/homa\/\">Poursuivre la lecture <span class=\"screen-reader-text\">Hom\u0101 \u0647\u0645\u0627<\/span><\/a><\/p>\n","protected":false},"author":1,"featured_media":0,"parent":0,"menu_order":0,"comment_status":"closed","ping_status":"closed","template":"","meta":{"footnotes":""},"class_list":["post-539","page","type-page","status-publish","hentry","entry"],"_links":{"self":[{"href":"https:\/\/www.shaa.io\/index.php\/wp-json\/wp\/v2\/pages\/539","targetHints":{"allow":["GET"]}}],"collection":[{"href":"https:\/\/www.shaa.io\/index.php\/wp-json\/wp\/v2\/pages"}],"about":[{"href":"https:\/\/www.shaa.io\/index.php\/wp-json\/wp\/v2\/types\/page"}],"author":[{"embeddable":true,"href":"https:\/\/www.shaa.io\/index.php\/wp-json\/wp\/v2\/users\/1"}],"replies":[{"embeddable":true,"href":"https:\/\/www.shaa.io\/index.php\/wp-json\/wp\/v2\/comments?post=539"}],"version-history":[{"count":30,"href":"https:\/\/www.shaa.io\/index.php\/wp-json\/wp\/v2\/pages\/539\/revisions"}],"predecessor-version":[{"id":1764,"href":"https:\/\/www.shaa.io\/index.php\/wp-json\/wp\/v2\/pages\/539\/revisions\/1764"}],"wp:attachment":[{"href":"https:\/\/www.shaa.io\/index.php\/wp-json\/wp\/v2\/media?parent=539"}],"curies":[{"name":"wp","href":"https:\/\/api.w.org\/{rel}","templated":true}]}}