{"id":525,"date":"2024-07-10T14:51:50","date_gmt":"2024-07-10T12:51:50","guid":{"rendered":"http:\/\/www.shaa.io\/?page_id=525"},"modified":"2025-12-19T17:56:51","modified_gmt":"2025-12-19T16:56:51","slug":"simorgh","status":"publish","type":"page","link":"https:\/\/www.shaa.io\/index.php\/simorgh\/","title":{"rendered":"Simorgh \u0633\u06cc\u0645\u0631\u063a"},"content":{"rendered":"\n<h2 class=\"wp-block-heading\">The actors in their cosmopolitical network <\/h2>\n\n\n\n<div class=\"wp-block-columns alignwide is-layout-flex wp-container-core-columns-is-layout-9d6595d7 wp-block-columns-is-layout-flex\">\n<div class=\"wp-block-column is-layout-flow wp-block-column-is-layout-flow\" style=\"flex-basis:100%\">\n<p style=\"font-size:14px\">Dans l\u2019histoire perse soufi \u00ab La conf\u00e9rence des oiseaux\u00a0\u00bb, trente oiseaux (Si=trente en persan) partirent en p\u00e8lerinage \u00e0 la recherche de leur roi. Arriv\u00e9s au sommet de la montagne o\u00f9 leur qu\u00eate devrait s\u2019achever et leur roi se r\u00e9v\u00e9ler, les trente se retrouv\u00e8rent en cercle, seuls. Il n\u2019y avait jamais eu de roi providentiel pour les guider. Leur assembl\u00e9e, c\u2019\u00e9tait cela leur roi. <\/p>\n\n\n\n<p style=\"font-size:14px\">Cette histoire fait \u00e9chos \u00e0 la D\u00e9mocratie, o\u00f9 au Parlement des choses dans lequel les non humains sont inclus dans une cosmopolitique ouverte. Cette histoire nous  nous invite \u00e0 regarder le monde en r\u00e9seau. Les projets Simorgh invitent \u00e0 repenser la bior\u00e9gion par l\u2019acteur r\u00e9seau\u00a0: ce sont les \u00e9l\u00e9ments h\u00e9t\u00e9rog\u00e8nes du territoire et les traces des vivants dans la zone critique qui alimentent le projet de \u00ab\u00a0l\u2019int\u00e9rieur\u00a0\u00bb.<\/p>\n<\/div>\n<\/div>\n\n\n\n<figure class=\"wp-block-gallery alignfull has-nested-images columns-6 is-cropped wp-block-gallery-3 is-layout-flex wp-block-gallery-is-layout-flex\">\n<figure class=\"wp-block-image size-large\"><a href=\"https:\/\/www.shaa.io\/index.php\/livre-ou-atterrir-guide-et-pratique\/\"><img loading=\"lazy\" decoding=\"async\" width=\"1024\" height=\"1024\" data-id=\"494\" src=\"https:\/\/www.shaa.io\/wp-content\/uploads\/2024\/07\/OA-livre-1024x1024.jpg\" alt=\"\" class=\"wp-image-494\" srcset=\"https:\/\/www.shaa.io\/wp-content\/uploads\/2024\/07\/OA-livre-1024x1024.jpg 1024w, https:\/\/www.shaa.io\/wp-content\/uploads\/2024\/07\/OA-livre-300x300.jpg 300w, https:\/\/www.shaa.io\/wp-content\/uploads\/2024\/07\/OA-livre-150x150.jpg 150w, https:\/\/www.shaa.io\/wp-content\/uploads\/2024\/07\/OA-livre-768x768.jpg 768w, https:\/\/www.shaa.io\/wp-content\/uploads\/2024\/07\/OA-livre-1536x1536.jpg 1536w, https:\/\/www.shaa.io\/wp-content\/uploads\/2024\/07\/OA-livre-1568x1568.jpg 1568w, https:\/\/www.shaa.io\/wp-content\/uploads\/2024\/07\/OA-livre.jpg 1771w\" sizes=\"auto, (max-width: 1024px) 100vw, 1024px\" \/><\/a><\/figure>\n\n\n\n<figure class=\"wp-block-image size-large\"><a href=\"https:\/\/www.shaa.io\/index.php\/les-sous-sols-du-bassin-versant-de-paris\/\"><img loading=\"lazy\" decoding=\"async\" width=\"1024\" height=\"1024\" data-id=\"507\" src=\"https:\/\/www.shaa.io\/wp-content\/uploads\/2024\/07\/TF-CPT-1024x1024.jpg\" alt=\"\" class=\"wp-image-507\" srcset=\"https:\/\/www.shaa.io\/wp-content\/uploads\/2024\/07\/TF-CPT-1024x1024.jpg 1024w, https:\/\/www.shaa.io\/wp-content\/uploads\/2024\/07\/TF-CPT-300x300.jpg 300w, https:\/\/www.shaa.io\/wp-content\/uploads\/2024\/07\/TF-CPT-150x150.jpg 150w, https:\/\/www.shaa.io\/wp-content\/uploads\/2024\/07\/TF-CPT-768x768.jpg 768w, https:\/\/www.shaa.io\/wp-content\/uploads\/2024\/07\/TF-CPT-1536x1536.jpg 1536w, https:\/\/www.shaa.io\/wp-content\/uploads\/2024\/07\/TF-CPT-1568x1568.jpg 1568w, https:\/\/www.shaa.io\/wp-content\/uploads\/2024\/07\/TF-CPT.jpg 1771w\" sizes=\"auto, (max-width: 1024px) 100vw, 1024px\" \/><\/a><figcaption class=\"wp-element-caption\"><a href=\"https:\/\/www.shaa.io\/index.php\/les-sous-sols-du-bassin-versant-de-paris\/\" data-type=\"page\" data-id=\"642\">Les sous-sols du bassin versant de Paris&nbsp;<\/a><\/figcaption><\/figure>\n\n\n\n<figure class=\"wp-block-image size-large is-style-rounded\"><a href=\"https:\/\/www.shaa.io\/index.php\/la-maison-domid-espoir\/\"><img loading=\"lazy\" decoding=\"async\" width=\"1024\" height=\"1024\" data-id=\"491\" src=\"https:\/\/www.shaa.io\/wp-content\/uploads\/2024\/07\/neuvecelle-1024x1024.jpg\" alt=\"\" class=\"wp-image-491\" srcset=\"https:\/\/www.shaa.io\/wp-content\/uploads\/2024\/07\/neuvecelle-1024x1024.jpg 1024w, https:\/\/www.shaa.io\/wp-content\/uploads\/2024\/07\/neuvecelle-300x300.jpg 300w, https:\/\/www.shaa.io\/wp-content\/uploads\/2024\/07\/neuvecelle-150x150.jpg 150w, https:\/\/www.shaa.io\/wp-content\/uploads\/2024\/07\/neuvecelle-768x768.jpg 768w, https:\/\/www.shaa.io\/wp-content\/uploads\/2024\/07\/neuvecelle-1536x1536.jpg 1536w, https:\/\/www.shaa.io\/wp-content\/uploads\/2024\/07\/neuvecelle-1568x1568.jpg 1568w, https:\/\/www.shaa.io\/wp-content\/uploads\/2024\/07\/neuvecelle.jpg 1771w\" sizes=\"auto, (max-width: 1024px) 100vw, 1024px\" \/><\/a><figcaption class=\"wp-element-caption\"><a href=\"https:\/\/www.shaa.io\/index.php\/la-maison-domid-espoir\/\" data-type=\"page\" data-id=\"721\">La maison d\u2019Omid (espoir)<\/a><\/figcaption><\/figure>\n\n\n\n<figure class=\"wp-block-image size-large is-style-rounded\"><a href=\"https:\/\/www.shaa.io\/index.php\/shiraz-2\/\"><img loading=\"lazy\" decoding=\"async\" width=\"1024\" height=\"1024\" data-id=\"502\" src=\"https:\/\/www.shaa.io\/wp-content\/uploads\/2024\/07\/Shiraz-1024x1024.jpg\" alt=\"\" class=\"wp-image-502\" srcset=\"https:\/\/www.shaa.io\/wp-content\/uploads\/2024\/07\/Shiraz-1024x1024.jpg 1024w, https:\/\/www.shaa.io\/wp-content\/uploads\/2024\/07\/Shiraz-300x300.jpg 300w, https:\/\/www.shaa.io\/wp-content\/uploads\/2024\/07\/Shiraz-150x150.jpg 150w, https:\/\/www.shaa.io\/wp-content\/uploads\/2024\/07\/Shiraz-768x768.jpg 768w, https:\/\/www.shaa.io\/wp-content\/uploads\/2024\/07\/Shiraz-1536x1536.jpg 1536w, https:\/\/www.shaa.io\/wp-content\/uploads\/2024\/07\/Shiraz-1568x1568.jpg 1568w, https:\/\/www.shaa.io\/wp-content\/uploads\/2024\/07\/Shiraz.jpg 1771w\" sizes=\"auto, (max-width: 1024px) 100vw, 1024px\" \/><\/a><figcaption class=\"wp-element-caption\"><a href=\"https:\/\/www.shaa.io\/index.php\/shiraz-2\/\" data-type=\"page\" data-id=\"553\">Shiraz<\/a><\/figcaption><\/figure>\n\n\n\n<figure class=\"wp-block-image size-large is-style-rounded\"><a href=\"https:\/\/www.shaa.io\/wp-admin\/post.php?post=1653&amp;action=edit\"><img loading=\"lazy\" decoding=\"async\" width=\"1024\" height=\"1024\" data-id=\"1648\" src=\"https:\/\/www.shaa.io\/wp-content\/uploads\/2025\/07\/OA-brezouard-1024x1024.jpg\" alt=\"\" class=\"wp-image-1648\" srcset=\"https:\/\/www.shaa.io\/wp-content\/uploads\/2025\/07\/OA-brezouard-1024x1024.jpg 1024w, https:\/\/www.shaa.io\/wp-content\/uploads\/2025\/07\/OA-brezouard-300x300.jpg 300w, https:\/\/www.shaa.io\/wp-content\/uploads\/2025\/07\/OA-brezouard-150x150.jpg 150w, https:\/\/www.shaa.io\/wp-content\/uploads\/2025\/07\/OA-brezouard-768x768.jpg 768w, https:\/\/www.shaa.io\/wp-content\/uploads\/2025\/07\/OA-brezouard-1536x1536.jpg 1536w, https:\/\/www.shaa.io\/wp-content\/uploads\/2025\/07\/OA-brezouard-1568x1568.jpg 1568w, https:\/\/www.shaa.io\/wp-content\/uploads\/2025\/07\/OA-brezouard.jpg 1771w\" sizes=\"auto, (max-width: 1024px) 100vw, 1024px\" \/><\/a><figcaption class=\"wp-element-caption\"><a href=\"https:\/\/www.shaa.io\/index.php\/ou-atterrir-dans-le-brezouard\/\" data-type=\"page\" data-id=\"1653\">O\u00f9 atterrir dans le Br\u00e9zouard ?&nbsp;<\/a><\/figcaption><\/figure>\n\n\n\n<figure class=\"wp-block-image size-large wp-duotone-rgba0000-000000-2\"><a href=\"https:\/\/www.shaa.io\/index.php\/ou-atterrir\/\"><img loading=\"lazy\" decoding=\"async\" width=\"1024\" height=\"1024\" data-id=\"495\" src=\"https:\/\/www.shaa.io\/wp-content\/uploads\/2024\/07\/OA-1024x1024.jpg\" alt=\"\" class=\"wp-image-495\" srcset=\"https:\/\/www.shaa.io\/wp-content\/uploads\/2024\/07\/OA-1024x1024.jpg 1024w, https:\/\/www.shaa.io\/wp-content\/uploads\/2024\/07\/OA-300x300.jpg 300w, https:\/\/www.shaa.io\/wp-content\/uploads\/2024\/07\/OA-150x150.jpg 150w, https:\/\/www.shaa.io\/wp-content\/uploads\/2024\/07\/OA-768x768.jpg 768w, https:\/\/www.shaa.io\/wp-content\/uploads\/2024\/07\/OA-1536x1536.jpg 1536w, https:\/\/www.shaa.io\/wp-content\/uploads\/2024\/07\/OA-1568x1568.jpg 1568w, https:\/\/www.shaa.io\/wp-content\/uploads\/2024\/07\/OA.jpg 1771w\" sizes=\"auto, (max-width: 1024px) 100vw, 1024px\" \/><\/a><figcaption class=\"wp-element-caption\"><a href=\"https:\/\/www.shaa.io\/index.php\/ou-atterrir\/\" data-type=\"page\" data-id=\"614\">O\u00f9 atterrir? Nouveaux cahiers de dol\u00e9ances<\/a><\/figcaption><\/figure>\n\n\n\n<figure class=\"wp-block-image size-large\"><a href=\"https:\/\/www.shaa.io\/index.php\/terra-forma\/\"><img loading=\"lazy\" decoding=\"async\" width=\"1024\" height=\"1024\" data-id=\"508\" src=\"https:\/\/www.shaa.io\/wp-content\/uploads\/2024\/07\/TF-livre-1024x1024.jpg\" alt=\"\" class=\"wp-image-508\" srcset=\"https:\/\/www.shaa.io\/wp-content\/uploads\/2024\/07\/TF-livre-1024x1024.jpg 1024w, https:\/\/www.shaa.io\/wp-content\/uploads\/2024\/07\/TF-livre-300x300.jpg 300w, https:\/\/www.shaa.io\/wp-content\/uploads\/2024\/07\/TF-livre-150x150.jpg 150w, https:\/\/www.shaa.io\/wp-content\/uploads\/2024\/07\/TF-livre-768x768.jpg 768w, https:\/\/www.shaa.io\/wp-content\/uploads\/2024\/07\/TF-livre-1536x1536.jpg 1536w, https:\/\/www.shaa.io\/wp-content\/uploads\/2024\/07\/TF-livre-1568x1568.jpg 1568w, https:\/\/www.shaa.io\/wp-content\/uploads\/2024\/07\/TF-livre.jpg 1771w\" sizes=\"auto, (max-width: 1024px) 100vw, 1024px\" \/><\/a><\/figure>\n\n\n\n<figure class=\"wp-block-image size-large is-style-rounded\"><a href=\"https:\/\/www.shaa.io\/index.php\/resources-et-gisements-alternatifs\/\"><img loading=\"lazy\" decoding=\"async\" width=\"1024\" height=\"1024\" data-id=\"512\" src=\"https:\/\/www.shaa.io\/wp-content\/uploads\/2024\/07\/AT-1-1024x1024.jpg\" alt=\"\" class=\"wp-image-512\" srcset=\"https:\/\/www.shaa.io\/wp-content\/uploads\/2024\/07\/AT-1-1024x1024.jpg 1024w, https:\/\/www.shaa.io\/wp-content\/uploads\/2024\/07\/AT-1-300x300.jpg 300w, https:\/\/www.shaa.io\/wp-content\/uploads\/2024\/07\/AT-1-150x150.jpg 150w, https:\/\/www.shaa.io\/wp-content\/uploads\/2024\/07\/AT-1-768x768.jpg 768w, https:\/\/www.shaa.io\/wp-content\/uploads\/2024\/07\/AT-1-1536x1536.jpg 1536w, https:\/\/www.shaa.io\/wp-content\/uploads\/2024\/07\/AT-1-1568x1568.jpg 1568w, https:\/\/www.shaa.io\/wp-content\/uploads\/2024\/07\/AT-1.jpg 1771w\" sizes=\"auto, (max-width: 1024px) 100vw, 1024px\" \/><\/a><figcaption class=\"wp-element-caption\"><a href=\"https:\/\/www.shaa.io\/index.php\/resources-et-gisements-alternatifs\/\" data-type=\"page\" data-id=\"663\">(Re)sources et gisements alternatifs<\/a><\/figcaption><\/figure>\n\n\n\n<figure class=\"wp-block-image size-large is-style-rounded\"><a href=\"https:\/\/www.shaa.io\/index.php\/parc-des-filieres-bioregionales\/\"><img loading=\"lazy\" decoding=\"async\" width=\"1024\" height=\"1024\" data-id=\"473\" src=\"https:\/\/www.shaa.io\/wp-content\/uploads\/2024\/07\/Argentat-1024x1024.jpg\" alt=\"\" class=\"wp-image-473\" title=\"\" srcset=\"https:\/\/www.shaa.io\/wp-content\/uploads\/2024\/07\/Argentat-1024x1024.jpg 1024w, https:\/\/www.shaa.io\/wp-content\/uploads\/2024\/07\/Argentat-300x300.jpg 300w, https:\/\/www.shaa.io\/wp-content\/uploads\/2024\/07\/Argentat-150x150.jpg 150w, https:\/\/www.shaa.io\/wp-content\/uploads\/2024\/07\/Argentat-768x768.jpg 768w, https:\/\/www.shaa.io\/wp-content\/uploads\/2024\/07\/Argentat-1536x1536.jpg 1536w, https:\/\/www.shaa.io\/wp-content\/uploads\/2024\/07\/Argentat-1568x1568.jpg 1568w, https:\/\/www.shaa.io\/wp-content\/uploads\/2024\/07\/Argentat.jpg 1771w\" sizes=\"auto, (max-width: 1024px) 100vw, 1024px\" \/><\/a><figcaption class=\"wp-element-caption\"><a href=\"https:\/\/www.shaa.io\/index.php\/parc-des-filieres-bioregionales\/\" data-type=\"page\" data-id=\"585\">Parc des fili\u00e8res bior\u00e9gionales<\/a><\/figcaption><\/figure>\n\n\n\n<figure class=\"wp-block-image size-large is-style-rounded\"><a href=\"https:\/\/www.shaa.io\/index.php\/quartier-bois-la-dame\/\"><img loading=\"lazy\" decoding=\"async\" width=\"1024\" height=\"1024\" data-id=\"510\" src=\"https:\/\/www.shaa.io\/wp-content\/uploads\/2024\/07\/Tomblaine-1024x1024.jpg\" alt=\"\" class=\"wp-image-510\" srcset=\"https:\/\/www.shaa.io\/wp-content\/uploads\/2024\/07\/Tomblaine-1024x1024.jpg 1024w, https:\/\/www.shaa.io\/wp-content\/uploads\/2024\/07\/Tomblaine-300x300.jpg 300w, https:\/\/www.shaa.io\/wp-content\/uploads\/2024\/07\/Tomblaine-150x150.jpg 150w, https:\/\/www.shaa.io\/wp-content\/uploads\/2024\/07\/Tomblaine-768x768.jpg 768w, https:\/\/www.shaa.io\/wp-content\/uploads\/2024\/07\/Tomblaine-1536x1536.jpg 1536w, https:\/\/www.shaa.io\/wp-content\/uploads\/2024\/07\/Tomblaine-1568x1568.jpg 1568w, https:\/\/www.shaa.io\/wp-content\/uploads\/2024\/07\/Tomblaine.jpg 1771w\" sizes=\"auto, (max-width: 1024px) 100vw, 1024px\" \/><\/a><figcaption class=\"wp-element-caption\"><a href=\"https:\/\/www.shaa.io\/index.php\/quartier-bois-la-dame\/\" data-type=\"page\" data-id=\"695\">Quartier Bois-la-Dame<\/a><\/figcaption><\/figure>\n\n\n\n<figure class=\"wp-block-image size-large wp-duotone-rgba0000-000000-1\"><a href=\"https:\/\/www.shaa.io\/index.php\/le-laboratoire-des-doleances\/\"><img loading=\"lazy\" decoding=\"async\" width=\"1024\" height=\"1024\" data-id=\"493\" src=\"https:\/\/www.shaa.io\/wp-content\/uploads\/2024\/07\/OA-labo-1024x1024.jpg\" alt=\"\" class=\"wp-image-493\" srcset=\"https:\/\/www.shaa.io\/wp-content\/uploads\/2024\/07\/OA-labo-1024x1024.jpg 1024w, https:\/\/www.shaa.io\/wp-content\/uploads\/2024\/07\/OA-labo-300x300.jpg 300w, https:\/\/www.shaa.io\/wp-content\/uploads\/2024\/07\/OA-labo-150x150.jpg 150w, https:\/\/www.shaa.io\/wp-content\/uploads\/2024\/07\/OA-labo-768x768.jpg 768w, https:\/\/www.shaa.io\/wp-content\/uploads\/2024\/07\/OA-labo-1536x1536.jpg 1536w, https:\/\/www.shaa.io\/wp-content\/uploads\/2024\/07\/OA-labo-1568x1568.jpg 1568w, https:\/\/www.shaa.io\/wp-content\/uploads\/2024\/07\/OA-labo.jpg 1771w\" sizes=\"auto, (max-width: 1024px) 100vw, 1024px\" \/><\/a><figcaption class=\"wp-element-caption\"><a href=\"https:\/\/www.shaa.io\/index.php\/le-laboratoire-des-doleances\/\" data-type=\"page\" data-id=\"759\">Le laboratoire des dol\u00e9ances<\/a><\/figcaption><\/figure>\n\n\n\n<figure class=\"wp-block-image size-large is-style-rounded\"><a href=\"https:\/\/www.shaa.io\/index.php\/centre-bourg-et-les-vergers-de-launay\/\"><img loading=\"lazy\" decoding=\"async\" width=\"1024\" height=\"1024\" data-id=\"489\" src=\"https:\/\/www.shaa.io\/wp-content\/uploads\/2024\/07\/NEP-bourg-1024x1024.jpg\" alt=\"\" class=\"wp-image-489\" srcset=\"https:\/\/www.shaa.io\/wp-content\/uploads\/2024\/07\/NEP-bourg-1024x1024.jpg 1024w, https:\/\/www.shaa.io\/wp-content\/uploads\/2024\/07\/NEP-bourg-300x300.jpg 300w, https:\/\/www.shaa.io\/wp-content\/uploads\/2024\/07\/NEP-bourg-150x150.jpg 150w, https:\/\/www.shaa.io\/wp-content\/uploads\/2024\/07\/NEP-bourg-768x768.jpg 768w, https:\/\/www.shaa.io\/wp-content\/uploads\/2024\/07\/NEP-bourg-1536x1536.jpg 1536w, https:\/\/www.shaa.io\/wp-content\/uploads\/2024\/07\/NEP-bourg-1568x1568.jpg 1568w, https:\/\/www.shaa.io\/wp-content\/uploads\/2024\/07\/NEP-bourg.jpg 1771w\" sizes=\"auto, (max-width: 1024px) 100vw, 1024px\" \/><\/a><figcaption class=\"wp-element-caption\"><a href=\"https:\/\/www.shaa.io\/index.php\/centre-bourg-et-les-vergers-de-launay\/\" data-type=\"page\" data-id=\"682\">Centre-bourg, Nantes<\/a><\/figcaption><\/figure>\n<\/figure>\n\n\n\n<p><\/p>\n","protected":false},"excerpt":{"rendered":"<p>The actors in their cosmopolitical network Dans l\u2019histoire perse soufi \u00ab La conf\u00e9rence des oiseaux\u00a0\u00bb, trente oiseaux (Si=trente en persan) partirent en p\u00e8lerinage \u00e0 la recherche de leur roi. Arriv\u00e9s au sommet de la montagne o\u00f9 leur qu\u00eate devrait s\u2019achever et leur roi se r\u00e9v\u00e9ler, les trente se retrouv\u00e8rent en cercle, seuls. Il n\u2019y avait&hellip; <a class=\"more-link\" href=\"https:\/\/www.shaa.io\/index.php\/simorgh\/\">Poursuivre la lecture <span class=\"screen-reader-text\">Simorgh \u0633\u06cc\u0645\u0631\u063a<\/span><\/a><\/p>\n","protected":false},"author":1,"featured_media":0,"parent":0,"menu_order":0,"comment_status":"closed","ping_status":"closed","template":"","meta":{"footnotes":""},"class_list":["post-525","page","type-page","status-publish","hentry","entry"],"_links":{"self":[{"href":"https:\/\/www.shaa.io\/index.php\/wp-json\/wp\/v2\/pages\/525","targetHints":{"allow":["GET"]}}],"collection":[{"href":"https:\/\/www.shaa.io\/index.php\/wp-json\/wp\/v2\/pages"}],"about":[{"href":"https:\/\/www.shaa.io\/index.php\/wp-json\/wp\/v2\/types\/page"}],"author":[{"embeddable":true,"href":"https:\/\/www.shaa.io\/index.php\/wp-json\/wp\/v2\/users\/1"}],"replies":[{"embeddable":true,"href":"https:\/\/www.shaa.io\/index.php\/wp-json\/wp\/v2\/comments?post=525"}],"version-history":[{"count":40,"href":"https:\/\/www.shaa.io\/index.php\/wp-json\/wp\/v2\/pages\/525\/revisions"}],"predecessor-version":[{"id":1762,"href":"https:\/\/www.shaa.io\/index.php\/wp-json\/wp\/v2\/pages\/525\/revisions\/1762"}],"wp:attachment":[{"href":"https:\/\/www.shaa.io\/index.php\/wp-json\/wp\/v2\/media?parent=525"}],"curies":[{"name":"wp","href":"https:\/\/api.w.org\/{rel}","templated":true}]}}