{"id":148,"date":"2023-01-25T16:38:56","date_gmt":"2023-01-25T15:38:56","guid":{"rendered":"http:\/\/www.shaa.io\/?page_id=148"},"modified":"2025-12-23T21:35:13","modified_gmt":"2025-12-23T20:35:13","slug":"about","status":"publish","type":"page","link":"https:\/\/www.shaa.io\/index.php\/about\/","title":{"rendered":"Atelier \u0634\u0627"},"content":{"rendered":"<div class=\"wp-block-image is-style-rounded\">\n<figure class=\"aligncenter size-full is-resized\"><img loading=\"lazy\" decoding=\"async\" width=\"512\" height=\"512\" src=\"https:\/\/www.shaa.io\/wp-content\/uploads\/2025\/01\/cropped-Logo-25-1.jpg\" alt=\"\" class=\"wp-image-1321\" style=\"width:205px;height:auto\" srcset=\"https:\/\/www.shaa.io\/wp-content\/uploads\/2025\/01\/cropped-Logo-25-1.jpg 512w, https:\/\/www.shaa.io\/wp-content\/uploads\/2025\/01\/cropped-Logo-25-1-300x300.jpg 300w, https:\/\/www.shaa.io\/wp-content\/uploads\/2025\/01\/cropped-Logo-25-1-150x150.jpg 150w, https:\/\/www.shaa.io\/wp-content\/uploads\/2025\/01\/cropped-Logo-25-1-270x270.jpg 270w, https:\/\/www.shaa.io\/wp-content\/uploads\/2025\/01\/cropped-Logo-25-1-192x192.jpg 192w, https:\/\/www.shaa.io\/wp-content\/uploads\/2025\/01\/cropped-Logo-25-1-180x180.jpg 180w, https:\/\/www.shaa.io\/wp-content\/uploads\/2025\/01\/cropped-Logo-25-1-32x32.jpg 32w\" sizes=\"auto, (max-width: 512px) 100vw, 512px\" \/><\/figure>\n<\/div>\n\n\n<div class=\"wp-block-columns alignwide is-layout-flex wp-container-core-columns-is-layout-abbe5815 wp-block-columns-is-layout-flex\" style=\"padding-top:0;padding-right:0;padding-bottom:0;padding-left:0;font-size:14px\">\n<div class=\"wp-block-column is-layout-flow wp-block-column-is-layout-flow\" style=\"flex-basis:100%\">\n<h2 class=\"wp-block-heading has-large-font-size\" style=\"font-style:normal;font-weight:400\">sha\u0101 is a Franco-Iranian studio working at the intersection of architecture urbanism, ecology and anthropology on transdisciplinary projects crossing the humanities and Earth sciences.&nbsp;<\/h2>\n\n\n\n<h2 class=\"wp-block-heading has-large-font-size\" style=\"font-style:normal;font-weight:400\">sha\u0101 explores how architecture questions and transforms the critical zone of the Earth through situated knowledge, practices and enquiries.<\/h2>\n\n\n\n<h2 class=\"wp-block-heading has-large-font-size\" style=\"font-style:normal;font-weight:400\">sha\u0101\u2019s work has been exhibited at design biennales (St Etienne 2024, Rotterdam 2023, Paris 2022), Museum (LU 2025, ZKM 2020) and published in books (<em>Terra Forma, Gaiagraphie, Comment atterrir<\/em>?), various articles and conferences.<\/h2>\n\n\n\n<h2 class=\"wp-block-heading has-large-font-size\" style=\"font-style:normal;font-weight:400\">sha\u0101 is led by two partners with multidisciplinary and multicultural profiles: researcher Alexandra Ar\u00e8nes (FR) and architect Soheil Hajmirbaba (FR\/IR).<\/h2>\n\n\n\n<h2 class=\"wp-block-heading has-large-font-size\" style=\"font-style:normal;font-weight:400\">sha\u0101 is linked to <a href=\"http:\/\/s-o-c.fr\">SOC<\/a>, the cartographic research platform to foster alternative cartographic practices as a means of understanding Earth dynamics, notably through collaborations with Bruno Latour.<\/h2>\n\n\n\n<h2 class=\"wp-block-heading has-large-font-size\">sha\u0101&rsquo;s projects focus on the actors in their cosmopolitical network (Simorgh), the sharing of skills as a means of carrying out anti-speculative projects (Homa), and relationships with soil, rocks and meteors as the foundations of any intervention on Earth (Rokh).<\/h2>\n<\/div>\n<\/div>\n\n\n\n<figure class=\"wp-block-gallery alignwide has-nested-images columns-default wp-block-gallery-1 is-layout-flex wp-block-gallery-is-layout-flex\">\n<figure class=\"wp-block-image size-full\"><img loading=\"lazy\" decoding=\"async\" width=\"2560\" height=\"2150\" data-id=\"1826\" src=\"https:\/\/www.shaa.io\/wp-content\/uploads\/2025\/12\/shaa_photo-1-scaled.jpg\" alt=\"\" class=\"wp-image-1826\" srcset=\"https:\/\/www.shaa.io\/wp-content\/uploads\/2025\/12\/shaa_photo-1-scaled.jpg 2560w, https:\/\/www.shaa.io\/wp-content\/uploads\/2025\/12\/shaa_photo-1-300x252.jpg 300w, https:\/\/www.shaa.io\/wp-content\/uploads\/2025\/12\/shaa_photo-1-1024x860.jpg 1024w, https:\/\/www.shaa.io\/wp-content\/uploads\/2025\/12\/shaa_photo-1-768x645.jpg 768w, https:\/\/www.shaa.io\/wp-content\/uploads\/2025\/12\/shaa_photo-1-1536x1290.jpg 1536w, https:\/\/www.shaa.io\/wp-content\/uploads\/2025\/12\/shaa_photo-1-2048x1720.jpg 2048w, https:\/\/www.shaa.io\/wp-content\/uploads\/2025\/12\/shaa_photo-1-1568x1317.jpg 1568w\" sizes=\"auto, (max-width: 2560px) 100vw, 2560px\" \/><figcaption class=\"wp-element-caption\">Cr\u00e9dit photo : Paul-Emile Pierre<\/figcaption><\/figure>\n\n\n\n<figure class=\"wp-block-image size-full\"><img loading=\"lazy\" decoding=\"async\" width=\"1920\" height=\"2560\" data-id=\"1588\" src=\"https:\/\/www.shaa.io\/wp-content\/uploads\/2025\/02\/IMG_8612-2-scaled.jpg\" alt=\"\" class=\"wp-image-1588\" srcset=\"https:\/\/www.shaa.io\/wp-content\/uploads\/2025\/02\/IMG_8612-2-scaled.jpg 1920w, https:\/\/www.shaa.io\/wp-content\/uploads\/2025\/02\/IMG_8612-2-225x300.jpg 225w, https:\/\/www.shaa.io\/wp-content\/uploads\/2025\/02\/IMG_8612-2-768x1024.jpg 768w, https:\/\/www.shaa.io\/wp-content\/uploads\/2025\/02\/IMG_8612-2-1152x1536.jpg 1152w, https:\/\/www.shaa.io\/wp-content\/uploads\/2025\/02\/IMG_8612-2-1536x2048.jpg 1536w, https:\/\/www.shaa.io\/wp-content\/uploads\/2025\/02\/IMG_8612-2-1568x2091.jpg 1568w\" sizes=\"auto, (max-width: 1920px) 100vw, 1920px\" \/><figcaption class=\"wp-element-caption\">Cr\u00e9dit photo : shaa<\/figcaption><\/figure>\n\n\n\n<figure class=\"wp-block-image size-full\"><img loading=\"lazy\" decoding=\"async\" width=\"2560\" height=\"1920\" data-id=\"1589\" src=\"https:\/\/www.shaa.io\/wp-content\/uploads\/2025\/02\/shaa-soc-02-scaled.jpg\" alt=\"\" class=\"wp-image-1589\" srcset=\"https:\/\/www.shaa.io\/wp-content\/uploads\/2025\/02\/shaa-soc-02-scaled.jpg 2560w, https:\/\/www.shaa.io\/wp-content\/uploads\/2025\/02\/shaa-soc-02-300x225.jpg 300w, https:\/\/www.shaa.io\/wp-content\/uploads\/2025\/02\/shaa-soc-02-1024x768.jpg 1024w, https:\/\/www.shaa.io\/wp-content\/uploads\/2025\/02\/shaa-soc-02-768x576.jpg 768w, https:\/\/www.shaa.io\/wp-content\/uploads\/2025\/02\/shaa-soc-02-1536x1152.jpg 1536w, https:\/\/www.shaa.io\/wp-content\/uploads\/2025\/02\/shaa-soc-02-2048x1536.jpg 2048w, https:\/\/www.shaa.io\/wp-content\/uploads\/2025\/02\/shaa-soc-02-1568x1176.jpg 1568w\" sizes=\"auto, (max-width: 2560px) 100vw, 2560px\" \/><figcaption class=\"wp-element-caption\">Cr\u00e9dit photo : shaa<\/figcaption><\/figure>\n<\/figure>\n\n\n\n<h2 class=\"wp-block-heading alignwide has-large-font-size\">sha\u0101 est un studio franco-iranien qui travaille \u00e0 la crois\u00e9e de l&rsquo;architecture, de l&rsquo;urbanisme, de l&rsquo;\u00e9cologie et de l&rsquo;anthropologie sur des projets transdisciplinaires croisant les sciences humaines et les sciences de la Terre.<\/h2>\n\n\n\n<h2 class=\"wp-block-heading alignwide has-large-font-size\">sha\u0101 explore la mani\u00e8re dont l&rsquo;architecture questionne et transforme la zone critique de la Terre \u00e0 travers des connaissances, des pratiques et des recherches situ\u00e9es.<\/h2>\n\n\n\n<h2 class=\"wp-block-heading alignwide has-large-font-size\">Les travaux de sha\u0101 ont \u00e9t\u00e9 expos\u00e9s lors de biennales du design (Rotterdam 2023, Saint-\u00c9tienne 2024), dans des mus\u00e9es (LU 2025, ZKM 2020) et publi\u00e9s dans des livres (T<em>erra Forma, Gaiagraphie, Comment atterrir<\/em>?), divers articles et conf\u00e9rences.<\/h2>\n\n\n\n<h2 class=\"wp-block-heading alignwide has-large-font-size\">sha\u0101 est dirig\u00e9 par deux partenaires aux profils multidisciplinaires et multiculturels : la chercheuse Alexandra Ar\u00e8nes (FR) et l&rsquo;architecte Soheil Hajmirbaba (FR\/IR).<\/h2>\n\n\n\n<h2 class=\"wp-block-heading alignwide has-large-font-size\">sha\u0101 est li\u00e9 \u00e0<a href=\"http:\/\/s-o-c.fr\"> SOC<\/a>, la plateforme de recherche cartographique qui encourage les pratiques cartographiques alternatives comme moyen de comprendre la dynamique de la Terre, notamment \u00e0 travers des collaborations avec Bruno Latour.<\/h2>\n\n\n\n<h2 class=\"wp-block-heading alignwide has-large-font-size\">Les projets de sha\u0101 (recherche-action, architecture et urbanisme) s&rsquo;articulent autour de l&rsquo;attention port\u00e9e aux acteurs d&rsquo;un r\u00e9seau cosmopolitique, le partage des comp\u00e9tences comme moyen de r\u00e9aliser des projets anti-sp\u00e9culatifs, et les relations avec le sol, les roches et les m\u00e9t\u00e9ores comme fondements de toute intervention sur Terre.<\/h2>\n\n\n\n<div class=\"wp-block-columns alignwide is-layout-flex wp-container-core-columns-is-layout-abbe5815 wp-block-columns-is-layout-flex\" style=\"padding-top:0;padding-right:0;padding-bottom:0;padding-left:0;font-size:14px\">\n<div class=\"wp-block-column is-layout-flow wp-block-column-is-layout-flow\" style=\"flex-basis:100%\">\n<p style=\"font-size:16px\"><strong>L\u2019atelier<\/strong> se situe \u00e0 Vitry-sur-Seine en Ile-de-France. Il se compose d\u2019un espace bureau et d\u2019un grand atelier de production incluant des machines de menuiserie, un espace de production d\u2019objets (\u00e9quip\u00e9s de machines de menuiserie, de mat\u00e9riel maquette) pour la fabrication de maquettes et de prototypes \u00e0 grande \u00e9chelle. Un espace convivial de cuisine de 30m<sup>2&nbsp;<\/sup>&nbsp;(+ salle d\u2019eau et sanitaires) et un espace de jardin compl\u00e8tent ces espaces de travail. Cet espace peut \u00e9galement accueillir de grands workshops ou des expositions. De nombreuses ressources sont disponibles sur ce site web dans une d\u00e9marche de sciences ouvertes. <strong>Moyens techniques<\/strong> : atelier de prototypage (machine d\u00e9coupe laser) ; 4 ordinateurs Mac ; Imprimante scanner ; r\u00e9seau WIFI haut d\u00e9bit. Logiciels : Suite Adobe ; Archicad ; Office ; Qgis.&nbsp;<\/p>\n<\/div>\n<\/div>\n\n\n\n<div class=\"wp-block-columns alignwide is-layout-flex wp-container-core-columns-is-layout-9d6595d7 wp-block-columns-is-layout-flex\">\n<div class=\"wp-block-column is-layout-flow wp-block-column-is-layout-flow\" style=\"flex-basis:100%\">\n<p style=\"font-size:16px\"><strong>Nos partenaires<\/strong> sont diverses: Nantes M\u00e9tropole Am\u00e9nagement, Grand Nancy SOLOREM, l\u2019Institut de Physique du Globe de Paris, le centre art et media ZKM, la ville de Ris Orangis, le Jardin des sciences de Strasbourg (CNRS), l\u2019Universit\u00e9 de Rennes (CNRS), des artisans, et auparavant Bruno Latour (Sciences Po).<\/p>\n\n\n\n<p class=\"has-extra-small-font-size\"><strong>Nous accueillons r\u00e9guli\u00e8rement des stages en architecture &amp; design<\/strong>. Anciens collaboratrices-collaborateurs : Audrey Pety (ENSCI), Hugues Cournarie (ENSA Clermont-Ferrand) Sol\u00e8ne Boullay et Ilona Cros (ENSA Grenoble), Jade Santgerma (ENSA Nantes), Deborah Giunta (Universit\u00e0 degli Studi di Enna Kore), Romain Chr\u00e9tien et Paul-Emile Pierre (ENSA Versailles).<\/p>\n\n\n\n<p class=\"has-extra-small-font-size\"><\/p>\n<\/div>\n<\/div>\n\n\n\n<div class=\"wp-block-columns alignwide is-layout-flex wp-container-core-columns-is-layout-9d6595d7 wp-block-columns-is-layout-flex\">\n<div class=\"wp-block-column is-layout-flow wp-block-column-is-layout-flow\" style=\"flex-basis:100%\">\n<p style=\"font-size:16px\"><strong>Ateliers de concertation et cartographies<\/strong>. Atelier sha\u0101 a d\u00e9velopp\u00e9 des m\u00e9thodes de concertation et de p\u00e9dagogie innovantes :<\/p>\n<\/div>\n<\/div>\n\n\n\n<p style=\"font-size:14px\"><strong>&#8211; les ateliers \u00ab comment atterrir ? \u00bb<\/strong> : avec la mobilisation d\u2019\u00e9lus, d\u2019habitants dit citoyens-experts, de scientifiques, d\u2019associations, de professionnels autour d\u2019un outil \u00ab boussole \u00bb d\u00e9cisionnelle visant \u00e0 faire \u00e9merger des orientations politiques, des dol\u00e9ances \u00e0 porter par le collectif, avec notamment des agriculteurs dans la r\u00e9gion limousine, ou des associations et \u00e9lus \u00e0 Ris Orangis (qui poursuit le projet avec le \u2018Laboratoire des dol\u00e9ances).&nbsp;<\/p>\n\n\n\n<p style=\"font-size:14px\"><strong>&#8211; les ateliers de cartographie<\/strong> des sols : avec la mobilisation d\u2019\u00e9tudiants, de scientifiques ou d\u2019am\u00e9nageurs atour de la carte comme \u00ab objet-fronti\u00e8re \u00bb &#8211; un objet capable de regrouper et de mettre en discussion des int\u00e9r\u00eats particuliers voire conflictuels au sein d\u2019un m\u00eame projet.<\/p>\n\n\n\n<p class=\"has-text-align-center has-small-font-size\" style=\"font-style:normal;font-weight:400\">ATELIER SHA\u0100, 38 Rue Pasteur 94400 Vitry-sur-Seine. <\/p>\n\n\n\n<p class=\"has-text-align-center has-small-font-size\" style=\"font-style:normal;font-weight:400\">Contact <a href=\"mailto:shaa@shaa.archi\">: shaa@shaa.archi<\/a>. <\/p>\n\n\n\n<p class=\"has-text-align-center has-small-font-size\" style=\"font-style:normal;font-weight:400\">Inscrit au Tableau de l\u2019Ordre des architectes de la r\u00e9gion ILE-DE-FRANCE, sous le n\u00b0 d\u2019Ordre S20847<\/p>\n\n\n<div class=\"wp-block-image is-style-rounded\">\n<figure class=\"aligncenter size-full is-resized\"><img loading=\"lazy\" decoding=\"async\" width=\"512\" height=\"512\" src=\"https:\/\/www.shaa.io\/wp-content\/uploads\/2025\/01\/cropped-Logo-25-1.jpg\" alt=\"\" class=\"wp-image-1321\" style=\"width:205px;height:auto\" srcset=\"https:\/\/www.shaa.io\/wp-content\/uploads\/2025\/01\/cropped-Logo-25-1.jpg 512w, https:\/\/www.shaa.io\/wp-content\/uploads\/2025\/01\/cropped-Logo-25-1-300x300.jpg 300w, https:\/\/www.shaa.io\/wp-content\/uploads\/2025\/01\/cropped-Logo-25-1-150x150.jpg 150w, https:\/\/www.shaa.io\/wp-content\/uploads\/2025\/01\/cropped-Logo-25-1-270x270.jpg 270w, https:\/\/www.shaa.io\/wp-content\/uploads\/2025\/01\/cropped-Logo-25-1-192x192.jpg 192w, https:\/\/www.shaa.io\/wp-content\/uploads\/2025\/01\/cropped-Logo-25-1-180x180.jpg 180w, https:\/\/www.shaa.io\/wp-content\/uploads\/2025\/01\/cropped-Logo-25-1-32x32.jpg 32w\" sizes=\"auto, (max-width: 512px) 100vw, 512px\" \/><\/figure>\n<\/div>","protected":false},"excerpt":{"rendered":"<p>sha\u0101 is a Franco-Iranian studio working at the intersection of architecture urbanism, ecology and anthropology on transdisciplinary projects crossing the humanities and Earth sciences.&nbsp; sha\u0101 explores how architecture questions and transforms the critical zone of the Earth through situated knowledge, practices and enquiries. sha\u0101\u2019s work has been exhibited at design biennales (St Etienne 2024, Rotterdam&hellip; <a class=\"more-link\" href=\"https:\/\/www.shaa.io\/index.php\/about\/\">Poursuivre la lecture <span class=\"screen-reader-text\">Atelier \u0634\u0627<\/span><\/a><\/p>\n","protected":false},"author":1,"featured_media":0,"parent":0,"menu_order":0,"comment_status":"closed","ping_status":"closed","template":"","meta":{"footnotes":""},"class_list":["post-148","page","type-page","status-publish","hentry","entry"],"_links":{"self":[{"href":"https:\/\/www.shaa.io\/index.php\/wp-json\/wp\/v2\/pages\/148","targetHints":{"allow":["GET"]}}],"collection":[{"href":"https:\/\/www.shaa.io\/index.php\/wp-json\/wp\/v2\/pages"}],"about":[{"href":"https:\/\/www.shaa.io\/index.php\/wp-json\/wp\/v2\/types\/page"}],"author":[{"embeddable":true,"href":"https:\/\/www.shaa.io\/index.php\/wp-json\/wp\/v2\/users\/1"}],"replies":[{"embeddable":true,"href":"https:\/\/www.shaa.io\/index.php\/wp-json\/wp\/v2\/comments?post=148"}],"version-history":[{"count":65,"href":"https:\/\/www.shaa.io\/index.php\/wp-json\/wp\/v2\/pages\/148\/revisions"}],"predecessor-version":[{"id":1755,"href":"https:\/\/www.shaa.io\/index.php\/wp-json\/wp\/v2\/pages\/148\/revisions\/1755"}],"wp:attachment":[{"href":"https:\/\/www.shaa.io\/index.php\/wp-json\/wp\/v2\/media?parent=148"}],"curies":[{"name":"wp","href":"https:\/\/api.w.org\/{rel}","templated":true}]}}